{"id":237370,"date":"2025-03-21T00:58:15","date_gmt":"2025-03-21T00:58:15","guid":{"rendered":"https:\/\/aromasentia.com\/product\/zen-shower-steamers-therapy-wellness-quartet-love-potion-pinky-red\/"},"modified":"2025-12-30T21:56:27","modified_gmt":"2025-12-30T21:56:27","slug":"vaporizadores-de-ducha-zen-pocion-de-amor-rojo-rosado","status":"publish","type":"product","link":"https:\/\/aromasentia.com\/es\/vaporizadores-de-ducha-zen-pocion-de-amor-rojo-rosado\/","title":{"rendered":"Vaporizadores de ducha Zen &#8211; Poci\u00f3n de Amor (rojo rosado)"},"content":{"rendered":"<p>Descubre los vaporizadores Zen de Aroma Sentia Espa\u00f1a, pensados para ofrecer una experiencia de ducha relajante y aliviar el estr\u00e9s.&nbsp;<\/p>\n<p>Estos vaporizadores son perfectos para tiendas que vendan productos naturales o de aromaterapia. \u00a1Comb\u00ednalos con otros productos y crea packs de relajaci\u00f3n!<\/p>\n<p><strong>\u00bfQu\u00e9 aceites esenciales llevan estos vaporizadores?&nbsp;<\/strong>Geranio rosa, pimienta negra, bergamota, pomelo + p\u00e9talos de rosa. &nbsp;Estas bombas tienen un aroma \u00fanico y equilibrante.&nbsp;<\/p>\n<p>Los vaporizadores poci\u00f3n de amor son un producto <strong>apto&nbsp;<\/strong>para <strong>veganos&nbsp;<\/strong>y n<strong>o est\u00e1 testado en animales.<\/strong><\/p>\n<p>Este producto se vende en conjuntos de 3 unidades y cada unidad vienen 4 vaporizadores de ducha.<\/p>\n<p>Este producto tiene estas medidas de producto 13x13x3 cm &nbsp;y un peso aproximado de <strong>50 gramos por vaporizador<\/strong>. Cada uno de los vaporizadores vienen plastificados individualmente.&nbsp;<\/p>\n<p><strong>\u00a1Incorpora en tu tienda productos de bienestar de calidad con aceites esenciales para que sus clientes se mimen en el d\u00eda de d\u00eda!<\/strong><\/p>\n","protected":false},"excerpt":{"rendered":"<p>Descubre los vaporizadores Zen de Aroma Sentia Espa\u00f1a, pensados para ofrecer una experiencia de ducha relajante y aliviar el estr\u00e9s.&nbsp; Estos vaporizadores son perfectos para tiendas que vendan productos naturales o de aromaterapia. \u00a1Comb\u00ednalos con otros productos y crea packs de relajaci\u00f3n! \u00bfQu\u00e9 aceites esenciales llevan estos vaporizadores?&nbsp;Geranio rosa, pimienta negra, bergamota, pomelo + p\u00e9talos [&hellip;]<\/p>\n","protected":false},"featured_media":302498,"comment_status":"closed","ping_status":"open","template":"","meta":{"_angie_page":false},"product_brand":[],"product_cat":[19453],"product_tag":[],"class_list":{"0":"post-237370","1":"product","2":"type-product","3":"status-publish","4":"has-post-thumbnail","6":"product_cat-bano-y-ducha","7":"pa_made-in-reino-unido","9":"first","10":"instock","11":"purchasable","12":"product-type-simple"},"supplier_id":null,"supplier_sku":"ZenSS-03","barcode":null,"atum_controlled":true,"out_stock_date":null,"out_stock_threshold":null,"inheritable":false,"inbound_stock":0,"stock_on_hold":0,"sold_today":0,"sales_last_days":0,"reserved_stock":0,"customer_returns":0,"warehouse_damage":0,"lost_in_post":0,"other_logs":0,"out_stock_days":22,"lost_sales":0,"has_location":false,"update_date":"2026-04-27T07:27:36","atum_locations":[],"atum_stock_status":"instock","restock_status":false,"low_stock_amount":"","sales_update_date":"2026-01-30T01:24:27","calc_backorders":null,"_links":{"self":[{"href":"https:\/\/aromasentia.com\/es\/wp-json\/wp\/v2\/product\/237370","targetHints":{"allow":["GET"]}}],"collection":[{"href":"https:\/\/aromasentia.com\/es\/wp-json\/wp\/v2\/product"}],"about":[{"href":"https:\/\/aromasentia.com\/es\/wp-json\/wp\/v2\/types\/product"}],"replies":[{"embeddable":true,"href":"https:\/\/aromasentia.com\/es\/wp-json\/wp\/v2\/comments?post=237370"}],"version-history":[{"count":0,"href":"https:\/\/aromasentia.com\/es\/wp-json\/wp\/v2\/product\/237370\/revisions"}],"wp:featuredmedia":[{"embeddable":true,"href":"https:\/\/aromasentia.com\/es\/wp-json\/wp\/v2\/media\/302498"}],"wp:attachment":[{"href":"https:\/\/aromasentia.com\/es\/wp-json\/wp\/v2\/media?parent=237370"}],"wp:term":[{"taxonomy":"product_brand","embeddable":true,"href":"https:\/\/aromasentia.com\/es\/wp-json\/wp\/v2\/product_brand?post=237370"},{"taxonomy":"product_cat","embeddable":true,"href":"https:\/\/aromasentia.com\/es\/wp-json\/wp\/v2\/product_cat?post=237370"},{"taxonomy":"product_tag","embeddable":true,"href":"https:\/\/aromasentia.com\/es\/wp-json\/wp\/v2\/product_tag?post=237370"}],"curies":[{"name":"wp","href":"https:\/\/api.w.org\/{rel}","templated":true}]}}