{"id":237162,"date":"2025-03-21T11:19:05","date_gmt":"2025-03-21T11:19:05","guid":{"rendered":"https:\/\/aromasentia.com\/product\/aromatherapy-soy-candle-200g-be-chilled\/"},"modified":"2025-12-30T21:55:49","modified_gmt":"2025-12-30T21:55:49","slug":"velas-para-aromaterapia-relajate","status":"publish","type":"product","link":"https:\/\/aromasentia.com\/es\/velas-para-aromaterapia-relajate\/","title":{"rendered":"Velas para Aromaterapia &#8211; Relajate"},"content":{"rendered":"<p style=\"text-align: justify;\"><strong>Hecho con aceite esencial de lavanda e hinojo 100% puro \/ 200 g de cera de soja \/ 40 h de tiempo de combusti\u00f3n<\/strong><\/p>\n<p style=\"text-align: justify;\"><\/p>\n<p style=\"text-align: justify;\">Aceites esenciales y cera de soja natural para encantar y deleitar a sus clientes. Nada m\u00e1s y nada menos &#8230; tan natural, tan puro, tan vegano \ud83d\ude42<\/p>\n<p style=\"text-align: justify;\"><\/p>\n<p style=\"text-align: justify;\">Combinaciones de aceites puros que funcionan bien juntos para estimular un pensamiento claro, relajaci\u00f3n, energ\u00eda, felicidad y mucho m\u00e1s. Lenta y delicadamente, el aroma se elevar\u00e1 mientras se quema la vela y llenar\u00e1 cualquier habitaci\u00f3n con una fragancia verdaderamente aromatoterap\u00e9utica.<\/p>\n","protected":false},"excerpt":{"rendered":"<p>Hecho con aceite esencial de lavanda e hinojo 100% puro \/ 200 g de cera de soja \/ 40 h de tiempo de combusti\u00f3n Aceites esenciales y cera de soja natural para encantar y deleitar a sus clientes. Nada m\u00e1s y nada menos &#8230; tan natural, tan puro, tan vegano \ud83d\ude42 Combinaciones de aceites puros [&hellip;]<\/p>\n","protected":false},"featured_media":303471,"comment_status":"closed","ping_status":"open","template":"","meta":{"_angie_page":false},"product_brand":[],"product_cat":[17471,19997],"product_tag":[],"class_list":{"0":"post-237162","1":"product","2":"type-product","3":"status-publish","4":"has-post-thumbnail","6":"product_cat-portavelas-y-velas","7":"product_cat-velas-de-cera-de-soja","8":"pa_collection-aromatherapy-soy-wax-candles-200g-es","9":"pa_made-in-china","10":"pa_size-200g","12":"first","13":"instock","14":"purchasable","15":"product-type-simple"},"supplier_id":null,"supplier_sku":"ASC-06","barcode":null,"atum_controlled":true,"out_stock_date":null,"out_stock_threshold":null,"inheritable":false,"inbound_stock":null,"stock_on_hold":0,"sold_today":0,"sales_last_days":0,"reserved_stock":null,"customer_returns":null,"warehouse_damage":null,"lost_in_post":null,"other_logs":null,"out_stock_days":0,"lost_sales":0,"has_location":null,"update_date":"2026-05-04T00:02:49","atum_locations":[],"atum_stock_status":"instock","restock_status":false,"low_stock_amount":"","sales_update_date":"2025-10-09T03:23:48","calc_backorders":null,"_links":{"self":[{"href":"https:\/\/aromasentia.com\/es\/wp-json\/wp\/v2\/product\/237162","targetHints":{"allow":["GET"]}}],"collection":[{"href":"https:\/\/aromasentia.com\/es\/wp-json\/wp\/v2\/product"}],"about":[{"href":"https:\/\/aromasentia.com\/es\/wp-json\/wp\/v2\/types\/product"}],"replies":[{"embeddable":true,"href":"https:\/\/aromasentia.com\/es\/wp-json\/wp\/v2\/comments?post=237162"}],"version-history":[{"count":0,"href":"https:\/\/aromasentia.com\/es\/wp-json\/wp\/v2\/product\/237162\/revisions"}],"wp:featuredmedia":[{"embeddable":true,"href":"https:\/\/aromasentia.com\/es\/wp-json\/wp\/v2\/media\/303471"}],"wp:attachment":[{"href":"https:\/\/aromasentia.com\/es\/wp-json\/wp\/v2\/media?parent=237162"}],"wp:term":[{"taxonomy":"product_brand","embeddable":true,"href":"https:\/\/aromasentia.com\/es\/wp-json\/wp\/v2\/product_brand?post=237162"},{"taxonomy":"product_cat","embeddable":true,"href":"https:\/\/aromasentia.com\/es\/wp-json\/wp\/v2\/product_cat?post=237162"},{"taxonomy":"product_tag","embeddable":true,"href":"https:\/\/aromasentia.com\/es\/wp-json\/wp\/v2\/product_tag?post=237162"}],"curies":[{"name":"wp","href":"https:\/\/api.w.org\/{rel}","templated":true}]}}