{"id":237062,"date":"2025-03-21T11:19:54","date_gmt":"2025-03-21T11:19:54","guid":{"rendered":"https:\/\/aromasentia.com\/product\/ancient-witch-purification-candles-locked-desires\/"},"modified":"2025-12-30T21:55:23","modified_gmt":"2025-12-30T21:55:23","slug":"velas-purificadoras-de-brujas-antiguas-deseos-bloqueados","status":"publish","type":"product","link":"https:\/\/aromasentia.com\/es\/velas-purificadoras-de-brujas-antiguas-deseos-bloqueados\/","title":{"rendered":"Velas Purificadoras de Brujas Antiguas &#8211; Deseos bloqueados"},"content":{"rendered":"<p><strong>Las Velas de Purificaci\u00f3n de la Bruja Antiguas de Aroma Sentia Espa\u00f1a con la tem\u00e1tica de Deseos Bloqueados Esta vela tiene un aroma de Romero.<\/strong><\/p>\n<p>Perfectas para rituales de manifestaci\u00f3n, meditaciones o para crear un ambiente propicio a la realizaci\u00f3n de sue\u00f1os y metas.<\/p>\n<p><strong>Informaci\u00f3n del producto:&nbsp;<\/strong><\/p>\n<p>Estas velas tienen una altura de 20 cm, un di\u00e1metro de 5,7cm y un tiempo de combusti\u00f3n de 50h. &nbsp;Peso de la vela: 0540g<\/p>\n<p>Las velas est\u00e1n<strong>&nbsp;empaquetadas en una sofisticada caja de cart\u00f3n<\/strong>, con un dise\u00f1o inspirado en elementos de liberaci\u00f3n y la energ\u00eda del romero.&nbsp;<\/p>\n<p>Dentro de la caja hay una tarjeta de manifestaci\u00f3n con un hechizo \u00fanico, que ayuda a canalizar intenciones e intensificar tus pr\u00e1cticas espirituales.&nbsp;<\/p>\n<p><strong>\u00a1No dejes pasar la oportunidad de ofrecer el toque m\u00e1gico que tus clientes est\u00e1n buscando!<\/strong><\/p>\n","protected":false},"excerpt":{"rendered":"<p>Las Velas de Purificaci\u00f3n de la Bruja Antiguas de Aroma Sentia Espa\u00f1a con la tem\u00e1tica de Deseos Bloqueados Esta vela tiene un aroma de Romero. Perfectas para rituales de manifestaci\u00f3n, meditaciones o para crear un ambiente propicio a la realizaci\u00f3n de sue\u00f1os y metas. Informaci\u00f3n del producto:&nbsp; Estas velas tienen una altura de 20 cm, [&hellip;]<\/p>\n","protected":false},"featured_media":304349,"comment_status":"closed","ping_status":"open","template":"","meta":{"_angie_page":false},"product_brand":[],"product_cat":[17471,19996,19997],"product_tag":[],"class_list":{"0":"post-237062","1":"product","2":"type-product","3":"status-publish","4":"has-post-thumbnail","6":"product_cat-portavelas-y-velas","7":"product_cat-velas-aromaticas","8":"product_cat-velas-de-cera-de-soja","9":"pa_collection-botanical-wooden-wick-soy-candle-es","10":"pa_made-in-china","12":"first","13":"instock","14":"purchasable","15":"product-type-simple"},"supplier_id":null,"supplier_sku":"AWtPC-05","barcode":null,"atum_controlled":true,"out_stock_date":null,"out_stock_threshold":null,"inheritable":false,"inbound_stock":null,"stock_on_hold":0,"sold_today":0,"sales_last_days":0,"reserved_stock":null,"customer_returns":null,"warehouse_damage":null,"lost_in_post":null,"other_logs":null,"out_stock_days":0,"lost_sales":0,"has_location":null,"update_date":"2026-05-04T00:02:50","atum_locations":[],"atum_stock_status":"instock","restock_status":false,"low_stock_amount":"","sales_update_date":"2025-10-09T03:24:52","calc_backorders":null,"_links":{"self":[{"href":"https:\/\/aromasentia.com\/es\/wp-json\/wp\/v2\/product\/237062","targetHints":{"allow":["GET"]}}],"collection":[{"href":"https:\/\/aromasentia.com\/es\/wp-json\/wp\/v2\/product"}],"about":[{"href":"https:\/\/aromasentia.com\/es\/wp-json\/wp\/v2\/types\/product"}],"replies":[{"embeddable":true,"href":"https:\/\/aromasentia.com\/es\/wp-json\/wp\/v2\/comments?post=237062"}],"version-history":[{"count":0,"href":"https:\/\/aromasentia.com\/es\/wp-json\/wp\/v2\/product\/237062\/revisions"}],"wp:featuredmedia":[{"embeddable":true,"href":"https:\/\/aromasentia.com\/es\/wp-json\/wp\/v2\/media\/304349"}],"wp:attachment":[{"href":"https:\/\/aromasentia.com\/es\/wp-json\/wp\/v2\/media?parent=237062"}],"wp:term":[{"taxonomy":"product_brand","embeddable":true,"href":"https:\/\/aromasentia.com\/es\/wp-json\/wp\/v2\/product_brand?post=237062"},{"taxonomy":"product_cat","embeddable":true,"href":"https:\/\/aromasentia.com\/es\/wp-json\/wp\/v2\/product_cat?post=237062"},{"taxonomy":"product_tag","embeddable":true,"href":"https:\/\/aromasentia.com\/es\/wp-json\/wp\/v2\/product_tag?post=237062"}],"curies":[{"name":"wp","href":"https:\/\/api.w.org\/{rel}","templated":true}]}}