{"id":237014,"date":"2025-03-21T11:19:54","date_gmt":"2025-03-21T11:19:54","guid":{"rendered":"https:\/\/aromasentia.com\/product\/art-tin-candle-sea-life\/"},"modified":"2025-12-30T21:55:15","modified_gmt":"2025-12-30T21:55:15","slug":"velas-artisticas-de-hojalata-vida-marina-frambuesa","status":"publish","type":"product","link":"https:\/\/aromasentia.com\/es\/velas-artisticas-de-hojalata-vida-marina-frambuesa\/","title":{"rendered":"Velas artisticas de Hojalata &#8211; Vida marina &#8211; Frambuesa"},"content":{"rendered":"<p style=\"text-align: justify;\"><strong>Nuestras velas est\u00e1n hechas con cera de soja natural y una mezcla de aceites de perfume de alta calidad.<\/strong><\/p>\n<p style=\"text-align: justify;\">Las velas de cera de soja son una excelente alternativa ecol\u00f3gica a las velas de parafina. Las velas de soya arrojan un aroma hermoso y son mejores para el planeta y tambi\u00e9n se queman un 30-50% m\u00e1s y no contienen las toxinas que tienen las velas de parafina. \u00a1Nuestras velas 100% naturales tambi\u00e9n producen un 95% menos de holl\u00edn!<\/p>\n<p style=\"text-align: justify;\">Presentado en hermosas latas impresas con tem\u00e1tica art\u00edstica con una hermosa etiqueta de encabezado.&nbsp;<\/p>\n<p style=\"text-align: justify;\">\u00a1Tambi\u00e9n puede reutilizar o reciclar todos nuestros embalajes! Estas velas se queman hasta 23 horas y vienen con sus propias instrucciones de cuidado para ayudarlo a aprovechar al m\u00e1ximo.<\/p>\n<p style=\"text-align: justify;\"><strong>Peso:<\/strong> 120g<\/p>\n","protected":false},"excerpt":{"rendered":"<p>Nuestras velas est\u00e1n hechas con cera de soja natural y una mezcla de aceites de perfume de alta calidad. Las velas de cera de soja son una excelente alternativa ecol\u00f3gica a las velas de parafina. Las velas de soya arrojan un aroma hermoso y son mejores para el planeta y tambi\u00e9n se queman un 30-50% [&hellip;]<\/p>\n","protected":false},"featured_media":303609,"comment_status":"closed","ping_status":"open","template":"","meta":[],"product_brand":[],"product_cat":[17471,19996,19997],"product_tag":[],"class_list":{"0":"post-237014","1":"product","2":"type-product","3":"status-publish","4":"has-post-thumbnail","6":"product_cat-portavelas-y-velas","7":"product_cat-velas-aromaticas","8":"product_cat-velas-de-cera-de-soja","9":"pa_collection-art-tin-candles-es","10":"pa_made-in-china","12":"first","13":"instock","14":"purchasable","15":"product-type-simple"},"supplier_id":null,"supplier_sku":"ATC-02","barcode":null,"atum_controlled":true,"out_stock_date":null,"out_stock_threshold":null,"inheritable":false,"inbound_stock":null,"stock_on_hold":0,"sold_today":0,"sales_last_days":0,"reserved_stock":null,"customer_returns":null,"warehouse_damage":null,"lost_in_post":null,"other_logs":null,"out_stock_days":0,"lost_sales":0,"has_location":null,"update_date":"2026-01-30T01:24:39","atum_locations":[],"atum_stock_status":"instock","restock_status":false,"low_stock_amount":"","sales_update_date":"2026-01-30T01:24:39","calc_backorders":null,"_links":{"self":[{"href":"https:\/\/aromasentia.com\/es\/wp-json\/wp\/v2\/product\/237014","targetHints":{"allow":["GET"]}}],"collection":[{"href":"https:\/\/aromasentia.com\/es\/wp-json\/wp\/v2\/product"}],"about":[{"href":"https:\/\/aromasentia.com\/es\/wp-json\/wp\/v2\/types\/product"}],"replies":[{"embeddable":true,"href":"https:\/\/aromasentia.com\/es\/wp-json\/wp\/v2\/comments?post=237014"}],"version-history":[{"count":0,"href":"https:\/\/aromasentia.com\/es\/wp-json\/wp\/v2\/product\/237014\/revisions"}],"wp:featuredmedia":[{"embeddable":true,"href":"https:\/\/aromasentia.com\/es\/wp-json\/wp\/v2\/media\/303609"}],"wp:attachment":[{"href":"https:\/\/aromasentia.com\/es\/wp-json\/wp\/v2\/media?parent=237014"}],"wp:term":[{"taxonomy":"product_brand","embeddable":true,"href":"https:\/\/aromasentia.com\/es\/wp-json\/wp\/v2\/product_brand?post=237014"},{"taxonomy":"product_cat","embeddable":true,"href":"https:\/\/aromasentia.com\/es\/wp-json\/wp\/v2\/product_cat?post=237014"},{"taxonomy":"product_tag","embeddable":true,"href":"https:\/\/aromasentia.com\/es\/wp-json\/wp\/v2\/product_tag?post=237014"}],"curies":[{"name":"wp","href":"https:\/\/api.w.org\/{rel}","templated":true}]}}