{"id":236962,"date":"2025-03-21T11:21:45","date_gmt":"2025-03-21T11:21:45","guid":{"rendered":"https:\/\/aromasentia.com\/product\/med-concrete-soy-candle-love-purple-fig-casis\/"},"modified":"2025-12-30T21:55:07","modified_gmt":"2025-12-30T21:55:07","slug":"olla-mediana-love-purple-fig-casis","status":"publish","type":"product","link":"https:\/\/aromasentia.com\/es\/olla-mediana-love-purple-fig-casis\/","title":{"rendered":"Olla mediana &#8211; Love &#8211; Purple Fig &#038; Casis"},"content":{"rendered":"<p>Tienen un aspecto natural que le da una sensaci\u00f3n de luz y amor. Las velas de hormig\u00f3n con mecha de madera se adaptar\u00e1n a cualquier estilo de su casa y se asegurar\u00e1 de crear un punto focal \u00fanico y de ser notado.<\/p>\n<p>Se han agregado almohadillas de fieltro en la parte inferior para evitar que rayen las superficies.<\/p>\n<p>\u00a1La mecha de madera natural crea el sonido calmante de un fuego crepitante!&nbsp;<\/p>\n<p>El dise\u00f1o de la maceta de hormig\u00f3n permite reutilizarla para integrarla en la decoraci\u00f3n una vez que se consume la vela.<\/p>\n","protected":false},"excerpt":{"rendered":"<p>Tienen un aspecto natural que le da una sensaci\u00f3n de luz y amor. Las velas de hormig\u00f3n con mecha de madera se adaptar\u00e1n a cualquier estilo de su casa y se asegurar\u00e1 de crear un punto focal \u00fanico y de ser notado. Se han agregado almohadillas de fieltro en la parte inferior para evitar que [&hellip;]<\/p>\n","protected":false},"featured_media":305601,"comment_status":"closed","ping_status":"open","template":"","meta":{"_angie_page":false},"product_brand":[],"product_cat":[17471,19996,19997],"product_tag":[],"class_list":{"0":"post-236962","1":"product","2":"type-product","3":"status-publish","4":"has-post-thumbnail","6":"product_cat-portavelas-y-velas","7":"product_cat-velas-aromaticas","8":"product_cat-velas-de-cera-de-soja","9":"pa_collection-concrete-wooden-wick-candles-es","10":"pa_made-in-china","12":"first","13":"instock","14":"purchasable","15":"product-type-simple"},"supplier_id":null,"supplier_sku":"CWC-05","barcode":null,"atum_controlled":true,"out_stock_date":null,"out_stock_threshold":null,"inheritable":false,"inbound_stock":null,"stock_on_hold":0,"sold_today":0,"sales_last_days":0,"reserved_stock":null,"customer_returns":null,"warehouse_damage":null,"lost_in_post":null,"other_logs":null,"out_stock_days":0,"lost_sales":0,"has_location":null,"update_date":"2026-05-04T00:02:51","atum_locations":[],"atum_stock_status":"instock","restock_status":false,"low_stock_amount":"","sales_update_date":"2026-01-30T01:24:49","calc_backorders":null,"_links":{"self":[{"href":"https:\/\/aromasentia.com\/es\/wp-json\/wp\/v2\/product\/236962","targetHints":{"allow":["GET"]}}],"collection":[{"href":"https:\/\/aromasentia.com\/es\/wp-json\/wp\/v2\/product"}],"about":[{"href":"https:\/\/aromasentia.com\/es\/wp-json\/wp\/v2\/types\/product"}],"replies":[{"embeddable":true,"href":"https:\/\/aromasentia.com\/es\/wp-json\/wp\/v2\/comments?post=236962"}],"version-history":[{"count":0,"href":"https:\/\/aromasentia.com\/es\/wp-json\/wp\/v2\/product\/236962\/revisions"}],"wp:featuredmedia":[{"embeddable":true,"href":"https:\/\/aromasentia.com\/es\/wp-json\/wp\/v2\/media\/305601"}],"wp:attachment":[{"href":"https:\/\/aromasentia.com\/es\/wp-json\/wp\/v2\/media?parent=236962"}],"wp:term":[{"taxonomy":"product_brand","embeddable":true,"href":"https:\/\/aromasentia.com\/es\/wp-json\/wp\/v2\/product_brand?post=236962"},{"taxonomy":"product_cat","embeddable":true,"href":"https:\/\/aromasentia.com\/es\/wp-json\/wp\/v2\/product_cat?post=236962"},{"taxonomy":"product_tag","embeddable":true,"href":"https:\/\/aromasentia.com\/es\/wp-json\/wp\/v2\/product_tag?post=236962"}],"curies":[{"name":"wp","href":"https:\/\/api.w.org\/{rel}","templated":true}]}}