{"id":236738,"date":"2025-03-21T11:25:58","date_gmt":"2025-03-21T11:25:58","guid":{"rendered":"https:\/\/aromasentia.com\/product\/hop-hare-crystal-magic-flower-candle-the-king-of-swords\/"},"modified":"2025-12-30T21:54:17","modified_gmt":"2025-12-30T21:54:17","slug":"vela-magica-con-flores-y-gemas-hop-hare-el-caballero-de-espadas","status":"publish","type":"product","link":"https:\/\/aromasentia.com\/es\/vela-magica-con-flores-y-gemas-hop-hare-el-caballero-de-espadas\/","title":{"rendered":"Vela M\u00e1gica con Flores y Gemas Hop Hare &#8211; El Caballero de Espadas"},"content":{"rendered":"<p><strong>EL CABALLERO DE ESPADAS<\/strong><\/p>\n<p>\u00e9rase una vez, en un reino lejano, un poderoso Caballero de Espadas que no quer\u00eda nada m\u00e1s que tener las mejores espadas del mundo y ganar todas las batallas. Hab\u00eda o\u00eddo hablar de una criatura legendaria, conocida como Hop Hare, de quien se dec\u00eda que pose\u00eda aromas m\u00e1gicos que pod\u00edan dotar a las armas de un poder incre\u00edble. Decidido a conseguir la ayuda de Hop Hare, el Caballero de Espadas lo convoc\u00f3 a su castillo.&nbsp;<\/p>\n<p>Hop Hare, una criatura sabia y m\u00e1gica, apareci\u00f3 ante el caballero, listo para ayudar. Sin embargo, Hop Hare ten\u00eda planes diferentes a los que el caballero esperaba. Tan pronto como lleg\u00f3 Hop Hare, pas\u00f3 tiempo con el caballero y le mostr\u00f3 la belleza de su reino y la alegr\u00eda que tra\u00eda a la gente. Llev\u00f3 al caballero a un viaje a trav\u00e9s de bosques, pastos y arroyos encantados, donde se encontraron con todo tipo de criaturas m\u00e1gicas.<\/p>\n<p>Durante su viaje, Hop Hare le ense\u00f1\u00f3 al caballero que la felicidad y la difusi\u00f3n del amor y la alegr\u00eda eran mucho m\u00e1s importantes que cualquier guerra. El caballero qued\u00f3 hipnotizado por la belleza natural y la tranquilidad que los rodeaba y comenz\u00f3 a ver el mundo a trav\u00e9s de los ojos de Hop Hare. Finalmente, regresaron al castillo y Hop Hare se puso a trabajar. Mezcl\u00f3 aromas m\u00e1gicos de madera de cedro y pachul\u00ed para crear un aroma \u00fanico que era a la vez calmante y energizante.&nbsp;<\/p>\n<p>El caballero qued\u00f3 asombrado por el olor y se dio cuenta de que Hop Hare le hab\u00eda dado algo mucho m\u00e1s valioso que una espada. Los caballeros esparcieron el aroma m\u00e1gico por todo su reino y trajo paz y alegr\u00eda a todos los que lo inhalaban. El olor era tan potente que incluso sus enemigos se vieron afectados por sus poderes calmantes y las guerras dejaron de existir en la tierra. El caballero hab\u00eda aprendido que a veces el arma m\u00e1s poderosa no era una espada, sino el amor, la bondad y la comprensi\u00f3n. Agradeci\u00f3 a Hop Hare por mostrarle el verdadero camino y prometi\u00f3 usar el aroma m\u00e1gico para crear un mundo mejor para todos.<\/p>\n<p>&nbsp;A partir de ese d\u00eda, Hop Hare se convirti\u00f3 en el consejero y amigo de confianza del caballero, y el reino prosper\u00f3 bajo su sabia gu\u00eda. El aroma de la madera de cedro y el pachul\u00ed se convirti\u00f3 en un s\u00edmbolo de esperanza y paz en toda la tierra, y la leyenda de Hop Hare y sus aromas m\u00e1gicos perdur\u00f3 durante generaciones.<\/p>\n","protected":false},"excerpt":{"rendered":"<p>EL CABALLERO DE ESPADAS \u00e9rase una vez, en un reino lejano, un poderoso Caballero de Espadas que no quer\u00eda nada m\u00e1s que tener las mejores espadas del mundo y ganar todas las batallas. Hab\u00eda o\u00eddo hablar de una criatura legendaria, conocida como Hop Hare, de quien se dec\u00eda que pose\u00eda aromas m\u00e1gicos que pod\u00edan dotar [&hellip;]<\/p>\n","protected":false},"featured_media":307325,"comment_status":"closed","ping_status":"open","template":"","meta":{"_angie_page":false},"product_brand":[27117],"product_cat":[17471,20269],"product_tag":[],"class_list":{"0":"post-236738","1":"product","2":"type-product","3":"status-publish","4":"has-post-thumbnail","6":"product_brand-hop-hare","7":"product_cat-portavelas-y-velas","8":"product_cat-velas-perfumadas-con-gemas","9":"pa_collection-crystal-floral-candles-hop-hare-es","10":"pa_made-in-china","12":"first","13":"instock","14":"purchasable","15":"product-type-simple"},"supplier_id":null,"supplier_sku":"HHC-07","barcode":null,"atum_controlled":true,"out_stock_date":null,"out_stock_threshold":null,"inheritable":false,"inbound_stock":null,"stock_on_hold":0,"sold_today":0,"sales_last_days":0,"reserved_stock":null,"customer_returns":null,"warehouse_damage":null,"lost_in_post":null,"other_logs":null,"out_stock_days":0,"lost_sales":0,"has_location":null,"update_date":"2026-04-27T07:07:11","atum_locations":[],"atum_stock_status":"instock","restock_status":false,"low_stock_amount":"","sales_update_date":"2025-09-05T00:21:44","calc_backorders":null,"_links":{"self":[{"href":"https:\/\/aromasentia.com\/es\/wp-json\/wp\/v2\/product\/236738","targetHints":{"allow":["GET"]}}],"collection":[{"href":"https:\/\/aromasentia.com\/es\/wp-json\/wp\/v2\/product"}],"about":[{"href":"https:\/\/aromasentia.com\/es\/wp-json\/wp\/v2\/types\/product"}],"replies":[{"embeddable":true,"href":"https:\/\/aromasentia.com\/es\/wp-json\/wp\/v2\/comments?post=236738"}],"version-history":[{"count":0,"href":"https:\/\/aromasentia.com\/es\/wp-json\/wp\/v2\/product\/236738\/revisions"}],"wp:featuredmedia":[{"embeddable":true,"href":"https:\/\/aromasentia.com\/es\/wp-json\/wp\/v2\/media\/307325"}],"wp:attachment":[{"href":"https:\/\/aromasentia.com\/es\/wp-json\/wp\/v2\/media?parent=236738"}],"wp:term":[{"taxonomy":"product_brand","embeddable":true,"href":"https:\/\/aromasentia.com\/es\/wp-json\/wp\/v2\/product_brand?post=236738"},{"taxonomy":"product_cat","embeddable":true,"href":"https:\/\/aromasentia.com\/es\/wp-json\/wp\/v2\/product_cat?post=236738"},{"taxonomy":"product_tag","embeddable":true,"href":"https:\/\/aromasentia.com\/es\/wp-json\/wp\/v2\/product_tag?post=236738"}],"curies":[{"name":"wp","href":"https:\/\/api.w.org\/{rel}","templated":true}]}}