{"id":236730,"date":"2025-03-21T11:25:58","date_gmt":"2025-03-21T11:25:58","guid":{"rendered":"https:\/\/aromasentia.com\/product\/hop-hare-crystal-magic-flower-candle-the-sun\/"},"modified":"2025-12-30T21:54:17","modified_gmt":"2025-12-30T21:54:17","slug":"vela-magica-con-flores-y-gemas-hop-hare-el-sol","status":"publish","type":"product","link":"https:\/\/aromasentia.com\/es\/vela-magica-con-flores-y-gemas-hop-hare-el-sol\/","title":{"rendered":"Vela M\u00e1gica con Flores y Gemas Hop Hare &#8211; El Sol"},"content":{"rendered":"<p><strong>EL SOL <\/strong><\/p>\n<p>\u00e9rase una vez, en una tierra muy lejana, el mundo era un caos.&nbsp;<\/p>\n<p>Las estaciones se confund\u00edan, las cosechas se echaban a perder y los animales estaban confusos. El Sol, que siempre hab\u00eda sido el encargado de poner orden y equilibrio en el mundo, sab\u00eda que hab\u00eda que hacer algo.<\/p>\n<p>As\u00ed que, con un rayo de sol y el aroma de la hierba lim\u00f3n, el sol invoc\u00f3 a la liebre para que ayudara a restablecer el equilibrio en el mundo. La Liebre Saltarina era una criatura m\u00e1gica conocida por su velocidad, agilidad y capacidad para llevar alegr\u00eda y felicidad all\u00e1 donde iba. Con un salto y un brinco, la liebre brincaba por la tierra, dejando un rastro de pomelos a su paso.&nbsp;<\/p>\n<p>El aroma del pomelo mezclado con la hierba lim\u00f3n y el calor de los rayos del sol creaban un aroma m\u00e1gico que llenaba el aire y aportaba una sensaci\u00f3n de paz y calma a todo el que lo ol\u00eda. A medida que la liebre brincaba, reun\u00eda criaturas de todas las formas y tama\u00f1os para ayudar en la misi\u00f3n de devolver el equilibrio al mundo. Hab\u00eda p\u00e1jaros y abejas, ardillas y conejos, y algunas hadas traviesas que se unieron a la b\u00fasqueda.&nbsp;<\/p>\n<p>Juntos, viajaron a los cuatro rincones del mundo, utilizando aromas m\u00e1gicos para poner orden y equilibrio en cada estaci\u00f3n. En primavera, plantaban nuevas semillas y ayudaban a las flores a florecer. En verano, tra\u00edan la lluvia a las tierras resecas y refrescaban el calor con suaves brisas. En oto\u00f1o, recog\u00edan la cosecha y se preparaban para el largo invierno. Y en invierno, llevaban calor y luz a quienes m\u00e1s lo necesitaban.<\/p>\n<p>A medida que la liebre y sus amigos viajaban, dejaban un rastro de aroma m\u00e1gico por todo el mundo tan potente que incluso las criaturas m\u00e1s obstinadas se transformaban, volvi\u00e9ndose m\u00e1s amables, m\u00e1s cari\u00f1osas y m\u00e1s en sinton\u00eda con el mundo que las rodeaba. Y as\u00ed, la Liebre saltarina y sus compa\u00f1eras continuaron su viaje, esparciendo la magia con cada salto. Devolvieron el equilibrio al mundo, creando una armon\u00eda que no se hab\u00eda visto en mucho tiempo. Y al final, el Sol les sonri\u00f3, complacido por el trabajo que hab\u00edan realizado para traer paz y alegr\u00eda al mundo.<\/p>\n","protected":false},"excerpt":{"rendered":"<p>EL SOL \u00e9rase una vez, en una tierra muy lejana, el mundo era un caos.&nbsp; Las estaciones se confund\u00edan, las cosechas se echaban a perder y los animales estaban confusos. El Sol, que siempre hab\u00eda sido el encargado de poner orden y equilibrio en el mundo, sab\u00eda que hab\u00eda que hacer algo. As\u00ed que, con [&hellip;]<\/p>\n","protected":false},"featured_media":307219,"comment_status":"closed","ping_status":"open","template":"","meta":{"_angie_page":false},"product_brand":[27117],"product_cat":[17471,20269],"product_tag":[],"class_list":{"0":"post-236730","1":"product","2":"type-product","3":"status-publish","4":"has-post-thumbnail","6":"product_brand-hop-hare","7":"product_cat-portavelas-y-velas","8":"product_cat-velas-perfumadas-con-gemas","9":"pa_collection-crystal-floral-candles-hop-hare-es","10":"pa_made-in-china","12":"first","13":"instock","14":"purchasable","15":"product-type-simple"},"supplier_id":null,"supplier_sku":"HHC-05","barcode":null,"atum_controlled":true,"out_stock_date":null,"out_stock_threshold":null,"inheritable":false,"inbound_stock":null,"stock_on_hold":0,"sold_today":0,"sales_last_days":0,"reserved_stock":null,"customer_returns":null,"warehouse_damage":null,"lost_in_post":null,"other_logs":null,"out_stock_days":0,"lost_sales":0,"has_location":null,"update_date":"2026-04-27T07:07:11","atum_locations":[],"atum_stock_status":"instock","restock_status":false,"low_stock_amount":"","sales_update_date":"2025-09-05T00:21:44","calc_backorders":null,"_links":{"self":[{"href":"https:\/\/aromasentia.com\/es\/wp-json\/wp\/v2\/product\/236730","targetHints":{"allow":["GET"]}}],"collection":[{"href":"https:\/\/aromasentia.com\/es\/wp-json\/wp\/v2\/product"}],"about":[{"href":"https:\/\/aromasentia.com\/es\/wp-json\/wp\/v2\/types\/product"}],"replies":[{"embeddable":true,"href":"https:\/\/aromasentia.com\/es\/wp-json\/wp\/v2\/comments?post=236730"}],"version-history":[{"count":0,"href":"https:\/\/aromasentia.com\/es\/wp-json\/wp\/v2\/product\/236730\/revisions"}],"wp:featuredmedia":[{"embeddable":true,"href":"https:\/\/aromasentia.com\/es\/wp-json\/wp\/v2\/media\/307219"}],"wp:attachment":[{"href":"https:\/\/aromasentia.com\/es\/wp-json\/wp\/v2\/media?parent=236730"}],"wp:term":[{"taxonomy":"product_brand","embeddable":true,"href":"https:\/\/aromasentia.com\/es\/wp-json\/wp\/v2\/product_brand?post=236730"},{"taxonomy":"product_cat","embeddable":true,"href":"https:\/\/aromasentia.com\/es\/wp-json\/wp\/v2\/product_cat?post=236730"},{"taxonomy":"product_tag","embeddable":true,"href":"https:\/\/aromasentia.com\/es\/wp-json\/wp\/v2\/product_tag?post=236730"}],"curies":[{"name":"wp","href":"https:\/\/api.w.org\/{rel}","templated":true}]}}