{"id":236722,"date":"2025-03-21T11:25:58","date_gmt":"2025-03-21T11:25:58","guid":{"rendered":"https:\/\/aromasentia.com\/product\/hop-hare-crystal-magic-flower-candle-the-moon\/"},"modified":"2025-12-30T21:54:17","modified_gmt":"2025-12-30T21:54:17","slug":"vela-magica-con-flores-y-gemas-hop-hare-la-luna","status":"publish","type":"product","link":"https:\/\/aromasentia.com\/es\/vela-magica-con-flores-y-gemas-hop-hare-la-luna\/","title":{"rendered":"Vela M\u00e1gica con Flores y Gemas Hop Hare- La Luna"},"content":{"rendered":"<p><strong>LA LUNA&nbsp;<\/strong><\/p>\n<p>\u00e9rase una vez, en un bosque m\u00e1gico, un conejo valiente y astuto llamado Hop Hare. Hop Hare era conocido en todo el bosque por sus nuevos poderes m\u00e1gicos, que hab\u00eda adquirido recientemente tras un largo y peligroso viaje.&nbsp;<\/p>\n<p>Una noche, mientras Hop Hare saltaba por el bosque, oy\u00f3 un d\u00e9bil aullido a lo lejos. Curioso, sigui\u00f3 el sonido hasta que lleg\u00f3 a un claro donde vio a un grupo de lobos acurrucados, con aspecto preocupado y triste. Hop Hare se acerc\u00f3 a ellos con cautela y les pregunt\u00f3: &quot;\u00bfQu\u00e9 pasa, amigos m\u00edos? \u00bfPor qu\u00e9 est\u00e1is todos tan tristes?&quot; El Lobo Alfa se adelant\u00f3 y dijo: &quot;Hop Hare, necesitamos tu ayuda. He ca\u00eddo enfermo y no puedo aullar a la luna llena. Seg\u00fan nuestra leyenda, si el Lobo Alfa no a\u00falla a la luna llena, la manada perder\u00e1 su poder y la luna desaparecer\u00e1. desaparecer\u00e1.&quot;<\/p>\n<p>Hop Hare se qued\u00f3 at\u00f3nito. Ya hab\u00eda o\u00eddo hablar de la leyenda y sab\u00eda lo importante que era mantener el equilibrio del mundo. &quot;Te ayudar\u00e9&quot;, dijo. &quot;Pero, \u00bfc\u00f3mo puedo ayudaros a recuperar vuestro aullido?&quot;. Los lobos explicaron que necesitaban una mezcla especial de lavanda y romero encantado para restaurar el aullido del Lobo Alfa. Hab\u00edan intentado hacer la mezcla ellos mismos, pero no consegu\u00edan hacerla bien. Hop Hare sab\u00eda qu\u00e9 hacer. Pidi\u00f3 a los lobos que reunieran los ingredientes y se puso manos a la obra, mezcl\u00e1ndolos con su magia especial. Mientras trabajaba, Hop Hare recit\u00f3 un hechizo y la mezcla empez\u00f3 a brillar con una luz azul.&nbsp;<\/p>\n<p>Los lobos observaron asombrados c\u00f3mo Hop Hare vert\u00eda la mezcla en la boca del Lobo Alfa. De repente, el Lobo Alfa empez\u00f3 a aullar, y su aullido fue m\u00e1s fuerte y potente que nunca. La luna se alz\u00f3 en el cielo y los lobos aullaron al un\u00edsono, enviando sus aullidos hasta la luna. La luna respondi\u00f3 con un suave resplandor y el mundo volvi\u00f3 a estar en equilibrio.&nbsp;<\/p>\n<p>Los lobos estaban encantados y agradecieron a Hop Hare su ayuda. &quot;Eres un verdadero amigo de la manada de lobos&quot;, dijo el Lobo Alfa. &quot;Siempre recordaremos lo que has hecho por nosotros&quot;. Y as\u00ed, Hop Hare y los Lobos Lunares se hicieron buenos amigos, y a menudo se encontraban en el bosque y compart\u00edan historias de sus aventuras.&nbsp;<\/p>\n<p>La luna segu\u00eda brillando con fuerza y el mundo permanec\u00eda en equilibrio. Y siempre que los lobos aullaban a la luna llena, recordaban al conejo m\u00e1gico que les hab\u00eda ayudado a recuperar su poder.<\/p>\n","protected":false},"excerpt":{"rendered":"<p>LA LUNA&nbsp; \u00e9rase una vez, en un bosque m\u00e1gico, un conejo valiente y astuto llamado Hop Hare. Hop Hare era conocido en todo el bosque por sus nuevos poderes m\u00e1gicos, que hab\u00eda adquirido recientemente tras un largo y peligroso viaje.&nbsp; Una noche, mientras Hop Hare saltaba por el bosque, oy\u00f3 un d\u00e9bil aullido a lo [&hellip;]<\/p>\n","protected":false},"featured_media":307097,"comment_status":"closed","ping_status":"open","template":"","meta":{"_angie_page":false},"product_brand":[27117],"product_cat":[17471,20269],"product_tag":[],"class_list":{"0":"post-236722","1":"product","2":"type-product","3":"status-publish","4":"has-post-thumbnail","6":"product_brand-hop-hare","7":"product_cat-portavelas-y-velas","8":"product_cat-velas-perfumadas-con-gemas","9":"pa_collection-crystal-floral-candles-hop-hare-es","10":"pa_made-in-china","12":"first","13":"instock","14":"purchasable","15":"product-type-simple"},"supplier_id":null,"supplier_sku":"HHC-03","barcode":null,"atum_controlled":true,"out_stock_date":null,"out_stock_threshold":null,"inheritable":false,"inbound_stock":null,"stock_on_hold":0,"sold_today":0,"sales_last_days":0,"reserved_stock":null,"customer_returns":null,"warehouse_damage":null,"lost_in_post":null,"other_logs":null,"out_stock_days":0,"lost_sales":0,"has_location":null,"update_date":"2026-04-27T07:07:11","atum_locations":[],"atum_stock_status":"instock","restock_status":false,"low_stock_amount":"","sales_update_date":"2025-09-05T00:21:43","calc_backorders":null,"_links":{"self":[{"href":"https:\/\/aromasentia.com\/es\/wp-json\/wp\/v2\/product\/236722","targetHints":{"allow":["GET"]}}],"collection":[{"href":"https:\/\/aromasentia.com\/es\/wp-json\/wp\/v2\/product"}],"about":[{"href":"https:\/\/aromasentia.com\/es\/wp-json\/wp\/v2\/types\/product"}],"replies":[{"embeddable":true,"href":"https:\/\/aromasentia.com\/es\/wp-json\/wp\/v2\/comments?post=236722"}],"version-history":[{"count":0,"href":"https:\/\/aromasentia.com\/es\/wp-json\/wp\/v2\/product\/236722\/revisions"}],"wp:featuredmedia":[{"embeddable":true,"href":"https:\/\/aromasentia.com\/es\/wp-json\/wp\/v2\/media\/307097"}],"wp:attachment":[{"href":"https:\/\/aromasentia.com\/es\/wp-json\/wp\/v2\/media?parent=236722"}],"wp:term":[{"taxonomy":"product_brand","embeddable":true,"href":"https:\/\/aromasentia.com\/es\/wp-json\/wp\/v2\/product_brand?post=236722"},{"taxonomy":"product_cat","embeddable":true,"href":"https:\/\/aromasentia.com\/es\/wp-json\/wp\/v2\/product_cat?post=236722"},{"taxonomy":"product_tag","embeddable":true,"href":"https:\/\/aromasentia.com\/es\/wp-json\/wp\/v2\/product_tag?post=236722"}],"curies":[{"name":"wp","href":"https:\/\/api.w.org\/{rel}","templated":true}]}}