{"id":236714,"date":"2025-03-21T11:25:58","date_gmt":"2025-03-21T11:25:58","guid":{"rendered":"https:\/\/aromasentia.com\/product\/hop-hare-crystal-magic-flower-candle-the-lovers\/"},"modified":"2025-12-30T21:54:17","modified_gmt":"2025-12-30T21:54:17","slug":"vela-magica-con-flores-y-gemas-hop-hare-los-amantes","status":"publish","type":"product","link":"https:\/\/aromasentia.com\/es\/vela-magica-con-flores-y-gemas-hop-hare-los-amantes\/","title":{"rendered":"Vela M\u00e1gica con Flores y Gemas Hop Hare &#8211; Los Amantes"},"content":{"rendered":"<p><strong>LOS AMANTES&nbsp;<\/strong><\/p>\n<p>\u00e9rase una vez, en una tierra lejana, una criatura m\u00e1gica llamada Hop Hare. Lo que diferencia a Hop Hare de otras liebres es que posee poderes especiales. Pod\u00eda crear aromas poderosos que pod\u00edan evocar fuertes emociones en cualquiera que los oliera. Un d\u00eda, Hop Hare fue convocado por los \u00e1ngeles del Amor, que necesitaban desesperadamente su ayuda.<\/p>\n<p>Los \u00e1ngeles explicaron que un gran mal hab\u00eda surgido en el mundo y que necesitaban el m\u00e1gico aroma del amor de Hop Hare para proteger a todos los amantes de sus garras malignas. Hop Hare sab\u00eda que \u00e9sta era una tarea que no pod\u00eda rechazar, por lo que emprendi\u00f3 su viaje para crear el aroma m\u00e1gico. Viaj\u00f3 por todas partes en busca de los ingredientes perfectos para crear la poci\u00f3n.<\/p>\n<p>Finalmente, encontr\u00f3 las rosas rojas m\u00e1s hermosas y las plantas sagradas de Clary Sage en un prado escondido. Arranc\u00f3 los p\u00e9talos de las rosas rojas y los mezcl\u00f3 cuidadosamente con el sagrado Clary Sage. Mientras mezclaba los ingredientes, cantaba encantamientos m\u00e1gicos para imbuir el aroma con el poder del amor. Cuando termin\u00f3, levant\u00f3 el frasco de poci\u00f3n de amor y se maravill\u00f3 de su belleza. Llegaron los \u00e1ngeles del Amor y Hop Hare les entreg\u00f3 el frasco. Lo colocaron en las puntas de sus flechas y juntos partieron por el mundo para difundir el aroma del amor.<\/p>\n<p>Mientras viajaban por el mundo, disparaban sus flechas al aire y el aroma del amor flotaba y se extend\u00eda por todos los rincones de la tierra. Las personas que quedaron atrapadas en el camino del olor se sintieron invadidas por sentimientos de amor y bondad hacia los dem\u00e1s. Se abrazaron, besaron y se tomaron de la mano, y por todas partes hab\u00eda una atm\u00f3sfera de paz y alegr\u00eda.&nbsp;<\/p>\n<p>El mal que hab\u00eda amenazado a los amantes fue desterrado por el poder del aroma m\u00e1gico, y el mundo fue un lugar mejor para ello. Los \u00e1ngeles del Amor agradecieron a Hop Hare por su ayuda y prometieron volver a llamarlo si alguna vez lo necesitaban. A partir de ese d\u00eda, Hop Hare se hizo conocido como el protector del amor, y personas de todo el mundo buscaban su ayuda cuando la necesitaban. Y as\u00ed, el mundo se llen\u00f3 de amor y magia, y todos vivieron felices para siempre.<\/p>\n","protected":false},"excerpt":{"rendered":"<p>LOS AMANTES&nbsp; \u00e9rase una vez, en una tierra lejana, una criatura m\u00e1gica llamada Hop Hare. Lo que diferencia a Hop Hare de otras liebres es que posee poderes especiales. Pod\u00eda crear aromas poderosos que pod\u00edan evocar fuertes emociones en cualquiera que los oliera. Un d\u00eda, Hop Hare fue convocado por los \u00e1ngeles del Amor, que [&hellip;]<\/p>\n","protected":false},"featured_media":306967,"comment_status":"closed","ping_status":"open","template":"","meta":[],"product_brand":[27117],"product_cat":[17471,20269],"product_tag":[],"class_list":{"0":"post-236714","1":"product","2":"type-product","3":"status-publish","4":"has-post-thumbnail","6":"product_brand-hop-hare","7":"product_cat-portavelas-y-velas","8":"product_cat-velas-perfumadas-con-gemas","9":"pa_collection-crystal-floral-candles-hop-hare-es","10":"pa_made-in-china","12":"first","13":"outofstock","14":"purchasable","15":"product-type-simple"},"supplier_id":null,"supplier_sku":"HHC-01","barcode":null,"atum_controlled":true,"out_stock_date":"2026-01-09 14:23:29","out_stock_threshold":null,"inheritable":false,"inbound_stock":null,"stock_on_hold":0,"sold_today":0,"sales_last_days":0,"reserved_stock":null,"customer_returns":null,"warehouse_damage":null,"lost_in_post":null,"other_logs":null,"out_stock_days":20,"lost_sales":0,"has_location":null,"update_date":"2026-01-30T01:24:32","atum_locations":[],"atum_stock_status":"outofstock","restock_status":false,"low_stock_amount":"","sales_update_date":"2026-01-30T01:24:32","calc_backorders":null,"_links":{"self":[{"href":"https:\/\/aromasentia.com\/es\/wp-json\/wp\/v2\/product\/236714","targetHints":{"allow":["GET"]}}],"collection":[{"href":"https:\/\/aromasentia.com\/es\/wp-json\/wp\/v2\/product"}],"about":[{"href":"https:\/\/aromasentia.com\/es\/wp-json\/wp\/v2\/types\/product"}],"replies":[{"embeddable":true,"href":"https:\/\/aromasentia.com\/es\/wp-json\/wp\/v2\/comments?post=236714"}],"version-history":[{"count":0,"href":"https:\/\/aromasentia.com\/es\/wp-json\/wp\/v2\/product\/236714\/revisions"}],"wp:featuredmedia":[{"embeddable":true,"href":"https:\/\/aromasentia.com\/es\/wp-json\/wp\/v2\/media\/306967"}],"wp:attachment":[{"href":"https:\/\/aromasentia.com\/es\/wp-json\/wp\/v2\/media?parent=236714"}],"wp:term":[{"taxonomy":"product_brand","embeddable":true,"href":"https:\/\/aromasentia.com\/es\/wp-json\/wp\/v2\/product_brand?post=236714"},{"taxonomy":"product_cat","embeddable":true,"href":"https:\/\/aromasentia.com\/es\/wp-json\/wp\/v2\/product_cat?post=236714"},{"taxonomy":"product_tag","embeddable":true,"href":"https:\/\/aromasentia.com\/es\/wp-json\/wp\/v2\/product_tag?post=236714"}],"curies":[{"name":"wp","href":"https:\/\/api.w.org\/{rel}","templated":true}]}}