{"id":236658,"date":"2025-03-21T11:28:36","date_gmt":"2025-03-21T11:28:36","guid":{"rendered":"https:\/\/aromasentia.com\/product\/magic-spell-candle-love\/"},"modified":"2025-12-30T21:54:01","modified_gmt":"2025-12-30T21:54:01","slug":"vela-hechizo-magico-amor","status":"publish","type":"product","link":"https:\/\/aromasentia.com\/es\/vela-hechizo-magico-amor\/","title":{"rendered":"Vela Hechizo M\u00e1gico &#8211; Amor"},"content":{"rendered":"<p>Esta vela es de <strong><span style=\"color: rgb(147, 101, 184);\">cera de soja<\/span><\/strong> y lleva <span style=\"color: rgb(147, 101, 184);\"><strong>piedras de cuarzo rosa<\/strong><\/span> y una <strong><span style=\"color: rgb(147, 101, 184);\">fragancia de jazm\u00edn<\/span><\/strong>.&nbsp;<\/p>\n<p>El cuarzo rosa se asocia al amor incondicional, se tiene la creencia que atrae el amor rom\u00e1ntico y sube la autoestima. Por otro lado, el jazm\u00edn se asocia al cari\u00f1o.&nbsp;<\/p>\n<p>Tiempo de combusti\u00f3n 50 horas.<\/p>\n<p>Peso: 280 gramos.<\/p>\n<p>Solo venta al por mayor.&nbsp;<\/p>\n","protected":false},"excerpt":{"rendered":"<p>Esta vela es de cera de soja y lleva piedras de cuarzo rosa y una fragancia de jazm\u00edn.&nbsp; El cuarzo rosa se asocia al amor incondicional, se tiene la creencia que atrae el amor rom\u00e1ntico y sube la autoestima. Por otro lado, el jazm\u00edn se asocia al cari\u00f1o.&nbsp; Tiempo de combusti\u00f3n 50 horas. Peso: 280 [&hellip;]<\/p>\n","protected":false},"featured_media":307649,"comment_status":"closed","ping_status":"open","template":"","meta":{"_angie_page":false},"product_brand":[],"product_cat":[17471,19996,20269],"product_tag":[],"class_list":{"0":"post-236658","1":"product","2":"type-product","3":"status-publish","4":"has-post-thumbnail","6":"product_cat-portavelas-y-velas","7":"product_cat-velas-aromaticas","8":"product_cat-velas-perfumadas-con-gemas","9":"pa_collection-magic-spell-candles-es","10":"pa_made-in-china","12":"first","13":"instock","14":"purchasable","15":"product-type-simple"},"supplier_id":null,"supplier_sku":"MSC-01","barcode":null,"atum_controlled":true,"out_stock_date":null,"out_stock_threshold":null,"inheritable":false,"inbound_stock":null,"stock_on_hold":0,"sold_today":0,"sales_last_days":0,"reserved_stock":null,"customer_returns":null,"warehouse_damage":null,"lost_in_post":null,"other_logs":null,"out_stock_days":0,"lost_sales":0,"has_location":null,"update_date":"2026-04-27T07:14:08","atum_locations":[],"atum_stock_status":"instock","restock_status":false,"low_stock_amount":"","sales_update_date":"2025-09-05T00:21:48","calc_backorders":null,"_links":{"self":[{"href":"https:\/\/aromasentia.com\/es\/wp-json\/wp\/v2\/product\/236658","targetHints":{"allow":["GET"]}}],"collection":[{"href":"https:\/\/aromasentia.com\/es\/wp-json\/wp\/v2\/product"}],"about":[{"href":"https:\/\/aromasentia.com\/es\/wp-json\/wp\/v2\/types\/product"}],"replies":[{"embeddable":true,"href":"https:\/\/aromasentia.com\/es\/wp-json\/wp\/v2\/comments?post=236658"}],"version-history":[{"count":0,"href":"https:\/\/aromasentia.com\/es\/wp-json\/wp\/v2\/product\/236658\/revisions"}],"wp:featuredmedia":[{"embeddable":true,"href":"https:\/\/aromasentia.com\/es\/wp-json\/wp\/v2\/media\/307649"}],"wp:attachment":[{"href":"https:\/\/aromasentia.com\/es\/wp-json\/wp\/v2\/media?parent=236658"}],"wp:term":[{"taxonomy":"product_brand","embeddable":true,"href":"https:\/\/aromasentia.com\/es\/wp-json\/wp\/v2\/product_brand?post=236658"},{"taxonomy":"product_cat","embeddable":true,"href":"https:\/\/aromasentia.com\/es\/wp-json\/wp\/v2\/product_cat?post=236658"},{"taxonomy":"product_tag","embeddable":true,"href":"https:\/\/aromasentia.com\/es\/wp-json\/wp\/v2\/product_tag?post=236658"}],"curies":[{"name":"wp","href":"https:\/\/api.w.org\/{rel}","templated":true}]}}