{"id":236622,"date":"2025-03-21T11:28:36","date_gmt":"2025-03-21T11:28:36","guid":{"rendered":"https:\/\/aromasentia.com\/product\/classic-candle-stand-whitewash-37x10cm-large\/"},"modified":"2025-12-30T21:53:53","modified_gmt":"2025-12-30T21:53:53","slug":"soporte-de-vela-clasico-blanco-37x10cm-grande","status":"publish","type":"product","link":"https:\/\/aromasentia.com\/es\/soporte-de-vela-clasico-blanco-37x10cm-grande\/","title":{"rendered":"Soporte de Vela Cl\u00e1sico &#8211; Blanco &#8211; 37x10cm &#8211; Grande"},"content":{"rendered":"<p><strong>\u00bfBuscas productos artesanales para decorar los hogares de sus clientes?<\/strong><\/p>\n<p>No dudes en explorar los soportes de velas o candelabros de<strong>&nbsp;Aroma Sentia Espa\u00f1a<\/strong> al por mayor, donde encontrar\u00e1s productos de calidad, hechos a mano en la India y con acabado \u00fanicos.&nbsp;<\/p>\n<p><strong>Medidas del producto: 37&#215;10 cm<\/strong><\/p>\n<p>Los soportes de velas de Aroma Sentia Espa\u00f1a son muy combinables, debido a su tama\u00f1o y su color, pueden encajar perfectamente en eventos como bodas, comuniones o fiestas. Tambi\u00e9n se puede utilizar como centros de mesas para destacar algunas zonas o lugares donde se busque aportar calidez.&nbsp;<\/p>\n<p>Nota: Al ser un producto artesanal, cada pieza puede presentar peque\u00f1as imperfecciones, grietas o variaciones en el tono de la madera, haciendo que cada soporte sea \u00fanico y exclusivo. Esta singularidad realza a\u00fan m\u00e1s su encanto y autenticidad.<\/p>\n","protected":false},"excerpt":{"rendered":"<p>\u00bfBuscas productos artesanales para decorar los hogares de sus clientes? No dudes en explorar los soportes de velas o candelabros de&nbsp;Aroma Sentia Espa\u00f1a al por mayor, donde encontrar\u00e1s productos de calidad, hechos a mano en la India y con acabado \u00fanicos.&nbsp; Medidas del producto: 37&#215;10 cm Los soportes de velas de Aroma Sentia Espa\u00f1a son [&hellip;]<\/p>\n","protected":false},"featured_media":308265,"comment_status":"closed","ping_status":"open","template":"","meta":{"_angie_page":false},"product_brand":[],"product_cat":[17470,17471],"product_tag":[],"class_list":{"0":"post-236622","1":"product","2":"type-product","3":"status-publish","4":"has-post-thumbnail","6":"product_cat-portavelas","7":"product_cat-portavelas-y-velas","8":"pa_collection-wooden-candle-holders-es","9":"pa_made-in-india","11":"first","12":"instock","13":"purchasable","14":"product-type-simple"},"supplier_id":null,"supplier_sku":"MWCS-05","barcode":null,"atum_controlled":true,"out_stock_date":null,"out_stock_threshold":null,"inheritable":false,"inbound_stock":null,"stock_on_hold":0,"sold_today":0,"sales_last_days":0,"reserved_stock":null,"customer_returns":null,"warehouse_damage":null,"lost_in_post":null,"other_logs":null,"out_stock_days":0,"lost_sales":0,"has_location":null,"update_date":"2026-04-27T07:14:23","atum_locations":[],"atum_stock_status":"instock","restock_status":false,"low_stock_amount":"","sales_update_date":"2026-01-30T01:26:17","calc_backorders":null,"_links":{"self":[{"href":"https:\/\/aromasentia.com\/es\/wp-json\/wp\/v2\/product\/236622","targetHints":{"allow":["GET"]}}],"collection":[{"href":"https:\/\/aromasentia.com\/es\/wp-json\/wp\/v2\/product"}],"about":[{"href":"https:\/\/aromasentia.com\/es\/wp-json\/wp\/v2\/types\/product"}],"replies":[{"embeddable":true,"href":"https:\/\/aromasentia.com\/es\/wp-json\/wp\/v2\/comments?post=236622"}],"version-history":[{"count":0,"href":"https:\/\/aromasentia.com\/es\/wp-json\/wp\/v2\/product\/236622\/revisions"}],"wp:featuredmedia":[{"embeddable":true,"href":"https:\/\/aromasentia.com\/es\/wp-json\/wp\/v2\/media\/308265"}],"wp:attachment":[{"href":"https:\/\/aromasentia.com\/es\/wp-json\/wp\/v2\/media?parent=236622"}],"wp:term":[{"taxonomy":"product_brand","embeddable":true,"href":"https:\/\/aromasentia.com\/es\/wp-json\/wp\/v2\/product_brand?post=236622"},{"taxonomy":"product_cat","embeddable":true,"href":"https:\/\/aromasentia.com\/es\/wp-json\/wp\/v2\/product_cat?post=236622"},{"taxonomy":"product_tag","embeddable":true,"href":"https:\/\/aromasentia.com\/es\/wp-json\/wp\/v2\/product_tag?post=236622"}],"curies":[{"name":"wp","href":"https:\/\/api.w.org\/{rel}","templated":true}]}}