{"id":236618,"date":"2025-03-21T11:28:36","date_gmt":"2025-03-21T11:28:36","guid":{"rendered":"https:\/\/aromasentia.com\/product\/classic-candle-stand-whitewash-30x10cm-medium\/"},"modified":"2025-12-30T21:53:53","modified_gmt":"2025-12-30T21:53:53","slug":"soporte-de-velas-clasico-blanco-30x10cm-mediano","status":"publish","type":"product","link":"https:\/\/aromasentia.com\/es\/soporte-de-velas-clasico-blanco-30x10cm-mediano\/","title":{"rendered":"Soporte de Velas Cl\u00e1sico &#8211; Blanco &#8211; 30x10cm &#8211; Mediano"},"content":{"rendered":"<p>Si buscas productos con los que diferenciarte de la competencia y a la vez apoyar a artesanos locales, explora los soportes de velas de<strong>&nbsp;Aroma Sentia Espa\u00f1a<\/strong>. Estos porta velas son productos hechos a mano en la India por artesanos expertos.&nbsp;<\/p>\n<p>Los portavelas o soportes de velas con acabado blanco vintage &nbsp;tienen un atractivo visual para los clientes, y tambi\u00e9n son un simbolismo de tranquilidad, conexi\u00f3n con el pasado, y versatilidad. Son ideales para los clientes que buscan un toque de <strong>elegancia&nbsp;<\/strong><strong>atemporal&nbsp;<\/strong>y <strong>un ambiente c\u00e1lido y acogedor.<\/strong><\/p>\n<p><strong>Medidas del producto 30&#215;10 cm<\/strong><\/p>\n<p>Rev\u00e9ndelo en tu tienda junto a un pack de velas, para que sus clientes puedan llevarse el pack completo y de esta forma obtener mayores m\u00e1rgenes de ventas.&nbsp;<\/p>\n<p>Nota: Al ser un producto artesanal, cada pieza puede presentar peque\u00f1as imperfecciones, grietas o variaciones en el tono de la madera, haciendo que cada soporte sea \u00fanico y exclusivo. Esta singularidad realza a\u00fan m\u00e1s su encanto y autenticidad.<\/p>\n","protected":false},"excerpt":{"rendered":"<p>Si buscas productos con los que diferenciarte de la competencia y a la vez apoyar a artesanos locales, explora los soportes de velas de&nbsp;Aroma Sentia Espa\u00f1a. Estos porta velas son productos hechos a mano en la India por artesanos expertos.&nbsp; Los portavelas o soportes de velas con acabado blanco vintage &nbsp;tienen un atractivo visual para [&hellip;]<\/p>\n","protected":false},"featured_media":308240,"comment_status":"closed","ping_status":"open","template":"","meta":{"_angie_page":false},"product_brand":[],"product_cat":[17470,17471],"product_tag":[],"class_list":{"0":"post-236618","1":"product","2":"type-product","3":"status-publish","4":"has-post-thumbnail","6":"product_cat-portavelas","7":"product_cat-portavelas-y-velas","8":"pa_collection-wooden-candle-holders-es","9":"pa_made-in-india","11":"first","12":"instock","13":"purchasable","14":"product-type-simple"},"supplier_id":null,"supplier_sku":"MWCS-04","barcode":null,"atum_controlled":true,"out_stock_date":null,"out_stock_threshold":null,"inheritable":false,"inbound_stock":null,"stock_on_hold":0,"sold_today":0,"sales_last_days":0,"reserved_stock":null,"customer_returns":null,"warehouse_damage":null,"lost_in_post":null,"other_logs":null,"out_stock_days":0,"lost_sales":0,"has_location":null,"update_date":"2026-04-27T07:14:23","atum_locations":[],"atum_stock_status":"instock","restock_status":false,"low_stock_amount":"","sales_update_date":"2026-01-30T01:24:58","calc_backorders":null,"_links":{"self":[{"href":"https:\/\/aromasentia.com\/es\/wp-json\/wp\/v2\/product\/236618","targetHints":{"allow":["GET"]}}],"collection":[{"href":"https:\/\/aromasentia.com\/es\/wp-json\/wp\/v2\/product"}],"about":[{"href":"https:\/\/aromasentia.com\/es\/wp-json\/wp\/v2\/types\/product"}],"replies":[{"embeddable":true,"href":"https:\/\/aromasentia.com\/es\/wp-json\/wp\/v2\/comments?post=236618"}],"version-history":[{"count":0,"href":"https:\/\/aromasentia.com\/es\/wp-json\/wp\/v2\/product\/236618\/revisions"}],"wp:featuredmedia":[{"embeddable":true,"href":"https:\/\/aromasentia.com\/es\/wp-json\/wp\/v2\/media\/308240"}],"wp:attachment":[{"href":"https:\/\/aromasentia.com\/es\/wp-json\/wp\/v2\/media?parent=236618"}],"wp:term":[{"taxonomy":"product_brand","embeddable":true,"href":"https:\/\/aromasentia.com\/es\/wp-json\/wp\/v2\/product_brand?post=236618"},{"taxonomy":"product_cat","embeddable":true,"href":"https:\/\/aromasentia.com\/es\/wp-json\/wp\/v2\/product_cat?post=236618"},{"taxonomy":"product_tag","embeddable":true,"href":"https:\/\/aromasentia.com\/es\/wp-json\/wp\/v2\/product_tag?post=236618"}],"curies":[{"name":"wp","href":"https:\/\/api.w.org\/{rel}","templated":true}]}}