{"id":236610,"date":"2025-03-21T11:28:36","date_gmt":"2025-03-21T11:28:36","guid":{"rendered":"https:\/\/aromasentia.com\/product\/mango-wood-candle-stand-hamsa-large-25x18cm\/"},"modified":"2025-12-30T21:53:53","modified_gmt":"2025-12-30T21:53:53","slug":"soporte-de-velas-hamsa-grande-25x18cm","status":"publish","type":"product","link":"https:\/\/aromasentia.com\/es\/soporte-de-velas-hamsa-grande-25x18cm\/","title":{"rendered":"Soporte de Velas &#8211; Hamsa &#8211; Grande 25x18cm"},"content":{"rendered":"<p>Destaque de su competencia con los soportes de vela Hamsa grande al por mayor para revender de <strong><span style=\"color: rgb(147, 101, 184);\">Aroma Sentia Espa\u00f1a<\/span><\/strong>. Estas piezas artesanales tambi\u00e9n son piezas de decoraci\u00f3n que destacar\u00e1 all\u00ed donde la coloques.<\/p>\n<p>Este producto est\u00e1 dise\u00f1ado para colocar una vela en la parte superior, ofreciendo una iluminaci\u00f3n c\u00e1lida en \u00e1reas que quieras destacar. Adem\u00e1s, incluye un espacio espec\u00edfico para recoger los restos de la vela, evitando ca\u00eddas y garantizando seguridad.<\/p>\n<p>Cuenta con un<strong>&nbsp;grabado hecho a mano de la mano de hamsa y el ojo de protecci\u00f3n<\/strong>. Donde en muchas culturas la mano de hamsa se utiliza como simbolismo de <strong>fuerza y poder.&nbsp;<\/strong><\/p>\n<p><strong>Medidas del producto 25&#215;18 cm<\/strong><\/p>\n<p>Perfecto para minoristas que quieren vender <strong>productos artesanales<\/strong> con un <strong>toque espiritual&nbsp;<\/strong>y que <strong>valoren la artesan\u00eda.<\/strong> Adem\u00e1s, recomendarle que este producto se puede <strong>combinar&nbsp;<\/strong>con el <strong>soporte de velas m\u00e1s peque\u00f1o<\/strong> (MWCS-01) y crear un espacio combinado \u00fanico.<\/p>\n<p>Nota: Al ser un producto artesanal, cada pieza puede presentar peque\u00f1as imperfecciones, grietas o variaciones en el tono de la madera, haciendo que cada soporte sea \u00fanico y exclusivo. Esta singularidad realza a\u00fan m\u00e1s su encanto y autenticidad.<\/p>\n","protected":false},"excerpt":{"rendered":"<p>Destaque de su competencia con los soportes de vela Hamsa grande al por mayor para revender de Aroma Sentia Espa\u00f1a. Estas piezas artesanales tambi\u00e9n son piezas de decoraci\u00f3n que destacar\u00e1 all\u00ed donde la coloques. Este producto est\u00e1 dise\u00f1ado para colocar una vela en la parte superior, ofreciendo una iluminaci\u00f3n c\u00e1lida en \u00e1reas que quieras destacar. [&hellip;]<\/p>\n","protected":false},"featured_media":308182,"comment_status":"closed","ping_status":"open","template":"","meta":{"_angie_page":false},"product_brand":[],"product_cat":[17470,17471],"product_tag":[],"class_list":{"0":"post-236610","1":"product","2":"type-product","3":"status-publish","4":"has-post-thumbnail","6":"product_cat-portavelas","7":"product_cat-portavelas-y-velas","8":"pa_collection-wooden-candle-holders-es","9":"pa_made-in-india","11":"first","12":"instock","13":"purchasable","14":"product-type-simple"},"supplier_id":null,"supplier_sku":"MWCS-02","barcode":null,"atum_controlled":true,"out_stock_date":null,"out_stock_threshold":null,"inheritable":false,"inbound_stock":null,"stock_on_hold":0,"sold_today":0,"sales_last_days":0,"reserved_stock":null,"customer_returns":null,"warehouse_damage":null,"lost_in_post":null,"other_logs":null,"out_stock_days":0,"lost_sales":0,"has_location":null,"update_date":"2026-04-27T07:14:23","atum_locations":[],"atum_stock_status":"instock","restock_status":false,"low_stock_amount":"","sales_update_date":"2026-01-30T01:24:25","calc_backorders":null,"_links":{"self":[{"href":"https:\/\/aromasentia.com\/es\/wp-json\/wp\/v2\/product\/236610","targetHints":{"allow":["GET"]}}],"collection":[{"href":"https:\/\/aromasentia.com\/es\/wp-json\/wp\/v2\/product"}],"about":[{"href":"https:\/\/aromasentia.com\/es\/wp-json\/wp\/v2\/types\/product"}],"replies":[{"embeddable":true,"href":"https:\/\/aromasentia.com\/es\/wp-json\/wp\/v2\/comments?post=236610"}],"version-history":[{"count":0,"href":"https:\/\/aromasentia.com\/es\/wp-json\/wp\/v2\/product\/236610\/revisions"}],"wp:featuredmedia":[{"embeddable":true,"href":"https:\/\/aromasentia.com\/es\/wp-json\/wp\/v2\/media\/308182"}],"wp:attachment":[{"href":"https:\/\/aromasentia.com\/es\/wp-json\/wp\/v2\/media?parent=236610"}],"wp:term":[{"taxonomy":"product_brand","embeddable":true,"href":"https:\/\/aromasentia.com\/es\/wp-json\/wp\/v2\/product_brand?post=236610"},{"taxonomy":"product_cat","embeddable":true,"href":"https:\/\/aromasentia.com\/es\/wp-json\/wp\/v2\/product_cat?post=236610"},{"taxonomy":"product_tag","embeddable":true,"href":"https:\/\/aromasentia.com\/es\/wp-json\/wp\/v2\/product_tag?post=236610"}],"curies":[{"name":"wp","href":"https:\/\/api.w.org\/{rel}","templated":true}]}}