{"id":236606,"date":"2025-03-21T11:28:36","date_gmt":"2025-03-21T11:28:36","guid":{"rendered":"https:\/\/aromasentia.com\/product\/mango-wood-candle-stand-hamsa-small-18x11cm\/"},"modified":"2025-12-30T21:53:53","modified_gmt":"2025-12-30T21:53:53","slug":"soportes-de-vela-hamsa-pequeno-18x11cm","status":"publish","type":"product","link":"https:\/\/aromasentia.com\/es\/soportes-de-vela-hamsa-pequeno-18x11cm\/","title":{"rendered":"Soportes de Vela &#8211; Hamsa &#8211; Peque\u00f1o 18x11cm"},"content":{"rendered":"<p>Incorpore a su tienda los soporte de vela Hamsa peque\u00f1o al por mayor de <strong><span style=\"color: rgb(147, 101, 184);\">Aroma Sentia Espa\u00f1a<\/span><\/strong> si buscas ofrecer a sus clientes productos diferentes y de calidad.&nbsp;<\/p>\n<p>Este producto ha sido<strong>&nbsp;elaborado a mano en la India<\/strong> por artesanos expertos.<strong>&nbsp;Este producto est\u00e1 hecho de madera de mango&nbsp;<\/strong>conocida por su durabilidad. Cuenta con un dise\u00f1o<strong>&nbsp;inspirado en la mano de Hamsa&nbsp;<\/strong>y el <strong>ojo de la protecci\u00f3n<\/strong>, ideal para decorar espacios interiores.&nbsp;<\/p>\n<p><strong>Medidas del producto: 18&#215;11 cm<\/strong><\/p>\n<p>Su tama\u00f1o compacto lo convierte en una pieza vers\u00e1til, apta para ventas a clientes que busquen art\u00edculos decorativos peque\u00f1os, funcionales y de alta calidad. &nbsp;<\/p>\n<p>Nota: Al ser un producto artesanal, cada pieza puede presentar peque\u00f1as imperfecciones, grietas o variaciones en el tono de la madera, haciendo que cada soporte sea \u00fanico y exclusivo. Esta singularidad realza a\u00fan m\u00e1s su encanto y autenticidad.<\/p>\n","protected":false},"excerpt":{"rendered":"<p>Incorpore a su tienda los soporte de vela Hamsa peque\u00f1o al por mayor de Aroma Sentia Espa\u00f1a si buscas ofrecer a sus clientes productos diferentes y de calidad.&nbsp; Este producto ha sido&nbsp;elaborado a mano en la India por artesanos expertos.&nbsp;Este producto est\u00e1 hecho de madera de mango&nbsp;conocida por su durabilidad. Cuenta con un dise\u00f1o&nbsp;inspirado en [&hellip;]<\/p>\n","protected":false},"featured_media":308141,"comment_status":"closed","ping_status":"open","template":"","meta":{"_angie_page":false},"product_brand":[],"product_cat":[17470,17471],"product_tag":[],"class_list":{"0":"post-236606","1":"product","2":"type-product","3":"status-publish","4":"has-post-thumbnail","6":"product_cat-portavelas","7":"product_cat-portavelas-y-velas","8":"pa_collection-wooden-candle-holders-es","9":"pa_made-in-india","11":"first","12":"instock","13":"purchasable","14":"product-type-simple"},"supplier_id":null,"supplier_sku":"MWCS-01","barcode":null,"atum_controlled":true,"out_stock_date":null,"out_stock_threshold":null,"inheritable":false,"inbound_stock":null,"stock_on_hold":0,"sold_today":0,"sales_last_days":0,"reserved_stock":null,"customer_returns":null,"warehouse_damage":null,"lost_in_post":null,"other_logs":null,"out_stock_days":0,"lost_sales":0,"has_location":null,"update_date":"2026-04-27T07:14:23","atum_locations":[],"atum_stock_status":"instock","restock_status":false,"low_stock_amount":"","sales_update_date":"2026-02-06T00:00:50","calc_backorders":null,"_links":{"self":[{"href":"https:\/\/aromasentia.com\/es\/wp-json\/wp\/v2\/product\/236606","targetHints":{"allow":["GET"]}}],"collection":[{"href":"https:\/\/aromasentia.com\/es\/wp-json\/wp\/v2\/product"}],"about":[{"href":"https:\/\/aromasentia.com\/es\/wp-json\/wp\/v2\/types\/product"}],"replies":[{"embeddable":true,"href":"https:\/\/aromasentia.com\/es\/wp-json\/wp\/v2\/comments?post=236606"}],"version-history":[{"count":0,"href":"https:\/\/aromasentia.com\/es\/wp-json\/wp\/v2\/product\/236606\/revisions"}],"wp:featuredmedia":[{"embeddable":true,"href":"https:\/\/aromasentia.com\/es\/wp-json\/wp\/v2\/media\/308141"}],"wp:attachment":[{"href":"https:\/\/aromasentia.com\/es\/wp-json\/wp\/v2\/media?parent=236606"}],"wp:term":[{"taxonomy":"product_brand","embeddable":true,"href":"https:\/\/aromasentia.com\/es\/wp-json\/wp\/v2\/product_brand?post=236606"},{"taxonomy":"product_cat","embeddable":true,"href":"https:\/\/aromasentia.com\/es\/wp-json\/wp\/v2\/product_cat?post=236606"},{"taxonomy":"product_tag","embeddable":true,"href":"https:\/\/aromasentia.com\/es\/wp-json\/wp\/v2\/product_tag?post=236606"}],"curies":[{"name":"wp","href":"https:\/\/api.w.org\/{rel}","templated":true}]}}