{"id":236582,"date":"2025-03-21T11:28:36","date_gmt":"2025-03-21T11:28:36","guid":{"rendered":"https:\/\/aromasentia.com\/product\/magic-spell-candle-friendship\/"},"modified":"2025-12-30T21:53:44","modified_gmt":"2025-12-30T21:53:44","slug":"vela-hechizo-magico-amistad","status":"publish","type":"product","link":"https:\/\/aromasentia.com\/es\/vela-hechizo-magico-amistad\/","title":{"rendered":"Vela Hechizo M\u00e1gico &#8211; Amistad"},"content":{"rendered":"<p>Esta vela de la amistad contiene <strong><span style=\"color: rgb(147, 101, 184);\">piedras preciosas de \u00e1gata de musgo<\/span><\/strong> y <span style=\"color: rgb(147, 101, 184);\"><strong>fragancia de luna de terciopelo<\/strong><\/span>. Se tiene la creencia que la piedra de \u00e1gata de musgo promueve la sensaci\u00f3n de estabilidad y crecimiento.&nbsp;<\/p>\n<p>\u00a1Exponga en su tienda diferentes velas de hechizo para que sus clientes puedan verlas de primera mano y escoger la que m\u00e1s le gusta!<\/p>\n<p>Tiempo de combusti\u00f3n 50 horas.<\/p>\n<p>Medidas: &nbsp;20cm de alto, 5cm de ancho. &nbsp;Peso: 280 gramos.<\/p>\n<p>Dise\u00f1ado en Espa\u00f1a, fabricado en China.&nbsp;<\/p>\n<p>Solo venta al por mayor.<\/p>\n","protected":false},"excerpt":{"rendered":"<p>Esta vela de la amistad contiene piedras preciosas de \u00e1gata de musgo y fragancia de luna de terciopelo. Se tiene la creencia que la piedra de \u00e1gata de musgo promueve la sensaci\u00f3n de estabilidad y crecimiento.&nbsp; \u00a1Exponga en su tienda diferentes velas de hechizo para que sus clientes puedan verlas de primera mano y escoger [&hellip;]<\/p>\n","protected":false},"featured_media":308039,"comment_status":"closed","ping_status":"open","template":"","meta":{"_angie_page":false},"product_brand":[],"product_cat":[17471,19996,20269],"product_tag":[],"class_list":{"0":"post-236582","1":"product","2":"type-product","3":"status-publish","4":"has-post-thumbnail","6":"product_cat-portavelas-y-velas","7":"product_cat-velas-aromaticas","8":"product_cat-velas-perfumadas-con-gemas","9":"pa_collection-magic-spell-candles-es","10":"pa_made-in-china","12":"first","13":"instock","14":"purchasable","15":"product-type-simple"},"supplier_id":null,"supplier_sku":"MSC-03","barcode":null,"atum_controlled":true,"out_stock_date":null,"out_stock_threshold":null,"inheritable":false,"inbound_stock":null,"stock_on_hold":0,"sold_today":0,"sales_last_days":0,"reserved_stock":null,"customer_returns":null,"warehouse_damage":null,"lost_in_post":null,"other_logs":null,"out_stock_days":0,"lost_sales":0,"has_location":null,"update_date":"2026-05-04T00:03:58","atum_locations":[],"atum_stock_status":"instock","restock_status":false,"low_stock_amount":"","sales_update_date":"2025-09-05T00:21:49","calc_backorders":null,"_links":{"self":[{"href":"https:\/\/aromasentia.com\/es\/wp-json\/wp\/v2\/product\/236582","targetHints":{"allow":["GET"]}}],"collection":[{"href":"https:\/\/aromasentia.com\/es\/wp-json\/wp\/v2\/product"}],"about":[{"href":"https:\/\/aromasentia.com\/es\/wp-json\/wp\/v2\/types\/product"}],"replies":[{"embeddable":true,"href":"https:\/\/aromasentia.com\/es\/wp-json\/wp\/v2\/comments?post=236582"}],"version-history":[{"count":0,"href":"https:\/\/aromasentia.com\/es\/wp-json\/wp\/v2\/product\/236582\/revisions"}],"wp:featuredmedia":[{"embeddable":true,"href":"https:\/\/aromasentia.com\/es\/wp-json\/wp\/v2\/media\/308039"}],"wp:attachment":[{"href":"https:\/\/aromasentia.com\/es\/wp-json\/wp\/v2\/media?parent=236582"}],"wp:term":[{"taxonomy":"product_brand","embeddable":true,"href":"https:\/\/aromasentia.com\/es\/wp-json\/wp\/v2\/product_brand?post=236582"},{"taxonomy":"product_cat","embeddable":true,"href":"https:\/\/aromasentia.com\/es\/wp-json\/wp\/v2\/product_cat?post=236582"},{"taxonomy":"product_tag","embeddable":true,"href":"https:\/\/aromasentia.com\/es\/wp-json\/wp\/v2\/product_tag?post=236582"}],"curies":[{"name":"wp","href":"https:\/\/api.w.org\/{rel}","templated":true}]}}