{"id":236306,"date":"2025-03-21T11:33:11","date_gmt":"2025-03-21T11:33:11","guid":{"rendered":"https:\/\/aromasentia.com\/product\/no-0-granite-candle-holder\/"},"modified":"2025-12-30T21:52:56","modified_gmt":"2025-12-30T21:52:56","slug":"no-0-granite-candle-holder","status":"publish","type":"product","link":"https:\/\/aromasentia.com\/es\/no-0-granite-candle-holder\/","title":{"rendered":"No.0 Granite Candle Holder"},"content":{"rendered":"<p><strong>N\u00fameros de Granito al por mayor<\/strong> <strong>Portavelas &#8211; N\u00ba 0&nbsp;<\/strong>mostrar\u00e1n cualquier vela adecuada perfectamente a\u00f1adiendo el toque moderno a cualquier \u00e1rea de espacio vital.<\/p>\n<p>Inspire a su cliente a utilizarlos como decoraci\u00f3n para mesas de boda o en fiestas de cumplea\u00f1os.<\/p>\n<p>Cuidadosamente hechos a mano con atenci\u00f3n y detalles en Indonesia por una peque\u00f1a empresa familiar.<\/p>\n<p>Estos dise\u00f1os de arenisca y granito le permite crear una pantalla excepcional que sin duda los n\u00fameros trabajar\u00e1n a su favor. &nbsp;<\/p>\n<p><strong>Pida ahora y a\u00f1ada el \u00faltimo toque al espacio vital de sus clientes.<\/strong><\/p>\n","protected":false},"excerpt":{"rendered":"<p>N\u00fameros de Granito al por mayor Portavelas &#8211; N\u00ba 0&nbsp;mostrar\u00e1n cualquier vela adecuada perfectamente a\u00f1adiendo el toque moderno a cualquier \u00e1rea de espacio vital. Inspire a su cliente a utilizarlos como decoraci\u00f3n para mesas de boda o en fiestas de cumplea\u00f1os. Cuidadosamente hechos a mano con atenci\u00f3n y detalles en Indonesia por una peque\u00f1a empresa [&hellip;]<\/p>\n","protected":false},"featured_media":310488,"comment_status":"closed","ping_status":"open","template":"","meta":[],"product_brand":[],"product_cat":[17471],"product_tag":[],"class_list":{"0":"post-236306","1":"product","2":"type-product","3":"status-publish","4":"has-post-thumbnail","6":"product_cat-portavelas-y-velas","7":"pa_made-in-indonesia","9":"first","10":"outofstock","11":"purchasable","12":"product-type-simple"},"supplier_id":null,"supplier_sku":"SBN-10S","barcode":null,"atum_controlled":true,"out_stock_date":"2025-10-09 12:47:23","out_stock_threshold":null,"inheritable":false,"inbound_stock":null,"stock_on_hold":0,"sold_today":0,"sales_last_days":0,"reserved_stock":null,"customer_returns":null,"warehouse_damage":null,"lost_in_post":null,"other_logs":null,"out_stock_days":112,"lost_sales":0,"has_location":null,"update_date":"2026-01-30T01:25:13","atum_locations":[],"atum_stock_status":"outofstock","restock_status":false,"low_stock_amount":"","sales_update_date":"2026-01-30T01:25:13","calc_backorders":null,"_links":{"self":[{"href":"https:\/\/aromasentia.com\/es\/wp-json\/wp\/v2\/product\/236306","targetHints":{"allow":["GET"]}}],"collection":[{"href":"https:\/\/aromasentia.com\/es\/wp-json\/wp\/v2\/product"}],"about":[{"href":"https:\/\/aromasentia.com\/es\/wp-json\/wp\/v2\/types\/product"}],"replies":[{"embeddable":true,"href":"https:\/\/aromasentia.com\/es\/wp-json\/wp\/v2\/comments?post=236306"}],"version-history":[{"count":0,"href":"https:\/\/aromasentia.com\/es\/wp-json\/wp\/v2\/product\/236306\/revisions"}],"wp:featuredmedia":[{"embeddable":true,"href":"https:\/\/aromasentia.com\/es\/wp-json\/wp\/v2\/media\/310488"}],"wp:attachment":[{"href":"https:\/\/aromasentia.com\/es\/wp-json\/wp\/v2\/media?parent=236306"}],"wp:term":[{"taxonomy":"product_brand","embeddable":true,"href":"https:\/\/aromasentia.com\/es\/wp-json\/wp\/v2\/product_brand?post=236306"},{"taxonomy":"product_cat","embeddable":true,"href":"https:\/\/aromasentia.com\/es\/wp-json\/wp\/v2\/product_cat?post=236306"},{"taxonomy":"product_tag","embeddable":true,"href":"https:\/\/aromasentia.com\/es\/wp-json\/wp\/v2\/product_tag?post=236306"}],"curies":[{"name":"wp","href":"https:\/\/api.w.org\/{rel}","templated":true}]}}