{"id":236270,"date":"2025-03-21T11:36:29","date_gmt":"2025-03-21T11:36:29","guid":{"rendered":"https:\/\/aromasentia.com\/product\/soybean-jar-candle-bamboo\/"},"modified":"2025-12-30T21:52:48","modified_gmt":"2025-12-30T21:52:48","slug":"velas-de-cera-de-soja-bambu","status":"publish","type":"product","link":"https:\/\/aromasentia.com\/es\/velas-de-cera-de-soja-bambu\/","title":{"rendered":"Velas de Cera de Soja &#8211; Bamb\u00fa"},"content":{"rendered":"<p style=\"text-align: justify;\">Dise\u00f1ada para hacer un regalo hermoso y considerado,<strong> la vela de tarro de soja de Bamb\u00fa<\/strong> ser\u00e1 un complemento perfecto para su colecci\u00f3n.<\/p>\n<p style=\"text-align: justify;\"><\/p>\n<p style=\"text-align: justify;\">Esta vela est\u00e1 hecha de aceite de soja hidrogenado, lo que significa que no tiene cera sint\u00e9tica ni parafina. Presentada en un tarro de vidrio reciclado grueso, esta hermosa vela se puede reutilizar y se empaqueta muy bien con una cubierta especial para el polvo. Y si su hermoso empaque no lo atrae, entonces su aroma arom\u00e1tico de lavanda y albahaca definitivamente lo har\u00e1.<\/p>\n<p style=\"text-align: justify;\"><strong><br \/><\/strong><\/p>\n<p style=\"text-align: justify;\"><strong>La cera de soja es mucho m\u00e1s agradable, limpia y natural que las velas de parafina. <\/strong>Un poco m\u00e1s caro pero vale la pena. Las velas de tarro de soja queman m\u00e1s limpias y m\u00e1s frescas y dejan un m\u00ednimo residuo de cera.<\/p>\n<p style=\"text-align: justify;\"><\/p>\n<p style=\"text-align: justify;\">S\u00ed, m\u00e1s caro que la cera de parafina, pero compare nuestro precio de cera de soja, fabricado en nuestra propia f\u00e1brica para garantizar la pureza y la calidad, un gran valor en comparaci\u00f3n con los productos existentes. Nivel de fragancia garantizado del 3%, larga duraci\u00f3n y muy ecol\u00f3gico.<\/p>\n<p style=\"text-align: justify;\"><strong><br \/><\/strong><\/p>\n<p style=\"text-align: justify;\"><strong>Alta calidad, gran valor, se ve y huele incre\u00edble &#8230; \u00bfc\u00f3mo podr\u00e1 resistir?<\/strong><\/p>\n<p style=\"text-align: justify;\"><strong>Ordene hoy para obtener este hermoso producto.<\/strong><\/p>\n","protected":false},"excerpt":{"rendered":"<p>Dise\u00f1ada para hacer un regalo hermoso y considerado, la vela de tarro de soja de Bamb\u00fa ser\u00e1 un complemento perfecto para su colecci\u00f3n. Esta vela est\u00e1 hecha de aceite de soja hidrogenado, lo que significa que no tiene cera sint\u00e9tica ni parafina. Presentada en un tarro de vidrio reciclado grueso, esta hermosa vela se puede [&hellip;]<\/p>\n","protected":false},"featured_media":311353,"comment_status":"closed","ping_status":"open","template":"","meta":[],"product_brand":[],"product_cat":[17471,19996,19997],"product_tag":[],"class_list":{"0":"post-236270","1":"product","2":"type-product","3":"status-publish","4":"has-post-thumbnail","6":"product_cat-portavelas-y-velas","7":"product_cat-velas-aromaticas","8":"product_cat-velas-de-cera-de-soja","9":"pa_collection-soy-wax-jar-candle-es","10":"pa_made-in-china","12":"first","13":"outofstock","14":"purchasable","15":"product-type-simple"},"supplier_id":null,"supplier_sku":"SoyC-07","barcode":null,"atum_controlled":true,"out_stock_date":"2025-10-09 12:45:21","out_stock_threshold":null,"inheritable":false,"inbound_stock":null,"stock_on_hold":0,"sold_today":0,"sales_last_days":0,"reserved_stock":null,"customer_returns":null,"warehouse_damage":null,"lost_in_post":null,"other_logs":null,"out_stock_days":112,"lost_sales":0,"has_location":null,"update_date":"2026-01-30T01:25:12","atum_locations":[],"atum_stock_status":"outofstock","restock_status":false,"low_stock_amount":"","sales_update_date":"2026-01-30T01:25:12","calc_backorders":null,"_links":{"self":[{"href":"https:\/\/aromasentia.com\/es\/wp-json\/wp\/v2\/product\/236270","targetHints":{"allow":["GET"]}}],"collection":[{"href":"https:\/\/aromasentia.com\/es\/wp-json\/wp\/v2\/product"}],"about":[{"href":"https:\/\/aromasentia.com\/es\/wp-json\/wp\/v2\/types\/product"}],"replies":[{"embeddable":true,"href":"https:\/\/aromasentia.com\/es\/wp-json\/wp\/v2\/comments?post=236270"}],"version-history":[{"count":0,"href":"https:\/\/aromasentia.com\/es\/wp-json\/wp\/v2\/product\/236270\/revisions"}],"wp:featuredmedia":[{"embeddable":true,"href":"https:\/\/aromasentia.com\/es\/wp-json\/wp\/v2\/media\/311353"}],"wp:attachment":[{"href":"https:\/\/aromasentia.com\/es\/wp-json\/wp\/v2\/media?parent=236270"}],"wp:term":[{"taxonomy":"product_brand","embeddable":true,"href":"https:\/\/aromasentia.com\/es\/wp-json\/wp\/v2\/product_brand?post=236270"},{"taxonomy":"product_cat","embeddable":true,"href":"https:\/\/aromasentia.com\/es\/wp-json\/wp\/v2\/product_cat?post=236270"},{"taxonomy":"product_tag","embeddable":true,"href":"https:\/\/aromasentia.com\/es\/wp-json\/wp\/v2\/product_tag?post=236270"}],"curies":[{"name":"wp","href":"https:\/\/api.w.org\/{rel}","templated":true}]}}