{"id":236262,"date":"2025-03-21T11:37:00","date_gmt":"2025-03-21T11:37:00","guid":{"rendered":"https:\/\/aromasentia.com\/product\/on-jasmine-wings-soy-pot-of-fragrance-candle\/"},"modified":"2025-12-30T21:52:48","modified_gmt":"2025-12-30T21:52:48","slug":"vela-de-cera-de-soja-tarro-jazmin","status":"publish","type":"product","link":"https:\/\/aromasentia.com\/es\/vela-de-cera-de-soja-tarro-jazmin\/","title":{"rendered":"Vela de Cera de Soja Tarro &#8211; Jazmin"},"content":{"rendered":"<p><strong><span style=\"color: rgb(147, 101, 184);\">Vela Arom\u00e1tica Jazm\u00edn Soy Pot &#8211; Aroma Sentia<\/span><\/strong><\/p>\n<p>Deja que el aire se llene de la frescura y la delicadeza de un jard\u00edn floreciente con nuestra <strong>Vela Arom\u00e1tica Jazm\u00edn Soy Pot de Aroma Sentia<\/strong>. <strong>Hecha con cera de soja 100% natural<\/strong>, esta vela captura la <strong>esencia pura del jazm\u00edn<\/strong>, una flor que inspira sensualidad y serenidad al mismo tiempo.&nbsp;<\/p>\n<p>El<strong>&nbsp;frasco de vidrio con tap\u00f3n de corcho<\/strong> resalta la belleza natural de la vela, mientras que su dise\u00f1o minimalista se adapta perfectamente a cualquier estilo de decoraci\u00f3n. Con una f\u00f3rmula cuidadosamente elaborada que contiene un 3% de fragancia, <strong>podr\u00e1s disfrutar de hasta 20 horas<\/strong> de una experiencia olfativa envolvente, que transforma tu espacio en un santuario de frescura floral. <strong>Hecha a mano<\/strong> con el m\u00e1ximo cuidado en nuestra planta de Yiwu, esta vela es la elecci\u00f3n ideal para aquellos que buscan una opci\u00f3n ecol\u00f3gica y refinada.<\/p>\n<p><strong>Caracter\u00edsticas del Producto<\/strong>:<\/p>\n<p>? <strong>Cera de soja 100% natural<\/strong>: Ecol\u00f3gica, biodegradable y libre de productos qu\u00edmicos, para un encendido limpio y seguro.<\/p>\n<p>? <strong>Fragancia Jazm\u00edn<\/strong>: Un bouquet floral y fresco que evoca la elegancia de un jard\u00edn de primavera, lleno de luz y frescura.<\/p>\n<p>? <strong>Duraci\u00f3n de hasta 20 horas<\/strong>: Disfruta de una fragancia duradera y envolvente durante todo el d\u00eda o la noche.<\/p>\n<p>? <strong>Frasco de vidrio con tap\u00f3n de corcho<\/strong>: Un dise\u00f1o elegante y natural que conserva la frescura del aroma y aporta un toque r\u00fastico y acogedor.<\/p>\n<p>? <strong>Paquete de 6 velas<\/strong>: Perfectas para exhibir en tu tienda y ofrecer a tus clientes una opci\u00f3n ecol\u00f3gica y sofisticada.<\/p>\n<p><strong>Recomendaciones de Uso<\/strong>:<\/p>\n<p>?\ufe0f Mant\u00e9n fuera del alcance de ni\u00f1os y mascotas.<\/p>\n<p>? Nunca dejes una vela encendida sin supervisi\u00f3n.<\/p>\n<p>? No muevas la vela mientras est\u00e9 encendida o la cera a\u00fan est\u00e9 caliente.<\/p>\n<p>\u26a0\ufe0f No encender cuando la cera est\u00e9 casi consumida.<\/p>\n<p>? Evita las corrientes de aire para asegurar una quema uniforme y eficiente.<\/p>\n<p>Realiza tu pedido hoy mismo y ofrece a tus clientes una experiencia sensorial \u00fanica, elegante y ecol\u00f3gica.<\/p>\n","protected":false},"excerpt":{"rendered":"<p>Vela Arom\u00e1tica Jazm\u00edn Soy Pot &#8211; Aroma Sentia Deja que el aire se llene de la frescura y la delicadeza de un jard\u00edn floreciente con nuestra Vela Arom\u00e1tica Jazm\u00edn Soy Pot de Aroma Sentia. Hecha con cera de soja 100% natural, esta vela captura la esencia pura del jazm\u00edn, una flor que inspira sensualidad y [&hellip;]<\/p>\n","protected":false},"featured_media":312046,"comment_status":"closed","ping_status":"open","template":"","meta":[],"product_brand":[],"product_cat":[25844,26835,26223,17471,19997],"product_tag":[],"class_list":{"0":"post-236262","1":"product","2":"type-product","3":"status-publish","4":"has-post-thumbnail","6":"product_cat-aromas","7":"product_cat-floral","8":"product_cat-jazmin","9":"product_cat-portavelas-y-velas","10":"product_cat-velas-de-cera-de-soja","11":"pa_collection-soy-wax-candle-pots-es","12":"pa_made-in-china","14":"first","15":"instock","16":"purchasable","17":"product-type-simple"},"supplier_id":null,"supplier_sku":"SoyP-08","barcode":null,"atum_controlled":true,"out_stock_date":null,"out_stock_threshold":null,"inheritable":false,"inbound_stock":null,"stock_on_hold":0,"sold_today":0,"sales_last_days":0,"reserved_stock":null,"customer_returns":null,"warehouse_damage":null,"lost_in_post":null,"other_logs":null,"out_stock_days":0,"lost_sales":0,"has_location":null,"update_date":"2026-02-11T18:09:05","atum_locations":[],"atum_stock_status":"instock","restock_status":false,"low_stock_amount":"","sales_update_date":"2025-09-05T00:22:11","calc_backorders":null,"_links":{"self":[{"href":"https:\/\/aromasentia.com\/es\/wp-json\/wp\/v2\/product\/236262","targetHints":{"allow":["GET"]}}],"collection":[{"href":"https:\/\/aromasentia.com\/es\/wp-json\/wp\/v2\/product"}],"about":[{"href":"https:\/\/aromasentia.com\/es\/wp-json\/wp\/v2\/types\/product"}],"replies":[{"embeddable":true,"href":"https:\/\/aromasentia.com\/es\/wp-json\/wp\/v2\/comments?post=236262"}],"version-history":[{"count":0,"href":"https:\/\/aromasentia.com\/es\/wp-json\/wp\/v2\/product\/236262\/revisions"}],"wp:featuredmedia":[{"embeddable":true,"href":"https:\/\/aromasentia.com\/es\/wp-json\/wp\/v2\/media\/312046"}],"wp:attachment":[{"href":"https:\/\/aromasentia.com\/es\/wp-json\/wp\/v2\/media?parent=236262"}],"wp:term":[{"taxonomy":"product_brand","embeddable":true,"href":"https:\/\/aromasentia.com\/es\/wp-json\/wp\/v2\/product_brand?post=236262"},{"taxonomy":"product_cat","embeddable":true,"href":"https:\/\/aromasentia.com\/es\/wp-json\/wp\/v2\/product_cat?post=236262"},{"taxonomy":"product_tag","embeddable":true,"href":"https:\/\/aromasentia.com\/es\/wp-json\/wp\/v2\/product_tag?post=236262"}],"curies":[{"name":"wp","href":"https:\/\/api.w.org\/{rel}","templated":true}]}}