{"id":236258,"date":"2025-03-21T11:37:00","date_gmt":"2025-03-21T11:37:00","guid":{"rendered":"https:\/\/aromasentia.com\/product\/mystic-musk-soy-pot-of-fragrance-candle\/"},"modified":"2025-12-30T21:52:48","modified_gmt":"2025-12-30T21:52:48","slug":"vela-de-cera-de-soja-tarro-almizcle","status":"publish","type":"product","link":"https:\/\/aromasentia.com\/es\/vela-de-cera-de-soja-tarro-almizcle\/","title":{"rendered":"Vela de Cera de Soja Tarro &#8211; Almizcle"},"content":{"rendered":"<p><strong><span style=\"color: rgb(147, 101, 184);\">Vela Arom\u00e1tica Almizcle Soy Pot &#8211; Aroma Sentia<\/span><\/strong><\/p>\n<p>Sum\u00e9rgete en la esencia de la sofisticaci\u00f3n y el misterio con nuestra <strong>Vela Arom\u00e1tica Almizcle Soy Pot de Aroma Sentia<\/strong>. Esta vela, <strong>confeccionada con cera de soja 100%<\/strong> natural, captura la intensidad del <strong>almizcle<\/strong>, creando una fragancia profunda y envolvente que transforma cualquier espacio en un refugio de serenidad. Su aroma c\u00e1lido, terroso y ligeramente amaderado se mezcla perfectamente con notas suaves, ofreciendo una experiencia sensorial \u00fanica que te envuelve en un abrazo de tranquilidad y elegancia, como un suspiro en la noche.<\/p>\n<p>El dise\u00f1o de la Vela Almizcle Soy Pot est\u00e1 contenido en un <strong>frasco de vidrio con tap\u00f3n de corcho<\/strong>, que no solo asegura la frescura del aroma, sino que tambi\u00e9n aporta un toque r\u00fastico y sofisticado a tu hogar. Con una f\u00f3rmula concentrada que garantiza un 3% de fragancia, <strong>disfrutar\u00e1s de hasta 20 horas de la intensidad de su aroma<\/strong>, brindando un ambiente acogedor y c\u00e1lido. Hecha a mano con esmero en nuestra planta de Yiwu, esta vela es la opci\u00f3n ideal para quienes buscan un toque ecol\u00f3gico, delicado y duradero.<\/p>\n<p><strong>Caracter\u00edsticas del Producto<\/strong>:<\/p>\n<p>? <strong>Cera de soja 100% natural<\/strong>: Sostenible, biodegradable y libre de productos qu\u00edmicos.<\/p>\n<p>? <strong>Fragancia Almizcle<\/strong>: Un aroma c\u00e1lido, amaderado y envolvente, que evoca sensaciones de lujo y confort.<\/p>\n<p>? <strong>Duraci\u00f3n de hasta 20 horas<\/strong>: Asegura una experiencia prolongada de fragancia suave pero intensa.<\/p>\n<p>? <strong>Frasco de vidrio con tapa de madera<\/strong>: Un dise\u00f1o minimalista y elegante que se adapta a cualquier espacio con un toque natural.<\/p>\n<p>?<strong>&nbsp;Paquete de 6 velas<\/strong>: La opci\u00f3n perfecta para tu tienda, ideal para aquellos que buscan una alternativa ecol\u00f3gica y con estilo.<\/p>\n<p><strong>Recomendaciones de Uso<\/strong>:<\/p>\n<p>?\ufe0f Mant\u00e9n fuera del alcance de ni\u00f1os y mascotas.<\/p>\n<p>? No dejes la vela encendida sin supervisi\u00f3n.<\/p>\n<p>? Evita mover la vela mientras est\u00e9 encendida o la cera a\u00fan est\u00e9 caliente.<\/p>\n<p>\u26a0\ufe0f No encender cuando la cera est\u00e9 casi consumida.<\/p>\n<p>? Evita las corrientes de aire para garantizar una quema uniforme y eficiente.<\/p>\n<p>Haz tu pedido hoy y permite que cada rinc\u00f3n de tu tienda se llene de la sofisticaci\u00f3n de esta fragancia \u00fanica y ecol\u00f3gica.<\/p>\n","protected":false},"excerpt":{"rendered":"<p>Vela Arom\u00e1tica Almizcle Soy Pot &#8211; Aroma Sentia Sum\u00e9rgete en la esencia de la sofisticaci\u00f3n y el misterio con nuestra Vela Arom\u00e1tica Almizcle Soy Pot de Aroma Sentia. Esta vela, confeccionada con cera de soja 100% natural, captura la intensidad del almizcle, creando una fragancia profunda y envolvente que transforma cualquier espacio en un refugio [&hellip;]<\/p>\n","protected":false},"featured_media":312005,"comment_status":"closed","ping_status":"open","template":"","meta":{"_angie_page":false},"product_brand":[],"product_cat":[17471,19997],"product_tag":[],"class_list":{"0":"post-236258","1":"product","2":"type-product","3":"status-publish","4":"has-post-thumbnail","6":"product_cat-portavelas-y-velas","7":"product_cat-velas-de-cera-de-soja","8":"pa_collection-soy-wax-candle-pots-es","9":"pa_made-in-china","11":"first","12":"instock","13":"purchasable","14":"product-type-simple"},"supplier_id":null,"supplier_sku":"SoyP-07","barcode":null,"atum_controlled":true,"out_stock_date":null,"out_stock_threshold":null,"inheritable":false,"inbound_stock":null,"stock_on_hold":0,"sold_today":0,"sales_last_days":0,"reserved_stock":null,"customer_returns":null,"warehouse_damage":null,"lost_in_post":null,"other_logs":null,"out_stock_days":0,"lost_sales":0,"has_location":null,"update_date":"2026-05-08T05:19:10","atum_locations":[],"atum_stock_status":"instock","restock_status":false,"low_stock_amount":"","sales_update_date":"2025-09-05T00:22:11","calc_backorders":null,"_links":{"self":[{"href":"https:\/\/aromasentia.com\/es\/wp-json\/wp\/v2\/product\/236258","targetHints":{"allow":["GET"]}}],"collection":[{"href":"https:\/\/aromasentia.com\/es\/wp-json\/wp\/v2\/product"}],"about":[{"href":"https:\/\/aromasentia.com\/es\/wp-json\/wp\/v2\/types\/product"}],"replies":[{"embeddable":true,"href":"https:\/\/aromasentia.com\/es\/wp-json\/wp\/v2\/comments?post=236258"}],"version-history":[{"count":0,"href":"https:\/\/aromasentia.com\/es\/wp-json\/wp\/v2\/product\/236258\/revisions"}],"wp:featuredmedia":[{"embeddable":true,"href":"https:\/\/aromasentia.com\/es\/wp-json\/wp\/v2\/media\/312005"}],"wp:attachment":[{"href":"https:\/\/aromasentia.com\/es\/wp-json\/wp\/v2\/media?parent=236258"}],"wp:term":[{"taxonomy":"product_brand","embeddable":true,"href":"https:\/\/aromasentia.com\/es\/wp-json\/wp\/v2\/product_brand?post=236258"},{"taxonomy":"product_cat","embeddable":true,"href":"https:\/\/aromasentia.com\/es\/wp-json\/wp\/v2\/product_cat?post=236258"},{"taxonomy":"product_tag","embeddable":true,"href":"https:\/\/aromasentia.com\/es\/wp-json\/wp\/v2\/product_tag?post=236258"}],"curies":[{"name":"wp","href":"https:\/\/api.w.org\/{rel}","templated":true}]}}