{"id":236094,"date":"2025-03-21T11:39:59","date_gmt":"2025-03-21T11:39:59","guid":{"rendered":"https:\/\/aromasentia.com\/product\/citronella-tealight-18x38-4hrs\/"},"modified":"2025-12-30T21:52:16","modified_gmt":"2025-12-30T21:52:16","slug":"citronella-tealight-18x38-4hrs","status":"publish","type":"product","link":"https:\/\/aromasentia.com\/es\/citronella-tealight-18x38-4hrs\/","title":{"rendered":"Citronella Tealight 18&#215;38 &#8211; 4hrs"},"content":{"rendered":"<p>Mant\u00e9n a raya a los molestos insectos con esta candelita de citronela, que ofrece aproximadamente 4 horas de protecci\u00f3n. Con una infusi\u00f3n de aceite de citronela natural, conocido por sus propiedades repelentes de insectos, esta candelita es perfecta para reuniones al aire libre, patios o acampadas. A la vez que proporciona una luz suave, desprende un aroma fresco y alimonado que disgusta a los mosquitos y otros insectos voladores. Disfrute de su tiempo al aire libre con menos molestias de los insectos, gracias a esta pr\u00e1ctica y agradablemente perfumada candelita.<\/p>\n","protected":false},"excerpt":{"rendered":"<p>Mant\u00e9n a raya a los molestos insectos con esta candelita de citronela, que ofrece aproximadamente 4 horas de protecci\u00f3n. Con una infusi\u00f3n de aceite de citronela natural, conocido por sus propiedades repelentes de insectos, esta candelita es perfecta para reuniones al aire libre, patios o acampadas. A la vez que proporciona una luz suave, desprende [&hellip;]<\/p>\n","protected":false},"featured_media":312682,"comment_status":"closed","ping_status":"open","template":"","meta":{"_angie_page":false},"product_brand":[],"product_cat":[25844,26821,26137,17471,20053],"product_tag":[],"class_list":{"0":"post-236094","1":"product","2":"type-product","3":"status-publish","4":"has-post-thumbnail","6":"product_cat-aromas","7":"product_cat-citrico","8":"product_cat-citronela","9":"product_cat-portavelas-y-velas","10":"product_cat-velas-pilares-cilindricas","11":"pa_collection-bulk-tea-lights-es","12":"pa_made-in-alemania","14":"first","15":"outofstock","16":"purchasable","17":"product-type-simple"},"supplier_id":null,"supplier_sku":"TLS-13","barcode":null,"atum_controlled":true,"out_stock_date":"2025-09-05 16:36:56","out_stock_threshold":null,"inheritable":false,"inbound_stock":null,"stock_on_hold":0,"sold_today":0,"sales_last_days":0,"reserved_stock":null,"customer_returns":null,"warehouse_damage":null,"lost_in_post":null,"other_logs":null,"out_stock_days":0,"lost_sales":0,"has_location":null,"update_date":"2026-04-27T07:25:05","atum_locations":[],"atum_stock_status":"outofstock","restock_status":false,"low_stock_amount":"","sales_update_date":"2025-09-05T00:22:19","calc_backorders":null,"_links":{"self":[{"href":"https:\/\/aromasentia.com\/es\/wp-json\/wp\/v2\/product\/236094","targetHints":{"allow":["GET"]}}],"collection":[{"href":"https:\/\/aromasentia.com\/es\/wp-json\/wp\/v2\/product"}],"about":[{"href":"https:\/\/aromasentia.com\/es\/wp-json\/wp\/v2\/types\/product"}],"replies":[{"embeddable":true,"href":"https:\/\/aromasentia.com\/es\/wp-json\/wp\/v2\/comments?post=236094"}],"version-history":[{"count":0,"href":"https:\/\/aromasentia.com\/es\/wp-json\/wp\/v2\/product\/236094\/revisions"}],"wp:featuredmedia":[{"embeddable":true,"href":"https:\/\/aromasentia.com\/es\/wp-json\/wp\/v2\/media\/312682"}],"wp:attachment":[{"href":"https:\/\/aromasentia.com\/es\/wp-json\/wp\/v2\/media?parent=236094"}],"wp:term":[{"taxonomy":"product_brand","embeddable":true,"href":"https:\/\/aromasentia.com\/es\/wp-json\/wp\/v2\/product_brand?post=236094"},{"taxonomy":"product_cat","embeddable":true,"href":"https:\/\/aromasentia.com\/es\/wp-json\/wp\/v2\/product_cat?post=236094"},{"taxonomy":"product_tag","embeddable":true,"href":"https:\/\/aromasentia.com\/es\/wp-json\/wp\/v2\/product_tag?post=236094"}],"curies":[{"name":"wp","href":"https:\/\/api.w.org\/{rel}","templated":true}]}}