{"id":236026,"date":"2025-03-21T11:40:23","date_gmt":"2025-03-21T11:40:23","guid":{"rendered":"https:\/\/aromasentia.com\/product\/small-candle-stand-white-gold\/"},"modified":"2025-12-30T21:52:00","modified_gmt":"2025-12-30T21:52:00","slug":"candelabro-pequeno-oro-blanco","status":"publish","type":"product","link":"https:\/\/aromasentia.com\/es\/candelabro-pequeno-oro-blanco\/","title":{"rendered":"Candelabro Peque\u00f1o &#8211; Oro Blanco"},"content":{"rendered":"<p style=\"text-align: justify;\">Candelabros vintage de madera, candelabros de madera hechos a mano perfectos y elegantes. Son las rodillas de la abeja y se destacar\u00e1n en cualquier hogar. Excelente calidad y dise\u00f1os contempor\u00e1neos.<\/p>\n<p style=\"text-align: justify;\"><\/p>\n<p style=\"text-align: justify;\">Estos candelabros rom\u00e1nticos est\u00e1n hechos de madera ornamentales tallados a mano de madera de Albesia sostenibles ideales para sostener velas de iglesia.<\/p>\n","protected":false},"excerpt":{"rendered":"<p>Candelabros vintage de madera, candelabros de madera hechos a mano perfectos y elegantes. Son las rodillas de la abeja y se destacar\u00e1n en cualquier hogar. Excelente calidad y dise\u00f1os contempor\u00e1neos. Estos candelabros rom\u00e1nticos est\u00e1n hechos de madera ornamentales tallados a mano de madera de Albesia sostenibles ideales para sostener velas de iglesia.<\/p>\n","protected":false},"featured_media":313072,"comment_status":"closed","ping_status":"open","template":"","meta":{"_angie_page":false},"product_brand":[],"product_cat":[17470,17471],"product_tag":[],"class_list":{"0":"post-236026","1":"product","2":"type-product","3":"status-publish","4":"has-post-thumbnail","6":"product_cat-portavelas","7":"product_cat-portavelas-y-velas","8":"pa_collection-vintage-candle-stands-es","9":"pa_made-in-indonesia","11":"first","12":"instock","13":"purchasable","14":"product-type-simple"},"supplier_id":null,"supplier_sku":"Vinstics-03","barcode":null,"atum_controlled":true,"out_stock_date":null,"out_stock_threshold":null,"inheritable":false,"inbound_stock":null,"stock_on_hold":0,"sold_today":0,"sales_last_days":0,"reserved_stock":null,"customer_returns":null,"warehouse_damage":null,"lost_in_post":null,"other_logs":null,"out_stock_days":0,"lost_sales":0,"has_location":null,"update_date":"2026-04-27T07:26:15","atum_locations":[],"atum_stock_status":"instock","restock_status":false,"low_stock_amount":"","sales_update_date":"2025-09-05T00:22:22","calc_backorders":null,"_links":{"self":[{"href":"https:\/\/aromasentia.com\/es\/wp-json\/wp\/v2\/product\/236026","targetHints":{"allow":["GET"]}}],"collection":[{"href":"https:\/\/aromasentia.com\/es\/wp-json\/wp\/v2\/product"}],"about":[{"href":"https:\/\/aromasentia.com\/es\/wp-json\/wp\/v2\/types\/product"}],"replies":[{"embeddable":true,"href":"https:\/\/aromasentia.com\/es\/wp-json\/wp\/v2\/comments?post=236026"}],"version-history":[{"count":0,"href":"https:\/\/aromasentia.com\/es\/wp-json\/wp\/v2\/product\/236026\/revisions"}],"wp:featuredmedia":[{"embeddable":true,"href":"https:\/\/aromasentia.com\/es\/wp-json\/wp\/v2\/media\/313072"}],"wp:attachment":[{"href":"https:\/\/aromasentia.com\/es\/wp-json\/wp\/v2\/media?parent=236026"}],"wp:term":[{"taxonomy":"product_brand","embeddable":true,"href":"https:\/\/aromasentia.com\/es\/wp-json\/wp\/v2\/product_brand?post=236026"},{"taxonomy":"product_cat","embeddable":true,"href":"https:\/\/aromasentia.com\/es\/wp-json\/wp\/v2\/product_cat?post=236026"},{"taxonomy":"product_tag","embeddable":true,"href":"https:\/\/aromasentia.com\/es\/wp-json\/wp\/v2\/product_tag?post=236026"}],"curies":[{"name":"wp","href":"https:\/\/api.w.org\/{rel}","templated":true}]}}