{"id":235950,"date":"2025-03-21T11:42:30","date_gmt":"2025-03-21T11:42:30","guid":{"rendered":"https:\/\/aromasentia.com\/product\/zodiac-crystal-candle-with-gemstone-bracelet-gemini\/"},"modified":"2025-12-30T21:51:43","modified_gmt":"2025-12-30T21:51:43","slug":"vela-de-cristal-del-zodiaco-con-pulsera-de-piedras-preciosas-geminis","status":"publish","type":"product","link":"https:\/\/aromasentia.com\/es\/vela-de-cristal-del-zodiaco-con-pulsera-de-piedras-preciosas-geminis\/","title":{"rendered":"Vela de Cristal del Zod\u00edaco con Pulsera de Piedras Preciosas &#8211; G\u00e9minis"},"content":{"rendered":"<p>Despierta la curiosidad y creatividad de <strong>G\u00e9minis&nbsp;<\/strong>con esta vela zodiacal de <strong>Aroma Sentia Espa\u00f1a.<\/strong><\/p>\n<p>&nbsp;La pulsera que acompa\u00f1a esta vela est\u00e1 compuesta por piedras preciosas de <strong>citrino, cuarzo rosa y piedra lunar.<\/strong><\/p>\n<p>La <strong>citrina&nbsp;<\/strong>promueve la creatividad y la confianza a este signo. Mientras que el <strong>cuarzo rosa<\/strong> promueve el amor, la compasi\u00f3n y la armon\u00eda. Finalmente la piedra <strong>lunar mejora<\/strong> la intuici\u00f3n y el equilibrio emocional.<\/p>\n<p>Esta vibrante combinaci\u00f3n de vela y pulsera es un regalo considerado o un complemento perfecto para un ritual de cuidado personal.<\/p>\n<p><strong>\u00bfQu\u00e9 notas de aroma tiene esta vela?<\/strong><\/p>\n<p><em>Notas altas: bergamota, melocot\u00f3n&nbsp;<\/em><\/p>\n<p><em>Notas de coraz\u00f3n: flor de naranja, rosa, heliotropo, lirio, orqu\u00eddea, iris, gardenia.<\/em><\/p>\n<p><em>Notas de fondo: cedro, \u00e1mbar, almizcle, vetiver, musgo, benju\u00ed.<\/em><\/p>\n<p><strong>\u00a1Esta velas es ideal para quienes buscan una conexi\u00f3n m\u00e1s espiritual con su signo! No dudes en combinarla con otras <a href=\"https:\/\/aromasentia.com\/zcc\" rel=\"noopener noreferrer\" target=\"_blank\">velas del zodiaco<\/a>.<\/strong><\/p>\n","protected":false},"excerpt":{"rendered":"<p>Despierta la curiosidad y creatividad de G\u00e9minis&nbsp;con esta vela zodiacal de Aroma Sentia Espa\u00f1a. &nbsp;La pulsera que acompa\u00f1a esta vela est\u00e1 compuesta por piedras preciosas de citrino, cuarzo rosa y piedra lunar. La citrina&nbsp;promueve la creatividad y la confianza a este signo. Mientras que el cuarzo rosa promueve el amor, la compasi\u00f3n y la armon\u00eda. [&hellip;]<\/p>\n","protected":false},"featured_media":314092,"comment_status":"closed","ping_status":"open","template":"","meta":{"_angie_page":false},"product_brand":[],"product_cat":[17471,25209],"product_tag":[],"class_list":{"0":"post-235950","1":"product","2":"type-product","3":"status-publish","4":"has-post-thumbnail","6":"product_cat-portavelas-y-velas","7":"product_cat-pulseras","8":"pa_collection-zodiac-crystal-candles-with-gemstone-bracelet-es","9":"pa_made-in-china","11":"first","12":"instock","13":"purchasable","14":"product-type-simple"},"supplier_id":null,"supplier_sku":"ZCC-05","barcode":null,"atum_controlled":true,"out_stock_date":null,"out_stock_threshold":null,"inheritable":false,"inbound_stock":null,"stock_on_hold":0,"sold_today":0,"sales_last_days":0,"reserved_stock":null,"customer_returns":null,"warehouse_damage":null,"lost_in_post":null,"other_logs":null,"out_stock_days":0,"lost_sales":0,"has_location":null,"update_date":"2026-04-27T07:27:29","atum_locations":[],"atum_stock_status":"instock","restock_status":false,"low_stock_amount":"","sales_update_date":"2025-09-05T00:22:27","calc_backorders":null,"_links":{"self":[{"href":"https:\/\/aromasentia.com\/es\/wp-json\/wp\/v2\/product\/235950","targetHints":{"allow":["GET"]}}],"collection":[{"href":"https:\/\/aromasentia.com\/es\/wp-json\/wp\/v2\/product"}],"about":[{"href":"https:\/\/aromasentia.com\/es\/wp-json\/wp\/v2\/types\/product"}],"replies":[{"embeddable":true,"href":"https:\/\/aromasentia.com\/es\/wp-json\/wp\/v2\/comments?post=235950"}],"version-history":[{"count":0,"href":"https:\/\/aromasentia.com\/es\/wp-json\/wp\/v2\/product\/235950\/revisions"}],"wp:featuredmedia":[{"embeddable":true,"href":"https:\/\/aromasentia.com\/es\/wp-json\/wp\/v2\/media\/314092"}],"wp:attachment":[{"href":"https:\/\/aromasentia.com\/es\/wp-json\/wp\/v2\/media?parent=235950"}],"wp:term":[{"taxonomy":"product_brand","embeddable":true,"href":"https:\/\/aromasentia.com\/es\/wp-json\/wp\/v2\/product_brand?post=235950"},{"taxonomy":"product_cat","embeddable":true,"href":"https:\/\/aromasentia.com\/es\/wp-json\/wp\/v2\/product_cat?post=235950"},{"taxonomy":"product_tag","embeddable":true,"href":"https:\/\/aromasentia.com\/es\/wp-json\/wp\/v2\/product_tag?post=235950"}],"curies":[{"name":"wp","href":"https:\/\/api.w.org\/{rel}","templated":true}]}}