{"id":235946,"date":"2025-03-21T11:42:30","date_gmt":"2025-03-21T11:42:30","guid":{"rendered":"https:\/\/aromasentia.com\/product\/zodiac-crystal-candle-with-gemstone-bracelet-taurus\/"},"modified":"2025-12-30T21:51:43","modified_gmt":"2025-12-30T21:51:43","slug":"vela-de-cristal-del-zodiaco-con-pulsera-de-piedras-preciosas-tauro","status":"publish","type":"product","link":"https:\/\/aromasentia.com\/es\/vela-de-cristal-del-zodiaco-con-pulsera-de-piedras-preciosas-tauro\/","title":{"rendered":"Vela de Cristal del Zod\u00edaco con Pulsera de Piedras Preciosas &#8211; Tauro"},"content":{"rendered":"<p>La energ\u00eda del s\u00edmbolo del zodiaco Tauro, cautivar\u00e1 a sus clientes por su belleza y estabilidad.&nbsp;<\/p>\n<p>Esta vela viene presentada en una caja muy atractiva para la venta y cuenta con una pulsera en su interior. La pulsera est\u00e1 compuesta por las siguientes<strong>&nbsp;piedras preciosas<\/strong>: lapisl\u00e1zuli, \u00e1gata de musgo<\/p>\n<p>Para Tauro, el <strong>lapisl\u00e1zuli&nbsp;<\/strong>aporta sabidur\u00eda y autoexpresi\u00f3n, mientras que el <strong>\u00e1gata de musgo<\/strong> ofrece estabilidad y abundancia, dos aspectos que complementan perfectamente la personalidad de Tauro.<\/p>\n<p><strong>\u00bfQu\u00e9 notas de aroma tiene esta vela?<\/strong><\/p>\n<p><em>Notas altas: Bergamota, Incienso, Cipr\u00e9s, Menta, Albahaca.&nbsp;<\/em><\/p>\n<p><em>Notas de coraz\u00f3n: Clavel, Verbena, Helecho.&nbsp;<\/em><\/p>\n<p><em>Notas de fondo: pachul\u00ed, madera aterciopelada, tonka, benju\u00ed, poliestireno, \u00e1mbar, cuero, musgo, almizcle, l\u00e1dano.<\/em><\/p>\n<p><strong>\u00a1No dude en a\u00f1adir m\u00e1s velas de la misma gama! y ofrezca a sus clientes una gama exclusiva de velas .&nbsp;<\/strong><\/p>\n<p>Estas vela son perfecta para revender, es un regalo ideal para los nacidos bajo Tauro o amantes de la astrolog\u00eda.<\/p>\n<p><\/p>\n","protected":false},"excerpt":{"rendered":"<p>La energ\u00eda del s\u00edmbolo del zodiaco Tauro, cautivar\u00e1 a sus clientes por su belleza y estabilidad.&nbsp; Esta vela viene presentada en una caja muy atractiva para la venta y cuenta con una pulsera en su interior. La pulsera est\u00e1 compuesta por las siguientes&nbsp;piedras preciosas: lapisl\u00e1zuli, \u00e1gata de musgo Para Tauro, el lapisl\u00e1zuli&nbsp;aporta sabidur\u00eda y autoexpresi\u00f3n, [&hellip;]<\/p>\n","protected":false},"featured_media":314059,"comment_status":"closed","ping_status":"open","template":"","meta":{"_angie_page":false},"product_brand":[],"product_cat":[17471,25209],"product_tag":[],"class_list":{"0":"post-235946","1":"product","2":"type-product","3":"status-publish","4":"has-post-thumbnail","6":"product_cat-portavelas-y-velas","7":"product_cat-pulseras","8":"pa_collection-zodiac-crystal-candles-with-gemstone-bracelet-es","9":"pa_made-in-china","11":"first","12":"instock","13":"purchasable","14":"product-type-simple"},"supplier_id":null,"supplier_sku":"ZCC-04","barcode":null,"atum_controlled":true,"out_stock_date":null,"out_stock_threshold":null,"inheritable":false,"inbound_stock":null,"stock_on_hold":0,"sold_today":0,"sales_last_days":0,"reserved_stock":null,"customer_returns":null,"warehouse_damage":null,"lost_in_post":null,"other_logs":null,"out_stock_days":0,"lost_sales":0,"has_location":null,"update_date":"2026-04-27T07:27:29","atum_locations":[],"atum_stock_status":"instock","restock_status":false,"low_stock_amount":"","sales_update_date":"2025-09-05T00:22:27","calc_backorders":null,"_links":{"self":[{"href":"https:\/\/aromasentia.com\/es\/wp-json\/wp\/v2\/product\/235946","targetHints":{"allow":["GET"]}}],"collection":[{"href":"https:\/\/aromasentia.com\/es\/wp-json\/wp\/v2\/product"}],"about":[{"href":"https:\/\/aromasentia.com\/es\/wp-json\/wp\/v2\/types\/product"}],"replies":[{"embeddable":true,"href":"https:\/\/aromasentia.com\/es\/wp-json\/wp\/v2\/comments?post=235946"}],"version-history":[{"count":0,"href":"https:\/\/aromasentia.com\/es\/wp-json\/wp\/v2\/product\/235946\/revisions"}],"wp:featuredmedia":[{"embeddable":true,"href":"https:\/\/aromasentia.com\/es\/wp-json\/wp\/v2\/media\/314059"}],"wp:attachment":[{"href":"https:\/\/aromasentia.com\/es\/wp-json\/wp\/v2\/media?parent=235946"}],"wp:term":[{"taxonomy":"product_brand","embeddable":true,"href":"https:\/\/aromasentia.com\/es\/wp-json\/wp\/v2\/product_brand?post=235946"},{"taxonomy":"product_cat","embeddable":true,"href":"https:\/\/aromasentia.com\/es\/wp-json\/wp\/v2\/product_cat?post=235946"},{"taxonomy":"product_tag","embeddable":true,"href":"https:\/\/aromasentia.com\/es\/wp-json\/wp\/v2\/product_tag?post=235946"}],"curies":[{"name":"wp","href":"https:\/\/api.w.org\/{rel}","templated":true}]}}