{"id":235942,"date":"2025-03-21T11:42:30","date_gmt":"2025-03-21T11:42:30","guid":{"rendered":"https:\/\/aromasentia.com\/product\/zodiac-crystal-candle-with-gemstone-bracelet-aries\/"},"modified":"2025-12-30T21:51:43","modified_gmt":"2025-12-30T21:51:43","slug":"vela-de-cristal-del-zodiaco-con-pulsera-de-piedras-preciosas-aries","status":"publish","type":"product","link":"https:\/\/aromasentia.com\/es\/vela-de-cristal-del-zodiaco-con-pulsera-de-piedras-preciosas-aries\/","title":{"rendered":"Vela de Cristal del Zodiaco con Pulsera de Piedras Preciosas &#8211; Aries"},"content":{"rendered":"<p><strong>Aries, valiente energ\u00e9tico y l\u00edder natural.<\/strong> \u00a1Sorprende a sus clientes aries con esta preciosa vela del zodiaco de Aroma Sentia Espa\u00f1a.&nbsp;<\/p>\n<p>Esta vela viene presentada en una caja muy atractiva para la venta y cuenta con una pulsera en su interior. La pulsera est\u00e1 compuesta por las siguientes<strong>&nbsp;piedras preciosas<\/strong>: jaspe rojo, helitropo y hematita.<\/p>\n<p>El jaspe rojo fomenta el coraje y la vitalidad de este signo. La piedra el heliotropo mejora la resiliencia y la concentraci\u00f3n. Por otro lado, la hematita promueve a equilibrar la energ\u00eda y &nbsp;la estabilidad.<\/p>\n<p>El fuego es el elemento que rige a Aries, y su significado est\u00e1 muy relacionado con la energ\u00eda, la pasi\u00f3n y la acci\u00f3n. Su elemento es el fuego.<\/p>\n<p><strong>\u00bfQu\u00e9 notas de aroma tiene esta vela?<\/strong><\/p>\n<p><em>Notas altas: pino, eucalipto, salvia, tomillo, sal marina, ozono.&nbsp;<\/em><\/p>\n<p><em>Notas de coraz\u00f3n: rosa, lirio, jazm\u00edn, lila, violeta.<\/em><\/p>\n<p><em>Notas de fondo: cedro, \u00e1mbar.<\/em><\/p>\n<p><strong>\u00a1No dude en a\u00f1adir m\u00e1s velas de la misma gama! y ofrezca a sus clientes una gama exclusiva de velas . Cada signo tiene sus propias fortalezas y caracter\u00edsticas \u00fanicas, lo que los hace \u00fanicos.<\/strong><\/p>\n","protected":false},"excerpt":{"rendered":"<p>Aries, valiente energ\u00e9tico y l\u00edder natural. \u00a1Sorprende a sus clientes aries con esta preciosa vela del zodiaco de Aroma Sentia Espa\u00f1a.&nbsp; Esta vela viene presentada en una caja muy atractiva para la venta y cuenta con una pulsera en su interior. La pulsera est\u00e1 compuesta por las siguientes&nbsp;piedras preciosas: jaspe rojo, helitropo y hematita. El [&hellip;]<\/p>\n","protected":false},"featured_media":314026,"comment_status":"closed","ping_status":"open","template":"","meta":[],"product_brand":[],"product_cat":[17471,25209],"product_tag":[],"class_list":{"0":"post-235942","1":"product","2":"type-product","3":"status-publish","4":"has-post-thumbnail","6":"product_cat-portavelas-y-velas","7":"product_cat-pulseras","8":"pa_collection-zodiac-crystal-candles-with-gemstone-bracelet-es","9":"pa_made-in-china","11":"first","12":"instock","13":"purchasable","14":"product-type-simple"},"supplier_id":null,"supplier_sku":"ZCC-03","barcode":null,"atum_controlled":true,"out_stock_date":null,"out_stock_threshold":null,"inheritable":false,"inbound_stock":null,"stock_on_hold":0,"sold_today":0,"sales_last_days":0,"reserved_stock":null,"customer_returns":null,"warehouse_damage":null,"lost_in_post":null,"other_logs":null,"out_stock_days":0,"lost_sales":0,"has_location":null,"update_date":"2026-02-09T22:35:02","atum_locations":[],"atum_stock_status":"instock","restock_status":false,"low_stock_amount":"","sales_update_date":"2025-09-05T00:22:27","calc_backorders":null,"_links":{"self":[{"href":"https:\/\/aromasentia.com\/es\/wp-json\/wp\/v2\/product\/235942","targetHints":{"allow":["GET"]}}],"collection":[{"href":"https:\/\/aromasentia.com\/es\/wp-json\/wp\/v2\/product"}],"about":[{"href":"https:\/\/aromasentia.com\/es\/wp-json\/wp\/v2\/types\/product"}],"replies":[{"embeddable":true,"href":"https:\/\/aromasentia.com\/es\/wp-json\/wp\/v2\/comments?post=235942"}],"version-history":[{"count":0,"href":"https:\/\/aromasentia.com\/es\/wp-json\/wp\/v2\/product\/235942\/revisions"}],"wp:featuredmedia":[{"embeddable":true,"href":"https:\/\/aromasentia.com\/es\/wp-json\/wp\/v2\/media\/314026"}],"wp:attachment":[{"href":"https:\/\/aromasentia.com\/es\/wp-json\/wp\/v2\/media?parent=235942"}],"wp:term":[{"taxonomy":"product_brand","embeddable":true,"href":"https:\/\/aromasentia.com\/es\/wp-json\/wp\/v2\/product_brand?post=235942"},{"taxonomy":"product_cat","embeddable":true,"href":"https:\/\/aromasentia.com\/es\/wp-json\/wp\/v2\/product_cat?post=235942"},{"taxonomy":"product_tag","embeddable":true,"href":"https:\/\/aromasentia.com\/es\/wp-json\/wp\/v2\/product_tag?post=235942"}],"curies":[{"name":"wp","href":"https:\/\/api.w.org\/{rel}","templated":true}]}}