{"id":235938,"date":"2025-03-21T11:42:30","date_gmt":"2025-03-21T11:42:30","guid":{"rendered":"https:\/\/aromasentia.com\/product\/zodiac-crystal-candle-with-gemstone-bracelet-pisces\/"},"modified":"2025-12-30T21:51:43","modified_gmt":"2025-12-30T21:51:43","slug":"vela-de-cristal-del-zodiaco-con-pulsera-de-piedras-preciosas-piscis","status":"publish","type":"product","link":"https:\/\/aromasentia.com\/es\/vela-de-cristal-del-zodiaco-con-pulsera-de-piedras-preciosas-piscis\/","title":{"rendered":"Vela de Cristal del Zodiaco con Pulsera de Piedras Preciosas &#8211; Piscis"},"content":{"rendered":"<p>\u00a1Revenda en su tienda las velas del zodiaco con pulsera del signo piscis de Aroma Sentia Espa\u00f1a! El so\u00f1ador, emp\u00e1tico y compasivo.<\/p>\n<p>Esta vela viene en una caja atractiva para la venta y adem\u00e1s cuenta con una pulsera en su interior.&nbsp;<\/p>\n<p>La de piedras preciosas de la pulsera que lleva, est\u00e1 compuesta por <strong>piedra lunar, turquesa y aguamarina,<\/strong> seleccionadas para que vibren acorde a la naturaleza de piscis:<\/p>\n<p>La <strong>piedra lunar<\/strong>: mejora la intuici\u00f3n y promueve la paz de las emociones. La piedra <strong>turquesa<\/strong>: promueve la curaci\u00f3n y protege de las energ\u00edas negativas. Y la piedra <strong>aguamarina<\/strong>: promueve la calma y la claridad.&nbsp;<\/p>\n<p><strong>Esta vela cuenta con diferentes notas de aroma:<\/strong><\/p>\n<p><em>Notas altas: lim\u00f3n, bergamota, pimienta rosa.&nbsp;<\/em><\/p>\n<p><em>Notas de coraz\u00f3n: violeta, jazm\u00edn, pachul\u00ed.&nbsp;<\/em><\/p>\n<p><em>Notas de fondo: Tonka, gamuza, \u00e1mbar, almizcle, vainilla.<\/em><\/p>\n<p><strong>\u00a1No dude en a\u00f1adir m\u00e1s velas de la misma gama! y ofrezca a sus clientes una gama exclusiva de velas . Cada signo tiene sus propias fortalezas y caracter\u00edsticas \u00fanicas, lo que los hace \u00fanicos.<\/strong><\/p>\n","protected":false},"excerpt":{"rendered":"<p>\u00a1Revenda en su tienda las velas del zodiaco con pulsera del signo piscis de Aroma Sentia Espa\u00f1a! El so\u00f1ador, emp\u00e1tico y compasivo. Esta vela viene en una caja atractiva para la venta y adem\u00e1s cuenta con una pulsera en su interior.&nbsp; La de piedras preciosas de la pulsera que lleva, est\u00e1 compuesta por piedra lunar, [&hellip;]<\/p>\n","protected":false},"featured_media":313993,"comment_status":"closed","ping_status":"open","template":"","meta":[],"product_brand":[],"product_cat":[17471,25209],"product_tag":[],"class_list":{"0":"post-235938","1":"product","2":"type-product","3":"status-publish","4":"has-post-thumbnail","6":"product_cat-portavelas-y-velas","7":"product_cat-pulseras","8":"pa_collection-zodiac-crystal-candles-with-gemstone-bracelet-es","9":"pa_made-in-china","11":"first","12":"instock","13":"purchasable","14":"product-type-simple"},"supplier_id":null,"supplier_sku":"ZCC-02","barcode":null,"atum_controlled":true,"out_stock_date":null,"out_stock_threshold":null,"inheritable":false,"inbound_stock":null,"stock_on_hold":0,"sold_today":0,"sales_last_days":0,"reserved_stock":null,"customer_returns":null,"warehouse_damage":null,"lost_in_post":null,"other_logs":null,"out_stock_days":0,"lost_sales":0,"has_location":null,"update_date":"2026-02-11T09:35:01","atum_locations":[],"atum_stock_status":"instock","restock_status":false,"low_stock_amount":"","sales_update_date":"2025-09-05T00:22:27","calc_backorders":null,"_links":{"self":[{"href":"https:\/\/aromasentia.com\/es\/wp-json\/wp\/v2\/product\/235938","targetHints":{"allow":["GET"]}}],"collection":[{"href":"https:\/\/aromasentia.com\/es\/wp-json\/wp\/v2\/product"}],"about":[{"href":"https:\/\/aromasentia.com\/es\/wp-json\/wp\/v2\/types\/product"}],"replies":[{"embeddable":true,"href":"https:\/\/aromasentia.com\/es\/wp-json\/wp\/v2\/comments?post=235938"}],"version-history":[{"count":0,"href":"https:\/\/aromasentia.com\/es\/wp-json\/wp\/v2\/product\/235938\/revisions"}],"wp:featuredmedia":[{"embeddable":true,"href":"https:\/\/aromasentia.com\/es\/wp-json\/wp\/v2\/media\/313993"}],"wp:attachment":[{"href":"https:\/\/aromasentia.com\/es\/wp-json\/wp\/v2\/media?parent=235938"}],"wp:term":[{"taxonomy":"product_brand","embeddable":true,"href":"https:\/\/aromasentia.com\/es\/wp-json\/wp\/v2\/product_brand?post=235938"},{"taxonomy":"product_cat","embeddable":true,"href":"https:\/\/aromasentia.com\/es\/wp-json\/wp\/v2\/product_cat?post=235938"},{"taxonomy":"product_tag","embeddable":true,"href":"https:\/\/aromasentia.com\/es\/wp-json\/wp\/v2\/product_tag?post=235938"}],"curies":[{"name":"wp","href":"https:\/\/api.w.org\/{rel}","templated":true}]}}