{"id":235934,"date":"2025-03-21T11:42:30","date_gmt":"2025-03-21T11:42:30","guid":{"rendered":"https:\/\/aromasentia.com\/product\/zodiac-crystal-candle-with-gemstone-bracelet-aquarious\/"},"modified":"2025-12-30T21:51:43","modified_gmt":"2025-12-30T21:51:43","slug":"vela-de-cristal-del-zodiaco-con-pulsera-de-piedras-preciosas-acuario","status":"publish","type":"product","link":"https:\/\/aromasentia.com\/es\/vela-de-cristal-del-zodiaco-con-pulsera-de-piedras-preciosas-acuario\/","title":{"rendered":"Vela de Cristal del Zodiaco con Pulsera de Piedras Preciosas &#8211; Acuario"},"content":{"rendered":"<p>\u00a1Incorpore a su tienda el poder innovador &nbsp;e independiente de Acuario con esta vela dise\u00f1ada para los Acuarios de <strong>Aroma Sentia Espa\u00f1a<\/strong>!<\/p>\n<p>Esta vela incluye una pulsera cuidadosamente elaborada con piedras preciosas de <strong>amatista, lapisl\u00e1zuli y hematita<\/strong>, cada una seleccionada por sus propiedades energ\u00e9ticas que resuenan con las vibraciones de Acuario:<\/p>\n<p><strong>La piedra Amatista:&nbsp;<\/strong>ayuda a aumenta la intuici\u00f3n y a la paz interior, ofreciendo claridad mental. &nbsp;<strong>La piedra Lapisl\u00e1zuli:<\/strong> fomenta la sabidur\u00eda y la autoexpresi\u00f3n. &nbsp;<strong>La piedra Hematita<\/strong>: le proporciona equilibrio y concentraci\u00f3n.<\/p>\n<p>Adem\u00e1s, viene con una caja muy atractiva para la venta. Cuenta con tonos azules oscuros para avocar al cielo por la noche.<\/p>\n<p><strong>Las notas de fragancia que contiene esta vela es:&nbsp;<\/strong><\/p>\n<p><em>Notas altas: &nbsp;Cassis, mandarina.&nbsp;<\/em><\/p>\n<p><em>Notas de coraz\u00f3n: Lavanda, frutos rojos, rosa.&nbsp;<\/em><\/p>\n<p><em>Notas de fondo: S\u00e1ndalo, \u00e1mbar<\/em><\/p>\n<p><strong>\u00a1No dude en a\u00f1adir m\u00e1s velas de la misma gama! y ofrezca a sus clientes una gama exclusiva de velas . Cada signo tiene sus propias fortalezas y caracter\u00edsticas \u00fanicas, lo que los hace \u00fanicos.<\/strong><\/p>\n","protected":false},"excerpt":{"rendered":"<p>\u00a1Incorpore a su tienda el poder innovador &nbsp;e independiente de Acuario con esta vela dise\u00f1ada para los Acuarios de Aroma Sentia Espa\u00f1a! Esta vela incluye una pulsera cuidadosamente elaborada con piedras preciosas de amatista, lapisl\u00e1zuli y hematita, cada una seleccionada por sus propiedades energ\u00e9ticas que resuenan con las vibraciones de Acuario: La piedra Amatista:&nbsp;ayuda a [&hellip;]<\/p>\n","protected":false},"featured_media":313960,"comment_status":"closed","ping_status":"open","template":"","meta":[],"product_brand":[],"product_cat":[17471,25209],"product_tag":[],"class_list":{"0":"post-235934","1":"product","2":"type-product","3":"status-publish","4":"has-post-thumbnail","6":"product_cat-portavelas-y-velas","7":"product_cat-pulseras","8":"pa_collection-zodiac-crystal-candles-with-gemstone-bracelet-es","9":"pa_made-in-china","11":"first","12":"instock","13":"purchasable","14":"product-type-simple"},"supplier_id":null,"supplier_sku":"ZCC-01","barcode":null,"atum_controlled":true,"out_stock_date":null,"out_stock_threshold":null,"inheritable":false,"inbound_stock":null,"stock_on_hold":0,"sold_today":0,"sales_last_days":0,"reserved_stock":null,"customer_returns":null,"warehouse_damage":null,"lost_in_post":null,"other_logs":null,"out_stock_days":0,"lost_sales":0,"has_location":null,"update_date":"2026-02-11T09:36:36","atum_locations":[],"atum_stock_status":"instock","restock_status":false,"low_stock_amount":"","sales_update_date":"2025-09-05T00:22:27","calc_backorders":null,"_links":{"self":[{"href":"https:\/\/aromasentia.com\/es\/wp-json\/wp\/v2\/product\/235934","targetHints":{"allow":["GET"]}}],"collection":[{"href":"https:\/\/aromasentia.com\/es\/wp-json\/wp\/v2\/product"}],"about":[{"href":"https:\/\/aromasentia.com\/es\/wp-json\/wp\/v2\/types\/product"}],"replies":[{"embeddable":true,"href":"https:\/\/aromasentia.com\/es\/wp-json\/wp\/v2\/comments?post=235934"}],"version-history":[{"count":0,"href":"https:\/\/aromasentia.com\/es\/wp-json\/wp\/v2\/product\/235934\/revisions"}],"wp:featuredmedia":[{"embeddable":true,"href":"https:\/\/aromasentia.com\/es\/wp-json\/wp\/v2\/media\/313960"}],"wp:attachment":[{"href":"https:\/\/aromasentia.com\/es\/wp-json\/wp\/v2\/media?parent=235934"}],"wp:term":[{"taxonomy":"product_brand","embeddable":true,"href":"https:\/\/aromasentia.com\/es\/wp-json\/wp\/v2\/product_brand?post=235934"},{"taxonomy":"product_cat","embeddable":true,"href":"https:\/\/aromasentia.com\/es\/wp-json\/wp\/v2\/product_cat?post=235934"},{"taxonomy":"product_tag","embeddable":true,"href":"https:\/\/aromasentia.com\/es\/wp-json\/wp\/v2\/product_tag?post=235934"}],"curies":[{"name":"wp","href":"https:\/\/api.w.org\/{rel}","templated":true}]}}