{"id":235898,"date":"2025-03-21T11:43:56","date_gmt":"2025-03-21T11:43:56","guid":{"rendered":"https:\/\/aromasentia.com\/product\/zodiac-crystal-candle-with-gemstone-bracelet-capricorn\/"},"modified":"2025-12-30T21:51:35","modified_gmt":"2025-12-30T21:51:35","slug":"vela-de-cristal-del-zodiaco-con-pulsera-de-piedras-preciosas-capricornio","status":"publish","type":"product","link":"https:\/\/aromasentia.com\/es\/vela-de-cristal-del-zodiaco-con-pulsera-de-piedras-preciosas-capricornio\/","title":{"rendered":"Vela de Cristal del Zod\u00edaco con Pulsera de Piedras Preciosas &#8211; Capricornio"},"content":{"rendered":"<p>Fortalece la determinaci\u00f3n y el enfoque de Capricornio con esta vela zodiacal de<strong>&nbsp;Aroma Sentia Espa\u00f1a.<\/strong> La vela que estabas esperando para sorprender a tus clientes.&nbsp;<\/p>\n<p>Esta vela cuenta con una pulsera que posee la piedras preciosas como la amatista y el cuarzo ahumado.&nbsp;<\/p>\n<p>La <strong>amatista&nbsp;<\/strong>promueve la claridad y la percepci\u00f3n espiritual. Ayudando a Capricornio a despierta la intuici\u00f3n y tener m\u00e1s claridad mental. &nbsp;El <strong>cuarzo&nbsp;<\/strong><strong>ahumado&nbsp;<\/strong>ofrece conexi\u00f3n a tierra y protecci\u00f3n, ayudando proteger a los capricornios de energ\u00edas negativas.&nbsp;<\/p>\n<p><strong>\u00bfQu\u00e9 aromas tiene esta vela?&nbsp;<\/strong><\/p>\n<p><em>Notas altas: Coco, Frambuesa, Pera.&nbsp;<\/em><\/p>\n<p><em>Notas de coraz\u00f3n: rosa, jazm\u00edn, lirio.&nbsp;<\/em><\/p>\n<p><em>Notas de fondo: Macaron, az\u00facar, \u00e1mbar, almizcle, s\u00e1ndalo.<\/em><\/p>\n<p>En <strong>Aroma Sentia Espa\u00f1a<\/strong> revendemos una gama completa de velas de zodiaco, comb\u00ednalas y ofrece lo mejor en velas a sus clientes ahora!<\/p>\n","protected":false},"excerpt":{"rendered":"<p>Fortalece la determinaci\u00f3n y el enfoque de Capricornio con esta vela zodiacal de&nbsp;Aroma Sentia Espa\u00f1a. La vela que estabas esperando para sorprender a tus clientes.&nbsp; Esta vela cuenta con una pulsera que posee la piedras preciosas como la amatista y el cuarzo ahumado.&nbsp; La amatista&nbsp;promueve la claridad y la percepci\u00f3n espiritual. Ayudando a Capricornio a [&hellip;]<\/p>\n","protected":false},"featured_media":314299,"comment_status":"closed","ping_status":"open","template":"","meta":{"_angie_page":false},"product_brand":[],"product_cat":[17471,25209],"product_tag":[],"class_list":{"0":"post-235898","1":"product","2":"type-product","3":"status-publish","4":"has-post-thumbnail","6":"product_cat-portavelas-y-velas","7":"product_cat-pulseras","8":"pa_collection-zodiac-crystal-candles-with-gemstone-bracelet-es","9":"pa_made-in-china","11":"first","12":"instock","13":"purchasable","14":"product-type-simple"},"supplier_id":null,"supplier_sku":"ZCC-12","barcode":null,"atum_controlled":true,"out_stock_date":null,"out_stock_threshold":null,"inheritable":false,"inbound_stock":null,"stock_on_hold":0,"sold_today":0,"sales_last_days":0,"reserved_stock":null,"customer_returns":null,"warehouse_damage":null,"lost_in_post":null,"other_logs":null,"out_stock_days":0,"lost_sales":0,"has_location":null,"update_date":"2026-04-27T07:27:36","atum_locations":[],"atum_stock_status":"instock","restock_status":false,"low_stock_amount":"","sales_update_date":"2025-09-05T00:22:28","calc_backorders":null,"_links":{"self":[{"href":"https:\/\/aromasentia.com\/es\/wp-json\/wp\/v2\/product\/235898","targetHints":{"allow":["GET"]}}],"collection":[{"href":"https:\/\/aromasentia.com\/es\/wp-json\/wp\/v2\/product"}],"about":[{"href":"https:\/\/aromasentia.com\/es\/wp-json\/wp\/v2\/types\/product"}],"replies":[{"embeddable":true,"href":"https:\/\/aromasentia.com\/es\/wp-json\/wp\/v2\/comments?post=235898"}],"version-history":[{"count":0,"href":"https:\/\/aromasentia.com\/es\/wp-json\/wp\/v2\/product\/235898\/revisions"}],"wp:featuredmedia":[{"embeddable":true,"href":"https:\/\/aromasentia.com\/es\/wp-json\/wp\/v2\/media\/314299"}],"wp:attachment":[{"href":"https:\/\/aromasentia.com\/es\/wp-json\/wp\/v2\/media?parent=235898"}],"wp:term":[{"taxonomy":"product_brand","embeddable":true,"href":"https:\/\/aromasentia.com\/es\/wp-json\/wp\/v2\/product_brand?post=235898"},{"taxonomy":"product_cat","embeddable":true,"href":"https:\/\/aromasentia.com\/es\/wp-json\/wp\/v2\/product_cat?post=235898"},{"taxonomy":"product_tag","embeddable":true,"href":"https:\/\/aromasentia.com\/es\/wp-json\/wp\/v2\/product_tag?post=235898"}],"curies":[{"name":"wp","href":"https:\/\/api.w.org\/{rel}","templated":true}]}}