{"id":235890,"date":"2025-03-21T11:43:56","date_gmt":"2025-03-21T11:43:56","guid":{"rendered":"https:\/\/aromasentia.com\/product\/zodiac-crystal-candle-with-gemstone-bracelet-scorpio\/"},"modified":"2025-12-30T21:51:28","modified_gmt":"2025-12-30T21:51:28","slug":"vela-de-cristal-del-zodiaco-con-pulsera-de-piedras-preciosas-escorpio","status":"publish","type":"product","link":"https:\/\/aromasentia.com\/es\/vela-de-cristal-del-zodiaco-con-pulsera-de-piedras-preciosas-escorpio\/","title":{"rendered":"Vela de Cristal del Zod\u00edaco con Pulsera de Piedras Preciosas &#8211; Escorpio"},"content":{"rendered":"<p>Despierta la intensidad y la transformaci\u00f3n de Escorpio con esta vela zodiacal de Aroma Sentia Espa\u00f1a.&nbsp;<\/p>\n<p>Esta vela viene con una caja muy atractiva para la venta y cuenta con piedras y una pulsera con piedras preciosas de obsidiana, granate y cuarzo ahumado:&nbsp;<\/p>\n<p>La piedra <strong>obsidiana <\/strong>ofrece protecci\u00f3n y purificaci\u00f3n emocional. La piedra <strong>granate <\/strong>aportar\u00e1 a escorpio, pasi\u00f3n y vitalidad. Y el <strong>cuarzo ahumado<\/strong>, claridad y estabilidad emocional.<\/p>\n<p><strong>Estas tres piedras ayudar\u00e1n a escorpio a estar en equilibrio y promover\u00e1n a que siga su camino en su transformaci\u00f3n personal. <\/strong><\/p>\n<p><strong>\u00bfQu\u00e9 notas de aroma tiene esta vela?<\/strong><\/p>\n<p><em>Notas de salida: Especias, pimienta negra.&nbsp;<\/em><\/p>\n<p><em>Notas de coraz\u00f3n: Flor de naranja, tiramis\u00fa, jazm\u00edn.&nbsp;<\/em><\/p>\n<p><em>Notas de fondo: Madera, Vainilla, Haba Tonka<\/em><\/p>\n<p><strong>No dudes en combinarlas con otras velas de la misma familia o con otras velas relacionadas que tengan piedras preciosas o puro floral \u00a1destaque su tienda por la calidad de sus velas ahora!<\/strong><\/p>\n","protected":false},"excerpt":{"rendered":"<p>Despierta la intensidad y la transformaci\u00f3n de Escorpio con esta vela zodiacal de Aroma Sentia Espa\u00f1a.&nbsp; Esta vela viene con una caja muy atractiva para la venta y cuenta con piedras y una pulsera con piedras preciosas de obsidiana, granate y cuarzo ahumado:&nbsp; La piedra obsidiana ofrece protecci\u00f3n y purificaci\u00f3n emocional. La piedra granate aportar\u00e1 [&hellip;]<\/p>\n","protected":false},"featured_media":314233,"comment_status":"closed","ping_status":"open","template":"","meta":{"_angie_page":false},"product_brand":[],"product_cat":[17471,25209],"product_tag":[],"class_list":{"0":"post-235890","1":"product","2":"type-product","3":"status-publish","4":"has-post-thumbnail","6":"product_cat-portavelas-y-velas","7":"product_cat-pulseras","8":"pa_collection-zodiac-crystal-candles-with-gemstone-bracelet-es","9":"pa_made-in-china","11":"first","12":"instock","13":"purchasable","14":"product-type-simple"},"supplier_id":null,"supplier_sku":"ZCC-10","barcode":null,"atum_controlled":true,"out_stock_date":null,"out_stock_threshold":null,"inheritable":false,"inbound_stock":null,"stock_on_hold":0,"sold_today":0,"sales_last_days":0,"reserved_stock":null,"customer_returns":null,"warehouse_damage":null,"lost_in_post":null,"other_logs":null,"out_stock_days":0,"lost_sales":0,"has_location":null,"update_date":"2026-04-27T07:27:30","atum_locations":[],"atum_stock_status":"instock","restock_status":false,"low_stock_amount":"","sales_update_date":"2025-09-05T00:22:28","calc_backorders":null,"_links":{"self":[{"href":"https:\/\/aromasentia.com\/es\/wp-json\/wp\/v2\/product\/235890","targetHints":{"allow":["GET"]}}],"collection":[{"href":"https:\/\/aromasentia.com\/es\/wp-json\/wp\/v2\/product"}],"about":[{"href":"https:\/\/aromasentia.com\/es\/wp-json\/wp\/v2\/types\/product"}],"replies":[{"embeddable":true,"href":"https:\/\/aromasentia.com\/es\/wp-json\/wp\/v2\/comments?post=235890"}],"version-history":[{"count":0,"href":"https:\/\/aromasentia.com\/es\/wp-json\/wp\/v2\/product\/235890\/revisions"}],"wp:featuredmedia":[{"embeddable":true,"href":"https:\/\/aromasentia.com\/es\/wp-json\/wp\/v2\/media\/314233"}],"wp:attachment":[{"href":"https:\/\/aromasentia.com\/es\/wp-json\/wp\/v2\/media?parent=235890"}],"wp:term":[{"taxonomy":"product_brand","embeddable":true,"href":"https:\/\/aromasentia.com\/es\/wp-json\/wp\/v2\/product_brand?post=235890"},{"taxonomy":"product_cat","embeddable":true,"href":"https:\/\/aromasentia.com\/es\/wp-json\/wp\/v2\/product_cat?post=235890"},{"taxonomy":"product_tag","embeddable":true,"href":"https:\/\/aromasentia.com\/es\/wp-json\/wp\/v2\/product_tag?post=235890"}],"curies":[{"name":"wp","href":"https:\/\/api.w.org\/{rel}","templated":true}]}}