{"id":235886,"date":"2025-03-21T11:43:56","date_gmt":"2025-03-21T11:43:56","guid":{"rendered":"https:\/\/aromasentia.com\/product\/zodiac-crystal-candle-with-gemstone-bracelet-libra\/"},"modified":"2025-12-30T21:51:28","modified_gmt":"2025-12-30T21:51:28","slug":"vela-de-cristal-del-zodiaco-con-pulsera-de-piedras-preciosas-libra","status":"publish","type":"product","link":"https:\/\/aromasentia.com\/es\/vela-de-cristal-del-zodiaco-con-pulsera-de-piedras-preciosas-libra\/","title":{"rendered":"Vela de Cristal del Zod\u00edaco con Pulsera de Piedras Preciosas &#8211; Libra"},"content":{"rendered":"<p>\u00a1Busca el equilibrio con las velas del zodiaco Libra de <strong>Aroma Sentia Espa\u00f1a<\/strong>!<\/p>\n<p>Dentro de esta vela podr\u00e1s encontrar una pulsera con piedras preciosas de <strong>aventurina verde, \u00f3palo y cuarzo rosa.&nbsp;<\/strong><\/p>\n<p>Gracias a la piedra de <strong>aventurina verde<\/strong>, los libranos podr\u00e1n encontrar la claridad y el equilibrio para ayudarles a la toma de decisiones. El \u00f3palo puede ayudar a tener m\u00e1s creatividad y el cuarzo rosa les ayuda a encontrar el equilibrio en sus relaciones.&nbsp;<\/p>\n<p>Equilibra las energ\u00edas con esta incre\u00edble vela, para potenciar la armon\u00eda de sus clientes. Esta vela viene con una caja muy atractiva para la venta.<\/p>\n<p><strong>\u00bfQu\u00e9 notas de aroma tiene esta vela?<\/strong><\/p>\n<p><em>Notas altas: Hierbas, especias, c\u00edtricos.<\/em><\/p>\n<p><em>Notas de coraz\u00f3n: Rosa, Geranio.&nbsp;<\/em><\/p>\n<p><em>Notas de fondo: musgo de roble, vainilla, almizcle.<\/em><\/p>\n<p><strong>\u00a1No dude en a\u00f1adir m\u00e1s velas de la misma gama! y ofrezca a sus clientes una gama exclusiva de velas . Cada signo tiene sus propias fortalezas y caracter\u00edsticas \u00fanicas, lo que los hace \u00fanicos.<\/strong><\/p>\n","protected":false},"excerpt":{"rendered":"<p>\u00a1Busca el equilibrio con las velas del zodiaco Libra de Aroma Sentia Espa\u00f1a! Dentro de esta vela podr\u00e1s encontrar una pulsera con piedras preciosas de aventurina verde, \u00f3palo y cuarzo rosa.&nbsp; Gracias a la piedra de aventurina verde, los libranos podr\u00e1n encontrar la claridad y el equilibrio para ayudarles a la toma de decisiones. El [&hellip;]<\/p>\n","protected":false},"featured_media":314224,"comment_status":"closed","ping_status":"open","template":"","meta":{"_angie_page":false},"product_brand":[],"product_cat":[17471,25209],"product_tag":[],"class_list":{"0":"post-235886","1":"product","2":"type-product","3":"status-publish","4":"has-post-thumbnail","6":"product_cat-portavelas-y-velas","7":"product_cat-pulseras","8":"pa_collection-zodiac-crystal-candles-with-gemstone-bracelet-es","9":"pa_made-in-china","11":"first","12":"instock","13":"purchasable","14":"product-type-simple"},"supplier_id":null,"supplier_sku":"ZCC-09","barcode":null,"atum_controlled":true,"out_stock_date":null,"out_stock_threshold":null,"inheritable":false,"inbound_stock":null,"stock_on_hold":0,"sold_today":0,"sales_last_days":0,"reserved_stock":null,"customer_returns":null,"warehouse_damage":null,"lost_in_post":null,"other_logs":null,"out_stock_days":0,"lost_sales":0,"has_location":null,"update_date":"2026-04-27T07:27:30","atum_locations":[],"atum_stock_status":"instock","restock_status":false,"low_stock_amount":"","sales_update_date":"2025-09-05T00:22:28","calc_backorders":null,"_links":{"self":[{"href":"https:\/\/aromasentia.com\/es\/wp-json\/wp\/v2\/product\/235886","targetHints":{"allow":["GET"]}}],"collection":[{"href":"https:\/\/aromasentia.com\/es\/wp-json\/wp\/v2\/product"}],"about":[{"href":"https:\/\/aromasentia.com\/es\/wp-json\/wp\/v2\/types\/product"}],"replies":[{"embeddable":true,"href":"https:\/\/aromasentia.com\/es\/wp-json\/wp\/v2\/comments?post=235886"}],"version-history":[{"count":0,"href":"https:\/\/aromasentia.com\/es\/wp-json\/wp\/v2\/product\/235886\/revisions"}],"wp:featuredmedia":[{"embeddable":true,"href":"https:\/\/aromasentia.com\/es\/wp-json\/wp\/v2\/media\/314224"}],"wp:attachment":[{"href":"https:\/\/aromasentia.com\/es\/wp-json\/wp\/v2\/media?parent=235886"}],"wp:term":[{"taxonomy":"product_brand","embeddable":true,"href":"https:\/\/aromasentia.com\/es\/wp-json\/wp\/v2\/product_brand?post=235886"},{"taxonomy":"product_cat","embeddable":true,"href":"https:\/\/aromasentia.com\/es\/wp-json\/wp\/v2\/product_cat?post=235886"},{"taxonomy":"product_tag","embeddable":true,"href":"https:\/\/aromasentia.com\/es\/wp-json\/wp\/v2\/product_tag?post=235886"}],"curies":[{"name":"wp","href":"https:\/\/api.w.org\/{rel}","templated":true}]}}