{"id":235882,"date":"2025-03-21T11:43:56","date_gmt":"2025-03-21T11:43:56","guid":{"rendered":"https:\/\/aromasentia.com\/product\/zodiac-crystal-candle-with-gemstone-bracelet-virgo\/"},"modified":"2025-12-30T21:51:28","modified_gmt":"2025-12-30T21:51:28","slug":"vela-de-cristal-del-zodiaco-con-pulsera-de-piedras-preciosas-virgo","status":"publish","type":"product","link":"https:\/\/aromasentia.com\/es\/vela-de-cristal-del-zodiaco-con-pulsera-de-piedras-preciosas-virgo\/","title":{"rendered":"Vela de Cristal del Zod\u00edaco con Pulsera de Piedras Preciosas &#8211; Virgo"},"content":{"rendered":"<p>Descubre y explora la gama de velas de <strong>Aroma Sentia Espa\u00f1a<\/strong>, dise\u00f1adas para cada uno de los signos del zodiaco, en concreto, te mostramos las velas para el signo <strong>virgo<\/strong>.&nbsp;<\/p>\n<p>Estas velas cuentan con una <strong>pulsera&nbsp;<\/strong>que contiene <strong>piedras preciosas<\/strong> como la amatista, la \u00e1gata musgosa y la coralina. &nbsp;<\/p>\n<p>La piedra <strong>amatista<\/strong> es conocida por aportar paz y mejorar la claridad mental. &nbsp;La <strong>cornalina&nbsp;<\/strong>estimula y promueve la motivaci\u00f3n y la creatividad. Mientras que la <strong>piedra \u00e1gata musgosa<\/strong>: promueve el crecimiento y la conexi\u00f3n con la naturaleza.&nbsp;<\/p>\n<p><strong>\u00bfQu\u00e9 notas de aroma tiene esta vela?<\/strong><\/p>\n<p><em>Notas altas: Frambuesa, Clavo.&nbsp;<\/em><\/p>\n<p><em>Notas de coraz\u00f3n: rosa, geranio, jazm\u00edn, pralin\u00e9.&nbsp;<\/em><\/p>\n<p><em>Notas de fondo: Oud, \u00e1mbar, almizcle, vainilla.<\/em><\/p>\n<p><strong>Es el regalo perfecto y adem\u00e1s es un producto atemporal para que pueda revender en su tienda, \u00a1lo m\u00e1s seguro es que se convierta en un best seller en tu cat\u00e1logo de productos!<\/strong><\/p>\n","protected":false},"excerpt":{"rendered":"<p>Descubre y explora la gama de velas de Aroma Sentia Espa\u00f1a, dise\u00f1adas para cada uno de los signos del zodiaco, en concreto, te mostramos las velas para el signo virgo.&nbsp; Estas velas cuentan con una pulsera&nbsp;que contiene piedras preciosas como la amatista, la \u00e1gata musgosa y la coralina. &nbsp; La piedra amatista es conocida por [&hellip;]<\/p>\n","protected":false},"featured_media":314191,"comment_status":"closed","ping_status":"open","template":"","meta":{"_angie_page":false},"product_brand":[],"product_cat":[17471,25209],"product_tag":[],"class_list":{"0":"post-235882","1":"product","2":"type-product","3":"status-publish","4":"has-post-thumbnail","6":"product_cat-portavelas-y-velas","7":"product_cat-pulseras","8":"pa_collection-zodiac-crystal-candles-with-gemstone-bracelet-es","9":"pa_made-in-china","11":"first","12":"instock","13":"purchasable","14":"product-type-simple"},"supplier_id":null,"supplier_sku":"ZCC-08","barcode":null,"atum_controlled":true,"out_stock_date":null,"out_stock_threshold":null,"inheritable":false,"inbound_stock":null,"stock_on_hold":0,"sold_today":0,"sales_last_days":0,"reserved_stock":null,"customer_returns":null,"warehouse_damage":null,"lost_in_post":null,"other_logs":null,"out_stock_days":0,"lost_sales":0,"has_location":null,"update_date":"2026-04-27T07:27:30","atum_locations":[],"atum_stock_status":"instock","restock_status":false,"low_stock_amount":"","sales_update_date":"2025-09-05T00:22:28","calc_backorders":null,"_links":{"self":[{"href":"https:\/\/aromasentia.com\/es\/wp-json\/wp\/v2\/product\/235882","targetHints":{"allow":["GET"]}}],"collection":[{"href":"https:\/\/aromasentia.com\/es\/wp-json\/wp\/v2\/product"}],"about":[{"href":"https:\/\/aromasentia.com\/es\/wp-json\/wp\/v2\/types\/product"}],"replies":[{"embeddable":true,"href":"https:\/\/aromasentia.com\/es\/wp-json\/wp\/v2\/comments?post=235882"}],"version-history":[{"count":0,"href":"https:\/\/aromasentia.com\/es\/wp-json\/wp\/v2\/product\/235882\/revisions"}],"wp:featuredmedia":[{"embeddable":true,"href":"https:\/\/aromasentia.com\/es\/wp-json\/wp\/v2\/media\/314191"}],"wp:attachment":[{"href":"https:\/\/aromasentia.com\/es\/wp-json\/wp\/v2\/media?parent=235882"}],"wp:term":[{"taxonomy":"product_brand","embeddable":true,"href":"https:\/\/aromasentia.com\/es\/wp-json\/wp\/v2\/product_brand?post=235882"},{"taxonomy":"product_cat","embeddable":true,"href":"https:\/\/aromasentia.com\/es\/wp-json\/wp\/v2\/product_cat?post=235882"},{"taxonomy":"product_tag","embeddable":true,"href":"https:\/\/aromasentia.com\/es\/wp-json\/wp\/v2\/product_tag?post=235882"}],"curies":[{"name":"wp","href":"https:\/\/api.w.org\/{rel}","templated":true}]}}