{"id":235878,"date":"2025-03-21T11:43:56","date_gmt":"2025-03-21T11:43:56","guid":{"rendered":"https:\/\/aromasentia.com\/product\/zodiac-crystal-candle-with-gemstone-bracelet-leo\/"},"modified":"2025-12-30T21:51:28","modified_gmt":"2025-12-30T21:51:28","slug":"vela-de-cristal-del-zodiaco-con-pulsera-de-piedras-preciosas-leo","status":"publish","type":"product","link":"https:\/\/aromasentia.com\/es\/vela-de-cristal-del-zodiaco-con-pulsera-de-piedras-preciosas-leo\/","title":{"rendered":"Vela de Cristal del Zod\u00edaco con Pulsera de Piedras Preciosas &#8211; Leo"},"content":{"rendered":"<p><strong>Destaca la fuerza y el brillo natural de Leo con esta vela zodiacal.<\/strong><\/p>\n<p>Esta preciosa vela viene acompa\u00f1ada con una pulsera de piedras preciosas que est\u00e1n en sinton\u00eda con este signo, en concreto, la pulsera tiene la piedra del<strong>&nbsp;ojo de tigre y la coralina. <\/strong><\/p>\n<p>La piedra del <strong>ojo de tigre<\/strong>, es conocida por su una piedra de protecci\u00f3n, aumenta el coraje y el poder personal. Mientras que la piedra <strong>cornalina&nbsp;<\/strong>puede estimular la creatividad y la motivaci\u00f3n.<\/p>\n<p><strong>\u00bfQu\u00e9 notas de aroma tiene esta vela?<\/strong><\/p>\n<p><em>Notas altas: nectarina, c\u00edtricos, notas Verdes.&nbsp;<\/em><\/p>\n<p><em>Notas de coraz\u00f3n: p\u00e9talos de rosa, muguet, jengibre.&nbsp;<\/em><\/p>\n<p><em>Notas de fondo: almizcle, maderas.<\/em><\/p>\n<p><strong>\u00a1No dudes en combinar estas velas con otros productos o accesorios del zodiaco! Esta vela es perfecta para quienes buscan brillar con confianza y fuerza.<\/strong><\/p>\n","protected":false},"excerpt":{"rendered":"<p>Destaca la fuerza y el brillo natural de Leo con esta vela zodiacal. Esta preciosa vela viene acompa\u00f1ada con una pulsera de piedras preciosas que est\u00e1n en sinton\u00eda con este signo, en concreto, la pulsera tiene la piedra del&nbsp;ojo de tigre y la coralina. La piedra del ojo de tigre, es conocida por su una [&hellip;]<\/p>\n","protected":false},"featured_media":314158,"comment_status":"closed","ping_status":"open","template":"","meta":{"_angie_page":false},"product_brand":[],"product_cat":[17471,25209],"product_tag":[],"class_list":{"0":"post-235878","1":"product","2":"type-product","3":"status-publish","4":"has-post-thumbnail","6":"product_cat-portavelas-y-velas","7":"product_cat-pulseras","8":"pa_collection-zodiac-crystal-candles-with-gemstone-bracelet-es","9":"pa_made-in-china","11":"first","12":"instock","13":"purchasable","14":"product-type-simple"},"supplier_id":null,"supplier_sku":"ZCC-07","barcode":null,"atum_controlled":true,"out_stock_date":null,"out_stock_threshold":null,"inheritable":false,"inbound_stock":null,"stock_on_hold":0,"sold_today":0,"sales_last_days":0,"reserved_stock":null,"customer_returns":null,"warehouse_damage":null,"lost_in_post":null,"other_logs":null,"out_stock_days":0,"lost_sales":0,"has_location":null,"update_date":"2026-04-27T07:27:30","atum_locations":[],"atum_stock_status":"instock","restock_status":false,"low_stock_amount":"","sales_update_date":"2025-09-05T00:22:28","calc_backorders":null,"_links":{"self":[{"href":"https:\/\/aromasentia.com\/es\/wp-json\/wp\/v2\/product\/235878","targetHints":{"allow":["GET"]}}],"collection":[{"href":"https:\/\/aromasentia.com\/es\/wp-json\/wp\/v2\/product"}],"about":[{"href":"https:\/\/aromasentia.com\/es\/wp-json\/wp\/v2\/types\/product"}],"replies":[{"embeddable":true,"href":"https:\/\/aromasentia.com\/es\/wp-json\/wp\/v2\/comments?post=235878"}],"version-history":[{"count":0,"href":"https:\/\/aromasentia.com\/es\/wp-json\/wp\/v2\/product\/235878\/revisions"}],"wp:featuredmedia":[{"embeddable":true,"href":"https:\/\/aromasentia.com\/es\/wp-json\/wp\/v2\/media\/314158"}],"wp:attachment":[{"href":"https:\/\/aromasentia.com\/es\/wp-json\/wp\/v2\/media?parent=235878"}],"wp:term":[{"taxonomy":"product_brand","embeddable":true,"href":"https:\/\/aromasentia.com\/es\/wp-json\/wp\/v2\/product_brand?post=235878"},{"taxonomy":"product_cat","embeddable":true,"href":"https:\/\/aromasentia.com\/es\/wp-json\/wp\/v2\/product_cat?post=235878"},{"taxonomy":"product_tag","embeddable":true,"href":"https:\/\/aromasentia.com\/es\/wp-json\/wp\/v2\/product_tag?post=235878"}],"curies":[{"name":"wp","href":"https:\/\/api.w.org\/{rel}","templated":true}]}}