{"id":235874,"date":"2025-03-21T11:43:56","date_gmt":"2025-03-21T11:43:56","guid":{"rendered":"https:\/\/aromasentia.com\/product\/zodiac-crystal-candle-with-gemstone-bracelet-cancer\/"},"modified":"2025-12-30T21:51:28","modified_gmt":"2025-12-30T21:51:28","slug":"vela-de-cristal-del-zodiaco-con-pulsera-de-piedras-preciosas-cancer","status":"publish","type":"product","link":"https:\/\/aromasentia.com\/es\/vela-de-cristal-del-zodiaco-con-pulsera-de-piedras-preciosas-cancer\/","title":{"rendered":"Vela de Cristal del Zod\u00edaco con Pulsera de Piedras Preciosas &#8211; C\u00e1ncer"},"content":{"rendered":"<p><strong>Con\u00e9ctate con la energ\u00eda protectora y emocional de C\u00e1ncer con esta vela zodiacal. <\/strong><\/p>\n<p>Esta vela incluye una pulsera cuidadosamente elaborada con piedras preciosas de <strong>aguamarina, cuarzo ahumado y la piedra lunar<\/strong>, cada una seleccionada por sus propiedades energ\u00e9ticas que resuenan con las vibraciones de C\u00e1ncer:<\/p>\n<p>Gracias a la piedra <strong>aguamarina<\/strong>, los nacidos bajo este signo tendr\u00e1n una mayor tendencia de la tranquilidad emocional. El<strong>&nbsp;cuarzo ahumado<\/strong> ofrece protecci\u00f3n y conexi\u00f3n a tierra. Mientras que la<strong>&nbsp;piedra lunar<\/strong> aumenta la intuici\u00f3n de este signo.&nbsp;<\/p>\n<p>Esta vela es ideal para personas bajo este signo, para que la utilicen en su meditaciones o decoren sus hogares<strong>. Una vela ideal para quienes buscan paz emocional y seguridad.<\/strong><\/p>\n<p><strong>\u00bfQu\u00e9 notas de aroma tiene esta vela?<\/strong><\/p>\n<p><em>Notas de altas: Cassis, mandarina.&nbsp;<\/em><\/p>\n<p><em>Notas de coraz\u00f3n: Lavanda, frutos rojos, rosa.&nbsp;<\/em><\/p>\n<p><em>Notas de fondo: S\u00e1ndalo, \u00e1mbar<\/em><\/p>\n<p><strong>\u00a1No dude en a\u00f1adir m\u00e1s velas de la misma gama! y ofrezca a sus clientes una gama exclusiva de velas . Cada signo tiene sus propias fortalezas y caracter\u00edsticas \u00fanicas, lo que los hace \u00fanicos.<\/strong><\/p>\n","protected":false},"excerpt":{"rendered":"<p>Con\u00e9ctate con la energ\u00eda protectora y emocional de C\u00e1ncer con esta vela zodiacal. Esta vela incluye una pulsera cuidadosamente elaborada con piedras preciosas de aguamarina, cuarzo ahumado y la piedra lunar, cada una seleccionada por sus propiedades energ\u00e9ticas que resuenan con las vibraciones de C\u00e1ncer: Gracias a la piedra aguamarina, los nacidos bajo este signo [&hellip;]<\/p>\n","protected":false},"featured_media":314125,"comment_status":"closed","ping_status":"open","template":"","meta":{"_angie_page":false},"product_brand":[],"product_cat":[17471,25209],"product_tag":[],"class_list":{"0":"post-235874","1":"product","2":"type-product","3":"status-publish","4":"has-post-thumbnail","6":"product_cat-portavelas-y-velas","7":"product_cat-pulseras","8":"pa_collection-zodiac-crystal-candles-with-gemstone-bracelet-es","9":"pa_made-in-china","11":"first","12":"instock","13":"purchasable","14":"product-type-simple"},"supplier_id":null,"supplier_sku":"ZCC-06","barcode":null,"atum_controlled":true,"out_stock_date":null,"out_stock_threshold":null,"inheritable":false,"inbound_stock":null,"stock_on_hold":0,"sold_today":0,"sales_last_days":0,"reserved_stock":null,"customer_returns":null,"warehouse_damage":null,"lost_in_post":null,"other_logs":null,"out_stock_days":0,"lost_sales":0,"has_location":null,"update_date":"2026-04-27T07:27:29","atum_locations":[],"atum_stock_status":"instock","restock_status":false,"low_stock_amount":"","sales_update_date":"2025-09-05T00:22:27","calc_backorders":null,"_links":{"self":[{"href":"https:\/\/aromasentia.com\/es\/wp-json\/wp\/v2\/product\/235874","targetHints":{"allow":["GET"]}}],"collection":[{"href":"https:\/\/aromasentia.com\/es\/wp-json\/wp\/v2\/product"}],"about":[{"href":"https:\/\/aromasentia.com\/es\/wp-json\/wp\/v2\/types\/product"}],"replies":[{"embeddable":true,"href":"https:\/\/aromasentia.com\/es\/wp-json\/wp\/v2\/comments?post=235874"}],"version-history":[{"count":0,"href":"https:\/\/aromasentia.com\/es\/wp-json\/wp\/v2\/product\/235874\/revisions"}],"wp:featuredmedia":[{"embeddable":true,"href":"https:\/\/aromasentia.com\/es\/wp-json\/wp\/v2\/media\/314125"}],"wp:attachment":[{"href":"https:\/\/aromasentia.com\/es\/wp-json\/wp\/v2\/media?parent=235874"}],"wp:term":[{"taxonomy":"product_brand","embeddable":true,"href":"https:\/\/aromasentia.com\/es\/wp-json\/wp\/v2\/product_brand?post=235874"},{"taxonomy":"product_cat","embeddable":true,"href":"https:\/\/aromasentia.com\/es\/wp-json\/wp\/v2\/product_cat?post=235874"},{"taxonomy":"product_tag","embeddable":true,"href":"https:\/\/aromasentia.com\/es\/wp-json\/wp\/v2\/product_tag?post=235874"}],"curies":[{"name":"wp","href":"https:\/\/api.w.org\/{rel}","templated":true}]}}