{"id":235838,"date":"2025-03-21T14:37:32","date_gmt":"2025-03-21T14:37:32","guid":{"rendered":"https:\/\/aromasentia.com\/product\/agnes-and-cat-cotton-bag-6oz-35x30-cm-naturally-artisan\/"},"modified":"2025-12-30T21:51:20","modified_gmt":"2025-12-30T21:51:20","slug":"bolsos-de-algodon-agnes-and-cat-6oz-35x30-cm-naturally-artisan","status":"publish","type":"product","link":"https:\/\/aromasentia.com\/es\/bolsos-de-algodon-agnes-and-cat-6oz-35x30-cm-naturally-artisan\/","title":{"rendered":"Bolsos de Algod\u00f3n &#8211; Agnes and Cat 6oz &#8211; 35&#215;30 cm &#8211; Naturally Artisan"},"content":{"rendered":"<p>Aroma Sentia vende bolsos de Agnes &amp; Cat est\u00e1n hechos de algod\u00f3n.&nbsp;<\/p>\n<p>Estos bolsos son elaborados y fabricados en la India. Vienen con nuestro logo impreso en ellos y sus asas son resistentes.&nbsp;<\/p>\n<p>Producto ideales para complementar sus compras.&nbsp;<\/p>\n<p>Producto ecol\u00f3gico y f\u00e1ciles de usar. Estas bolsas son reutilizables y de algod\u00f3n. Por lo que pueden utilizar este producto muchas veces.<\/p>\n","protected":false},"excerpt":{"rendered":"<p>Aroma Sentia vende bolsos de Agnes &amp; Cat est\u00e1n hechos de algod\u00f3n.&nbsp; Estos bolsos son elaborados y fabricados en la India. Vienen con nuestro logo impreso en ellos y sus asas son resistentes.&nbsp; Producto ideales para complementar sus compras.&nbsp; Producto ecol\u00f3gico y f\u00e1ciles de usar. Estas bolsas son reutilizables y de algod\u00f3n. Por lo que [&hellip;]<\/p>\n","protected":false},"featured_media":314341,"comment_status":"closed","ping_status":"open","template":"","meta":{"_angie_page":false},"product_brand":[27087],"product_cat":[19726,19657,19658],"product_tag":[],"class_list":{"0":"post-235838","1":"product","2":"type-product","3":"status-publish","4":"has-post-thumbnail","6":"product_brand-agnes-and-cat","7":"product_cat-bolsas-de-algodon-nepal-y-bandoleras","8":"product_cat-bolsas-ecologicas","9":"product_cat-bolsos-y-mochilas","10":"pa_collection-agnes-cat-cotton-tote-bags-es","11":"pa_made-in-india","13":"first","14":"instock","15":"purchasable","16":"product-type-simple"},"supplier_id":null,"supplier_sku":"ACCBag-02","barcode":null,"atum_controlled":true,"out_stock_date":null,"out_stock_threshold":null,"inheritable":false,"inbound_stock":null,"stock_on_hold":0,"sold_today":0,"sales_last_days":0,"reserved_stock":null,"customer_returns":null,"warehouse_damage":null,"lost_in_post":null,"other_logs":null,"out_stock_days":0,"lost_sales":0,"has_location":null,"update_date":"2026-04-27T06:49:08","atum_locations":[],"atum_stock_status":"instock","restock_status":false,"low_stock_amount":"","sales_update_date":"2026-02-06T00:01:45","calc_backorders":null,"_links":{"self":[{"href":"https:\/\/aromasentia.com\/es\/wp-json\/wp\/v2\/product\/235838","targetHints":{"allow":["GET"]}}],"collection":[{"href":"https:\/\/aromasentia.com\/es\/wp-json\/wp\/v2\/product"}],"about":[{"href":"https:\/\/aromasentia.com\/es\/wp-json\/wp\/v2\/types\/product"}],"replies":[{"embeddable":true,"href":"https:\/\/aromasentia.com\/es\/wp-json\/wp\/v2\/comments?post=235838"}],"version-history":[{"count":0,"href":"https:\/\/aromasentia.com\/es\/wp-json\/wp\/v2\/product\/235838\/revisions"}],"wp:featuredmedia":[{"embeddable":true,"href":"https:\/\/aromasentia.com\/es\/wp-json\/wp\/v2\/media\/314341"}],"wp:attachment":[{"href":"https:\/\/aromasentia.com\/es\/wp-json\/wp\/v2\/media?parent=235838"}],"wp:term":[{"taxonomy":"product_brand","embeddable":true,"href":"https:\/\/aromasentia.com\/es\/wp-json\/wp\/v2\/product_brand?post=235838"},{"taxonomy":"product_cat","embeddable":true,"href":"https:\/\/aromasentia.com\/es\/wp-json\/wp\/v2\/product_cat?post=235838"},{"taxonomy":"product_tag","embeddable":true,"href":"https:\/\/aromasentia.com\/es\/wp-json\/wp\/v2\/product_tag?post=235838"}],"curies":[{"name":"wp","href":"https:\/\/api.w.org\/{rel}","templated":true}]}}