{"id":235770,"date":"2025-03-21T14:37:36","date_gmt":"2025-03-21T14:37:36","guid":{"rendered":"https:\/\/aromasentia.com\/product\/hop-hare-bamboo-socks-36-40-tree-of-life\/"},"modified":"2025-12-30T21:51:04","modified_gmt":"2025-12-30T21:51:04","slug":"calcetines-hop-hare-bamboo-s-m-arbol-de-la-vida","status":"publish","type":"product","link":"https:\/\/aromasentia.com\/es\/calcetines-hop-hare-bamboo-s-m-arbol-de-la-vida\/","title":{"rendered":"Calcetines Hop Hare Bamboo (S\/M) &#8211; \u00c1rbol de la Vida"},"content":{"rendered":"<p>Descubre los calcetines de Bamb\u00fa de Aroma Sentia Espa\u00f1a, con el s\u00edmbolo &nbsp;del \u00e1rbol de la Vida, que combinan: sostenibilidad, el crecimiento natural y el equilibrio entre lo espiritual y lo terrenal.&nbsp;<\/p>\n<p>El s\u00edmbolo del \u00e1rbol de la vida hace referencia a la conexi\u00f3n con la tierra y el universo, adem\u00e1s de representar una armon\u00eda con la naturaleza y el entorno. <\/p>\n<p>Estos calcetines es una excelente forma de llevar simbolismo ecol\u00f3gico y espiritual de una manera pr\u00e1ctica y hermosa.<\/p>\n<p>Este producto se vende en pack de 3 unidades.&nbsp;<\/p>\n","protected":false},"excerpt":{"rendered":"<p>Descubre los calcetines de Bamb\u00fa de Aroma Sentia Espa\u00f1a, con el s\u00edmbolo &nbsp;del \u00e1rbol de la Vida, que combinan: sostenibilidad, el crecimiento natural y el equilibrio entre lo espiritual y lo terrenal.&nbsp; El s\u00edmbolo del \u00e1rbol de la vida hace referencia a la conexi\u00f3n con la tierra y el universo, adem\u00e1s de representar una armon\u00eda [&hellip;]<\/p>\n","protected":false},"featured_media":315060,"comment_status":"closed","ping_status":"open","template":"","meta":{"_angie_page":false},"product_brand":[27117],"product_cat":[26630,25837],"product_tag":[],"class_list":{"0":"post-235770","1":"product","2":"type-product","3":"status-publish","4":"has-post-thumbnail","6":"product_brand-hop-hare","7":"product_cat-calcetines","8":"product_cat-ropa","9":"pa_collection-hop-hare-bamboo-socks-es","10":"pa_made-in-turquia","12":"first","13":"instock","14":"purchasable","15":"product-type-simple"},"supplier_id":null,"supplier_sku":"BamS-04F","barcode":null,"atum_controlled":true,"out_stock_date":null,"out_stock_threshold":null,"inheritable":false,"inbound_stock":null,"stock_on_hold":0,"sold_today":0,"sales_last_days":0,"reserved_stock":null,"customer_returns":null,"warehouse_damage":null,"lost_in_post":null,"other_logs":null,"out_stock_days":0,"lost_sales":0,"has_location":null,"update_date":"2026-05-08T05:04:56","atum_locations":[],"atum_stock_status":"instock","restock_status":false,"low_stock_amount":"","sales_update_date":"2026-01-30T01:24:35","calc_backorders":null,"_links":{"self":[{"href":"https:\/\/aromasentia.com\/es\/wp-json\/wp\/v2\/product\/235770","targetHints":{"allow":["GET"]}}],"collection":[{"href":"https:\/\/aromasentia.com\/es\/wp-json\/wp\/v2\/product"}],"about":[{"href":"https:\/\/aromasentia.com\/es\/wp-json\/wp\/v2\/types\/product"}],"replies":[{"embeddable":true,"href":"https:\/\/aromasentia.com\/es\/wp-json\/wp\/v2\/comments?post=235770"}],"version-history":[{"count":0,"href":"https:\/\/aromasentia.com\/es\/wp-json\/wp\/v2\/product\/235770\/revisions"}],"wp:featuredmedia":[{"embeddable":true,"href":"https:\/\/aromasentia.com\/es\/wp-json\/wp\/v2\/media\/315060"}],"wp:attachment":[{"href":"https:\/\/aromasentia.com\/es\/wp-json\/wp\/v2\/media?parent=235770"}],"wp:term":[{"taxonomy":"product_brand","embeddable":true,"href":"https:\/\/aromasentia.com\/es\/wp-json\/wp\/v2\/product_brand?post=235770"},{"taxonomy":"product_cat","embeddable":true,"href":"https:\/\/aromasentia.com\/es\/wp-json\/wp\/v2\/product_cat?post=235770"},{"taxonomy":"product_tag","embeddable":true,"href":"https:\/\/aromasentia.com\/es\/wp-json\/wp\/v2\/product_tag?post=235770"}],"curies":[{"name":"wp","href":"https:\/\/api.w.org\/{rel}","templated":true}]}}