{"id":235762,"date":"2025-03-21T14:37:36","date_gmt":"2025-03-21T14:37:36","guid":{"rendered":"https:\/\/aromasentia.com\/product\/hop-hare-bamboo-socks-36-40-lucky-elephant\/"},"modified":"2025-12-30T21:51:04","modified_gmt":"2025-12-30T21:51:04","slug":"calcetines-de-bambu-hop-hare-s-m-elefante-de-la-suerte","status":"publish","type":"product","link":"https:\/\/aromasentia.com\/es\/calcetines-de-bambu-hop-hare-s-m-elefante-de-la-suerte\/","title":{"rendered":"Calcetines de Bamb\u00fa  Hop Hare (S\/M) &#8211; Elefante de la Suerte"},"content":{"rendered":"<p>Los elefantes son s\u00edmbolos populares de buena suerte y prosperidad en muchas culturas de todo el mundo. Por eso no pod\u00edamos omitirlos a la hora de crear patrones para nuestros calcetines. El regalo perfecto para los seres queridos a los que queremos desear todo lo mejor.<\/p>\n<p>Los calcetines Hop Hare est\u00e1n disponibles en dos tallas: 3,5-6,5 UK (36-40 EU) y 7,5-11,5 UK (41-46 EU). Hechos de hilo de bamb\u00fa de alta calidad que dejar\u00e1 respirar los pies.<\/p>\n<p>Fabricados en Turqu\u00eda. Composici\u00f3n: 70% Bamb\u00fa, 28.5% Poliamida, 1.5% Elastano.<\/p>\n<p><strong>\u00bfPor qu\u00e9 calcetines de bamb\u00fa?<\/strong><\/p>\n<p>&#8211; transpirables<\/p>\n<p>&#8211; antibacterianos<\/p>\n<p>&#8211; termorreguladores<\/p>\n<p>&#8211; evacuan la humedad<\/p>\n<p>&#8211; costura lisa en la puntera<\/p>\n<p>&#8211; fibras de bamb\u00fa respetuosas con el medio ambiente<\/p>\n<p>.<\/p>\n","protected":false},"excerpt":{"rendered":"<p>Los elefantes son s\u00edmbolos populares de buena suerte y prosperidad en muchas culturas de todo el mundo. Por eso no pod\u00edamos omitirlos a la hora de crear patrones para nuestros calcetines. El regalo perfecto para los seres queridos a los que queremos desear todo lo mejor. Los calcetines Hop Hare est\u00e1n disponibles en dos tallas: [&hellip;]<\/p>\n","protected":false},"featured_media":314986,"comment_status":"closed","ping_status":"open","template":"","meta":[],"product_brand":[27117],"product_cat":[26630,25837],"product_tag":[],"class_list":{"0":"post-235762","1":"product","2":"type-product","3":"status-publish","4":"has-post-thumbnail","6":"product_brand-hop-hare","7":"product_cat-calcetines","8":"product_cat-ropa","9":"pa_collection-hop-hare-bamboo-socks-es","10":"pa_made-in-turquia","12":"first","13":"instock","14":"purchasable","15":"product-type-simple"},"supplier_id":null,"supplier_sku":"BamS-02F","barcode":null,"atum_controlled":true,"out_stock_date":null,"out_stock_threshold":null,"inheritable":false,"inbound_stock":null,"stock_on_hold":0,"sold_today":0,"sales_last_days":0,"reserved_stock":null,"customer_returns":null,"warehouse_damage":null,"lost_in_post":null,"other_logs":null,"out_stock_days":34,"lost_sales":0,"has_location":null,"update_date":"2026-01-27T15:18:18","atum_locations":[],"atum_stock_status":"instock","restock_status":false,"low_stock_amount":"","sales_update_date":"2025-10-09T03:25:02","calc_backorders":null,"_links":{"self":[{"href":"https:\/\/aromasentia.com\/es\/wp-json\/wp\/v2\/product\/235762","targetHints":{"allow":["GET"]}}],"collection":[{"href":"https:\/\/aromasentia.com\/es\/wp-json\/wp\/v2\/product"}],"about":[{"href":"https:\/\/aromasentia.com\/es\/wp-json\/wp\/v2\/types\/product"}],"replies":[{"embeddable":true,"href":"https:\/\/aromasentia.com\/es\/wp-json\/wp\/v2\/comments?post=235762"}],"version-history":[{"count":0,"href":"https:\/\/aromasentia.com\/es\/wp-json\/wp\/v2\/product\/235762\/revisions"}],"wp:featuredmedia":[{"embeddable":true,"href":"https:\/\/aromasentia.com\/es\/wp-json\/wp\/v2\/media\/314986"}],"wp:attachment":[{"href":"https:\/\/aromasentia.com\/es\/wp-json\/wp\/v2\/media?parent=235762"}],"wp:term":[{"taxonomy":"product_brand","embeddable":true,"href":"https:\/\/aromasentia.com\/es\/wp-json\/wp\/v2\/product_brand?post=235762"},{"taxonomy":"product_cat","embeddable":true,"href":"https:\/\/aromasentia.com\/es\/wp-json\/wp\/v2\/product_cat?post=235762"},{"taxonomy":"product_tag","embeddable":true,"href":"https:\/\/aromasentia.com\/es\/wp-json\/wp\/v2\/product_tag?post=235762"}],"curies":[{"name":"wp","href":"https:\/\/api.w.org\/{rel}","templated":true}]}}