{"id":235602,"date":"2025-03-21T14:37:45","date_gmt":"2025-03-21T14:37:45","guid":{"rendered":"https:\/\/aromasentia.com\/product\/m-l-hop-hare-bamboo-socks-low-41-46-flowers-of-life\/"},"modified":"2025-12-30T21:50:32","modified_gmt":"2025-12-30T21:50:32","slug":"m-l-calcetines-cortos-de-bambu-41-46-flores-de-la-vida","status":"publish","type":"product","link":"https:\/\/aromasentia.com\/es\/m-l-calcetines-cortos-de-bambu-41-46-flores-de-la-vida\/","title":{"rendered":"M\/L Calcetines Cortos de Bamb\u00fa  (41-46) &#8211; Flores de la Vida"},"content":{"rendered":"<p>Adorna tus tobillos con geometr\u00eda sagrada con los calcetines bajos de bamb\u00fa Hop Hare M\/L (41-46) &#8211; Flores de la Vida. Estos calcetines bajos de bamb\u00fa (tallas 41-46) muestran el intrincado dibujo de las Flores de la Vida, un s\u00edmbolo de creaci\u00f3n e interconexi\u00f3n. Hechos de bamb\u00fa lujosamente suave y transpirable, proporcionan un uso c\u00f3modo y discreto. Una forma elegante de incorporar el simbolismo ancestral y la belleza consciente a tu atuendo diario, fomentando la armon\u00eda desde la base.<\/p>\n","protected":false},"excerpt":{"rendered":"<p>Adorna tus tobillos con geometr\u00eda sagrada con los calcetines bajos de bamb\u00fa Hop Hare M\/L (41-46) &#8211; Flores de la Vida. Estos calcetines bajos de bamb\u00fa (tallas 41-46) muestran el intrincado dibujo de las Flores de la Vida, un s\u00edmbolo de creaci\u00f3n e interconexi\u00f3n. Hechos de bamb\u00fa lujosamente suave y transpirable, proporcionan un uso c\u00f3modo [&hellip;]<\/p>\n","protected":false},"featured_media":316289,"comment_status":"closed","ping_status":"open","template":"","meta":[],"product_brand":[27117],"product_cat":[26630,25837],"product_tag":[],"class_list":{"0":"post-235602","1":"product","2":"type-product","3":"status-publish","4":"has-post-thumbnail","6":"product_brand-hop-hare","7":"product_cat-calcetines","8":"product_cat-ropa","9":"pa_collection-hop-hore-bamboo-low-trainer-socks-es","10":"pa_made-in-turquia","12":"first","13":"instock","14":"purchasable","15":"product-type-simple"},"supplier_id":null,"supplier_sku":"BamSL-02M","barcode":null,"atum_controlled":true,"out_stock_date":null,"out_stock_threshold":null,"inheritable":false,"inbound_stock":null,"stock_on_hold":0,"sold_today":0,"sales_last_days":0,"reserved_stock":null,"customer_returns":null,"warehouse_damage":null,"lost_in_post":null,"other_logs":null,"out_stock_days":0,"lost_sales":0,"has_location":null,"update_date":"2026-01-30T01:25:43","atum_locations":[],"atum_stock_status":"instock","restock_status":false,"low_stock_amount":"","sales_update_date":"2026-01-30T01:25:43","calc_backorders":null,"_links":{"self":[{"href":"https:\/\/aromasentia.com\/es\/wp-json\/wp\/v2\/product\/235602","targetHints":{"allow":["GET"]}}],"collection":[{"href":"https:\/\/aromasentia.com\/es\/wp-json\/wp\/v2\/product"}],"about":[{"href":"https:\/\/aromasentia.com\/es\/wp-json\/wp\/v2\/types\/product"}],"replies":[{"embeddable":true,"href":"https:\/\/aromasentia.com\/es\/wp-json\/wp\/v2\/comments?post=235602"}],"version-history":[{"count":0,"href":"https:\/\/aromasentia.com\/es\/wp-json\/wp\/v2\/product\/235602\/revisions"}],"wp:featuredmedia":[{"embeddable":true,"href":"https:\/\/aromasentia.com\/es\/wp-json\/wp\/v2\/media\/316289"}],"wp:attachment":[{"href":"https:\/\/aromasentia.com\/es\/wp-json\/wp\/v2\/media?parent=235602"}],"wp:term":[{"taxonomy":"product_brand","embeddable":true,"href":"https:\/\/aromasentia.com\/es\/wp-json\/wp\/v2\/product_brand?post=235602"},{"taxonomy":"product_cat","embeddable":true,"href":"https:\/\/aromasentia.com\/es\/wp-json\/wp\/v2\/product_cat?post=235602"},{"taxonomy":"product_tag","embeddable":true,"href":"https:\/\/aromasentia.com\/es\/wp-json\/wp\/v2\/product_tag?post=235602"}],"curies":[{"name":"wp","href":"https:\/\/api.w.org\/{rel}","templated":true}]}}