{"id":235598,"date":"2025-03-21T14:37:45","date_gmt":"2025-03-21T14:37:45","guid":{"rendered":"https:\/\/aromasentia.com\/product\/m-l-hop-hare-bamboo-socks-low-41-46-sun-and-moon\/"},"modified":"2025-12-30T21:50:32","modified_gmt":"2025-12-30T21:50:32","slug":"m-l-calcetines-cortos-de-bambu-hope-hare-41-46-sol-y-luna","status":"publish","type":"product","link":"https:\/\/aromasentia.com\/es\/m-l-calcetines-cortos-de-bambu-hope-hare-41-46-sol-y-luna\/","title":{"rendered":"M\/L Calcetines Cortos de Bamb\u00fa Hope Hare (41-46) &#8211; Sol y Luna"},"content":{"rendered":"<p>Disfruta del estilo celestial con los calcetines bajos de bamb\u00fa Hop Hare M\/L (41-46) &#8211; Sol y Luna. Estos calcetines bajos de bamb\u00fa, para las tallas 41-46, presentan un armonioso dise\u00f1o de Sol y Luna, s\u00edmbolo del equilibrio y el ritmo c\u00f3smico. Fabricados en bamb\u00fa incre\u00edblemente suave y transpirable, ofrecen una discreta comodidad y un toque de magia celestial. Perfectos para llevar a diario, aportan una sensaci\u00f3n de conexi\u00f3n c\u00f3smica y un elegante confort justo por encima de la l\u00ednea del calzado.<\/p>\n","protected":false},"excerpt":{"rendered":"<p>Disfruta del estilo celestial con los calcetines bajos de bamb\u00fa Hop Hare M\/L (41-46) &#8211; Sol y Luna. Estos calcetines bajos de bamb\u00fa, para las tallas 41-46, presentan un armonioso dise\u00f1o de Sol y Luna, s\u00edmbolo del equilibrio y el ritmo c\u00f3smico. Fabricados en bamb\u00fa incre\u00edblemente suave y transpirable, ofrecen una discreta comodidad y un [&hellip;]<\/p>\n","protected":false},"featured_media":316248,"comment_status":"closed","ping_status":"open","template":"","meta":[],"product_brand":[27117],"product_cat":[26630,25837],"product_tag":[],"class_list":{"0":"post-235598","1":"product","2":"type-product","3":"status-publish","4":"has-post-thumbnail","6":"product_brand-hop-hare","7":"product_cat-calcetines","8":"product_cat-ropa","9":"pa_collection-hop-hore-bamboo-low-trainer-socks-es","10":"pa_made-in-turquia","12":"first","13":"instock","14":"purchasable","15":"product-type-simple"},"supplier_id":null,"supplier_sku":"BamSL-01M","barcode":null,"atum_controlled":true,"out_stock_date":null,"out_stock_threshold":null,"inheritable":false,"inbound_stock":null,"stock_on_hold":0,"sold_today":0,"sales_last_days":0,"reserved_stock":null,"customer_returns":null,"warehouse_damage":null,"lost_in_post":null,"other_logs":null,"out_stock_days":0,"lost_sales":0,"has_location":null,"update_date":"2026-02-06T00:00:48","atum_locations":[],"atum_stock_status":"instock","restock_status":false,"low_stock_amount":"","sales_update_date":"2026-02-06T00:00:48","calc_backorders":null,"_links":{"self":[{"href":"https:\/\/aromasentia.com\/es\/wp-json\/wp\/v2\/product\/235598","targetHints":{"allow":["GET"]}}],"collection":[{"href":"https:\/\/aromasentia.com\/es\/wp-json\/wp\/v2\/product"}],"about":[{"href":"https:\/\/aromasentia.com\/es\/wp-json\/wp\/v2\/types\/product"}],"replies":[{"embeddable":true,"href":"https:\/\/aromasentia.com\/es\/wp-json\/wp\/v2\/comments?post=235598"}],"version-history":[{"count":0,"href":"https:\/\/aromasentia.com\/es\/wp-json\/wp\/v2\/product\/235598\/revisions"}],"wp:featuredmedia":[{"embeddable":true,"href":"https:\/\/aromasentia.com\/es\/wp-json\/wp\/v2\/media\/316248"}],"wp:attachment":[{"href":"https:\/\/aromasentia.com\/es\/wp-json\/wp\/v2\/media?parent=235598"}],"wp:term":[{"taxonomy":"product_brand","embeddable":true,"href":"https:\/\/aromasentia.com\/es\/wp-json\/wp\/v2\/product_brand?post=235598"},{"taxonomy":"product_cat","embeddable":true,"href":"https:\/\/aromasentia.com\/es\/wp-json\/wp\/v2\/product_cat?post=235598"},{"taxonomy":"product_tag","embeddable":true,"href":"https:\/\/aromasentia.com\/es\/wp-json\/wp\/v2\/product_tag?post=235598"}],"curies":[{"name":"wp","href":"https:\/\/api.w.org\/{rel}","templated":true}]}}