{"id":235546,"date":"2025-03-21T14:37:49","date_gmt":"2025-03-21T14:37:49","guid":{"rendered":"https:\/\/aromasentia.com\/product\/m-l-hop-hare-bamboo-socks-low-41-46-moonlight-wolfs\/"},"modified":"2025-12-30T21:50:24","modified_gmt":"2025-12-30T21:50:24","slug":"m-l-calcetines-cortos-de-bambu-hope-hare-41-46-lobos-a-la-luz-de-la-luna","status":"publish","type":"product","link":"https:\/\/aromasentia.com\/es\/m-l-calcetines-cortos-de-bambu-hope-hare-41-46-lobos-a-la-luz-de-la-luna\/","title":{"rendered":"M\/L Calcetines Cortos de Bamb\u00fa Hope Hare (41-46) &#8211; Lobos a la Luz de la Luna"},"content":{"rendered":"<p>Abraza el esp\u00edritu salvaje con los calcetines bajos de bamb\u00fa Hop Hare M\/L (41-46) &#8211; Moonlight Wolfs. Estos cautivadores calcetines bajos de bamb\u00fa (tallas 41-46) presentan un m\u00edstico dise\u00f1o de lobos bajo la luz de la luna, s\u00edmbolo de intuici\u00f3n, libertad y lealtad. Fabricados en bamb\u00fa incre\u00edblemente suave y ecol\u00f3gico, ofrecen una comodidad superior. Un accesorio perfecto para quienes se sienten atra\u00eddos por la belleza ind\u00f3mita de la naturaleza y el enigm\u00e1tico encanto del lobo, que a\u00f1ade un toque salvaje a su estilo.<\/p>\n","protected":false},"excerpt":{"rendered":"<p>Abraza el esp\u00edritu salvaje con los calcetines bajos de bamb\u00fa Hop Hare M\/L (41-46) &#8211; Moonlight Wolfs. Estos cautivadores calcetines bajos de bamb\u00fa (tallas 41-46) presentan un m\u00edstico dise\u00f1o de lobos bajo la luz de la luna, s\u00edmbolo de intuici\u00f3n, libertad y lealtad. Fabricados en bamb\u00fa incre\u00edblemente suave y ecol\u00f3gico, ofrecen una comodidad superior. Un [&hellip;]<\/p>\n","protected":false},"featured_media":316789,"comment_status":"closed","ping_status":"open","template":"","meta":[],"product_brand":[27117],"product_cat":[26630,25837],"product_tag":[],"class_list":{"0":"post-235546","1":"product","2":"type-product","3":"status-publish","4":"has-post-thumbnail","6":"product_brand-hop-hare","7":"product_cat-calcetines","8":"product_cat-ropa","9":"pa_collection-hop-hore-bamboo-low-trainer-socks-es","10":"pa_made-in-turquia","12":"first","13":"instock","14":"purchasable","15":"product-type-simple"},"supplier_id":null,"supplier_sku":"BamSL-14M","barcode":null,"atum_controlled":true,"out_stock_date":null,"out_stock_threshold":null,"inheritable":false,"inbound_stock":null,"stock_on_hold":0,"sold_today":0,"sales_last_days":0,"reserved_stock":null,"customer_returns":null,"warehouse_damage":null,"lost_in_post":null,"other_logs":null,"out_stock_days":0,"lost_sales":0,"has_location":null,"update_date":"2026-01-30T01:25:43","atum_locations":[],"atum_stock_status":"instock","restock_status":false,"low_stock_amount":"","sales_update_date":"2026-01-30T01:25:43","calc_backorders":null,"_links":{"self":[{"href":"https:\/\/aromasentia.com\/es\/wp-json\/wp\/v2\/product\/235546","targetHints":{"allow":["GET"]}}],"collection":[{"href":"https:\/\/aromasentia.com\/es\/wp-json\/wp\/v2\/product"}],"about":[{"href":"https:\/\/aromasentia.com\/es\/wp-json\/wp\/v2\/types\/product"}],"replies":[{"embeddable":true,"href":"https:\/\/aromasentia.com\/es\/wp-json\/wp\/v2\/comments?post=235546"}],"version-history":[{"count":0,"href":"https:\/\/aromasentia.com\/es\/wp-json\/wp\/v2\/product\/235546\/revisions"}],"wp:featuredmedia":[{"embeddable":true,"href":"https:\/\/aromasentia.com\/es\/wp-json\/wp\/v2\/media\/316789"}],"wp:attachment":[{"href":"https:\/\/aromasentia.com\/es\/wp-json\/wp\/v2\/media?parent=235546"}],"wp:term":[{"taxonomy":"product_brand","embeddable":true,"href":"https:\/\/aromasentia.com\/es\/wp-json\/wp\/v2\/product_brand?post=235546"},{"taxonomy":"product_cat","embeddable":true,"href":"https:\/\/aromasentia.com\/es\/wp-json\/wp\/v2\/product_cat?post=235546"},{"taxonomy":"product_tag","embeddable":true,"href":"https:\/\/aromasentia.com\/es\/wp-json\/wp\/v2\/product_tag?post=235546"}],"curies":[{"name":"wp","href":"https:\/\/api.w.org\/{rel}","templated":true}]}}