{"id":235542,"date":"2025-03-21T14:37:49","date_gmt":"2025-03-21T14:37:49","guid":{"rendered":"https:\/\/aromasentia.com\/product\/m-l-hop-hare-bamboo-socks-low-41-46-lucky-cat\/"},"modified":"2025-12-30T21:50:24","modified_gmt":"2025-12-30T21:50:24","slug":"m-l-calcetines-cortos-de-bambu-hope-hare-41-46-gato-de-la-suerte","status":"publish","type":"product","link":"https:\/\/aromasentia.com\/es\/m-l-calcetines-cortos-de-bambu-hope-hare-41-46-gato-de-la-suerte\/","title":{"rendered":"M\/L Calcetines Cortos de Bamb\u00fa Hope Hare (41-46) &#8211; Gato de la Suerte"},"content":{"rendered":"<p>Invita a la prosperidad con los calcetines bajos de bamb\u00fa Hop Hare M\/L (41-46) &#8211; Gato de la suerte. Estos encantadores calcetines bajos de bamb\u00fa, para las tallas 41-46, est\u00e1n adornados con el Maneki-neko, el gato japon\u00e9s que hace se\u00f1as, s\u00edmbolo popular de la buena suerte y la fortuna. Confeccionados en bamb\u00fa excepcionalmente suave y transpirable, garantizan comodidad durante todo el d\u00eda, al tiempo que a\u00f1aden un toque de caprichoso encanto. Una forma encantadora y discreta de llevar contigo un poco m\u00e1s de suerte y atractivo felino.<\/p>\n","protected":false},"excerpt":{"rendered":"<p>Invita a la prosperidad con los calcetines bajos de bamb\u00fa Hop Hare M\/L (41-46) &#8211; Gato de la suerte. Estos encantadores calcetines bajos de bamb\u00fa, para las tallas 41-46, est\u00e1n adornados con el Maneki-neko, el gato japon\u00e9s que hace se\u00f1as, s\u00edmbolo popular de la buena suerte y la fortuna. Confeccionados en bamb\u00fa excepcionalmente suave y [&hellip;]<\/p>\n","protected":false},"featured_media":316740,"comment_status":"closed","ping_status":"open","template":"","meta":[],"product_brand":[27117],"product_cat":[26630,25837],"product_tag":[],"class_list":{"0":"post-235542","1":"product","2":"type-product","3":"status-publish","4":"has-post-thumbnail","6":"product_brand-hop-hare","7":"product_cat-calcetines","8":"product_cat-ropa","9":"pa_collection-hop-hore-bamboo-low-trainer-socks-es","10":"pa_made-in-turquia","12":"first","13":"outofstock","14":"purchasable","15":"product-type-simple"},"supplier_id":null,"supplier_sku":"BamSL-13M","barcode":null,"atum_controlled":true,"out_stock_date":"2026-02-09 10:23:43","out_stock_threshold":null,"inheritable":false,"inbound_stock":null,"stock_on_hold":0,"sold_today":0,"sales_last_days":0,"reserved_stock":null,"customer_returns":null,"warehouse_damage":null,"lost_in_post":null,"other_logs":null,"out_stock_days":0,"lost_sales":0,"has_location":null,"update_date":"2026-02-09T11:35:49","atum_locations":[],"atum_stock_status":"outofstock","restock_status":false,"low_stock_amount":"","sales_update_date":"2026-02-06T00:00:48","calc_backorders":null,"_links":{"self":[{"href":"https:\/\/aromasentia.com\/es\/wp-json\/wp\/v2\/product\/235542","targetHints":{"allow":["GET"]}}],"collection":[{"href":"https:\/\/aromasentia.com\/es\/wp-json\/wp\/v2\/product"}],"about":[{"href":"https:\/\/aromasentia.com\/es\/wp-json\/wp\/v2\/types\/product"}],"replies":[{"embeddable":true,"href":"https:\/\/aromasentia.com\/es\/wp-json\/wp\/v2\/comments?post=235542"}],"version-history":[{"count":0,"href":"https:\/\/aromasentia.com\/es\/wp-json\/wp\/v2\/product\/235542\/revisions"}],"wp:featuredmedia":[{"embeddable":true,"href":"https:\/\/aromasentia.com\/es\/wp-json\/wp\/v2\/media\/316740"}],"wp:attachment":[{"href":"https:\/\/aromasentia.com\/es\/wp-json\/wp\/v2\/media?parent=235542"}],"wp:term":[{"taxonomy":"product_brand","embeddable":true,"href":"https:\/\/aromasentia.com\/es\/wp-json\/wp\/v2\/product_brand?post=235542"},{"taxonomy":"product_cat","embeddable":true,"href":"https:\/\/aromasentia.com\/es\/wp-json\/wp\/v2\/product_cat?post=235542"},{"taxonomy":"product_tag","embeddable":true,"href":"https:\/\/aromasentia.com\/es\/wp-json\/wp\/v2\/product_tag?post=235542"}],"curies":[{"name":"wp","href":"https:\/\/api.w.org\/{rel}","templated":true}]}}