{"id":235526,"date":"2025-03-21T14:37:49","date_gmt":"2025-03-21T14:37:49","guid":{"rendered":"https:\/\/aromasentia.com\/product\/m-l-hop-hare-bamboo-socks-low-41-46-ouija-board\/"},"modified":"2025-12-30T21:50:15","modified_gmt":"2025-12-30T21:50:15","slug":"m-l-calcetines-cortos-de-bambu-hope-hare-41-46-tablero-de-ouija","status":"publish","type":"product","link":"https:\/\/aromasentia.com\/es\/m-l-calcetines-cortos-de-bambu-hope-hare-41-46-tablero-de-ouija\/","title":{"rendered":"M\/L Calcetines Cortos de Bamb\u00fa Hope Hare (41-46) &#8211; Tablero de Ouija"},"content":{"rendered":"<p>Explora lo misterioso con los calcetines bajos de bamb\u00fa Hop Hare M\/L (41-46) &#8211; Tablero de Ouija. Estos intrigantes calcetines bajos de bamb\u00fa, para las tallas 41-46, presentan elementos del cl\u00e1sico dise\u00f1o de la tabla Ouija, a\u00f1adiendo un toque de espiritualismo y espeluznante jugueteo. Fabricados en bamb\u00fa suave y transpirable, ofrecen comodidad para tus aventuras diarias hacia lo desconocido. Un accesorio \u00fanico para aquellos a los que les fascina lo esot\u00e9rico o que disfrutan con un poco de diversi\u00f3n m\u00edstica en su estilo.<\/p>\n","protected":false},"excerpt":{"rendered":"<p>Explora lo misterioso con los calcetines bajos de bamb\u00fa Hop Hare M\/L (41-46) &#8211; Tablero de Ouija. Estos intrigantes calcetines bajos de bamb\u00fa, para las tallas 41-46, presentan elementos del cl\u00e1sico dise\u00f1o de la tabla Ouija, a\u00f1adiendo un toque de espiritualismo y espeluznante jugueteo. Fabricados en bamb\u00fa suave y transpirable, ofrecen comodidad para tus aventuras [&hellip;]<\/p>\n","protected":false},"featured_media":316576,"comment_status":"closed","ping_status":"open","template":"","meta":{"_angie_page":false},"product_brand":[27117],"product_cat":[26630,25837],"product_tag":[],"class_list":{"0":"post-235526","1":"product","2":"type-product","3":"status-publish","4":"has-post-thumbnail","6":"product_brand-hop-hare","7":"product_cat-calcetines","8":"product_cat-ropa","9":"pa_collection-hop-hore-bamboo-low-trainer-socks-es","10":"pa_made-in-turquia","12":"first","13":"instock","14":"purchasable","15":"product-type-simple"},"supplier_id":null,"supplier_sku":"BamSL-09M","barcode":null,"atum_controlled":true,"out_stock_date":null,"out_stock_threshold":null,"inheritable":false,"inbound_stock":null,"stock_on_hold":0,"sold_today":0,"sales_last_days":0,"reserved_stock":null,"customer_returns":null,"warehouse_damage":null,"lost_in_post":null,"other_logs":null,"out_stock_days":0,"lost_sales":0,"has_location":null,"update_date":"2026-01-30T01:25:59","atum_locations":[],"atum_stock_status":"instock","restock_status":false,"low_stock_amount":"","sales_update_date":"2026-01-30T01:25:59","calc_backorders":null,"_links":{"self":[{"href":"https:\/\/aromasentia.com\/es\/wp-json\/wp\/v2\/product\/235526","targetHints":{"allow":["GET"]}}],"collection":[{"href":"https:\/\/aromasentia.com\/es\/wp-json\/wp\/v2\/product"}],"about":[{"href":"https:\/\/aromasentia.com\/es\/wp-json\/wp\/v2\/types\/product"}],"replies":[{"embeddable":true,"href":"https:\/\/aromasentia.com\/es\/wp-json\/wp\/v2\/comments?post=235526"}],"version-history":[{"count":0,"href":"https:\/\/aromasentia.com\/es\/wp-json\/wp\/v2\/product\/235526\/revisions"}],"wp:featuredmedia":[{"embeddable":true,"href":"https:\/\/aromasentia.com\/es\/wp-json\/wp\/v2\/media\/316576"}],"wp:attachment":[{"href":"https:\/\/aromasentia.com\/es\/wp-json\/wp\/v2\/media?parent=235526"}],"wp:term":[{"taxonomy":"product_brand","embeddable":true,"href":"https:\/\/aromasentia.com\/es\/wp-json\/wp\/v2\/product_brand?post=235526"},{"taxonomy":"product_cat","embeddable":true,"href":"https:\/\/aromasentia.com\/es\/wp-json\/wp\/v2\/product_cat?post=235526"},{"taxonomy":"product_tag","embeddable":true,"href":"https:\/\/aromasentia.com\/es\/wp-json\/wp\/v2\/product_tag?post=235526"}],"curies":[{"name":"wp","href":"https:\/\/api.w.org\/{rel}","templated":true}]}}