{"id":235522,"date":"2025-03-21T14:37:49","date_gmt":"2025-03-21T14:37:49","guid":{"rendered":"https:\/\/aromasentia.com\/product\/m-l-hop-hare-bamboo-socks-low-41-46-lucky-elephant\/"},"modified":"2025-12-30T21:50:15","modified_gmt":"2025-12-30T21:50:15","slug":"m-l-calcetines-cortos-de-bambu-hope-hare-41-46-elefante-de-la-suerte","status":"publish","type":"product","link":"https:\/\/aromasentia.com\/es\/m-l-calcetines-cortos-de-bambu-hope-hare-41-46-elefante-de-la-suerte\/","title":{"rendered":"M\/L Calcetines Cortos de Bamb\u00fa Hope Hare (41-46) &#8211; Elefante de la Suerte"},"content":{"rendered":"<p>Invita a la buena fortuna con los calcetines bajos de bamb\u00fa Hop Hare M\/L (41-46) &#8211; Lucky Elephant. Estos encantadores calcetines bajos de bamb\u00fa (tallas 41-46) presentan el auspicioso motivo del elefante, s\u00edmbolo de sabidur\u00eda, fuerza y suerte. Fabricados con bamb\u00fa sostenible y lujosamente suave, proporcionan una comodidad y transpirabilidad excepcionales con un perfil discreto. Una forma encantadora de llevar contigo energ\u00eda positiva y un toque de suave majestuosidad a lo largo del d\u00eda, realzando tus pasos con sutil suerte.<\/p>\n","protected":false},"excerpt":{"rendered":"<p>Invita a la buena fortuna con los calcetines bajos de bamb\u00fa Hop Hare M\/L (41-46) &#8211; Lucky Elephant. Estos encantadores calcetines bajos de bamb\u00fa (tallas 41-46) presentan el auspicioso motivo del elefante, s\u00edmbolo de sabidur\u00eda, fuerza y suerte. Fabricados con bamb\u00fa sostenible y lujosamente suave, proporcionan una comodidad y transpirabilidad excepcionales con un perfil discreto. [&hellip;]<\/p>\n","protected":false},"featured_media":316535,"comment_status":"closed","ping_status":"open","template":"","meta":[],"product_brand":[27117],"product_cat":[26630,25837],"product_tag":[],"class_list":{"0":"post-235522","1":"product","2":"type-product","3":"status-publish","4":"has-post-thumbnail","6":"product_brand-hop-hare","7":"product_cat-calcetines","8":"product_cat-ropa","9":"pa_collection-hop-hore-bamboo-low-trainer-socks-es","10":"pa_made-in-turquia","12":"first","13":"outofstock","14":"purchasable","15":"product-type-simple"},"supplier_id":null,"supplier_sku":"BamSL-08M","barcode":null,"atum_controlled":true,"out_stock_date":"2026-01-05 15:25:34","out_stock_threshold":null,"inheritable":false,"inbound_stock":null,"stock_on_hold":0,"sold_today":0,"sales_last_days":0,"reserved_stock":null,"customer_returns":null,"warehouse_damage":null,"lost_in_post":null,"other_logs":null,"out_stock_days":0,"lost_sales":0,"has_location":null,"update_date":"2026-02-12T05:42:04","atum_locations":[],"atum_stock_status":"outofstock","restock_status":false,"low_stock_amount":"","sales_update_date":"2025-10-09T03:25:15","calc_backorders":null,"_links":{"self":[{"href":"https:\/\/aromasentia.com\/es\/wp-json\/wp\/v2\/product\/235522","targetHints":{"allow":["GET"]}}],"collection":[{"href":"https:\/\/aromasentia.com\/es\/wp-json\/wp\/v2\/product"}],"about":[{"href":"https:\/\/aromasentia.com\/es\/wp-json\/wp\/v2\/types\/product"}],"replies":[{"embeddable":true,"href":"https:\/\/aromasentia.com\/es\/wp-json\/wp\/v2\/comments?post=235522"}],"version-history":[{"count":0,"href":"https:\/\/aromasentia.com\/es\/wp-json\/wp\/v2\/product\/235522\/revisions"}],"wp:featuredmedia":[{"embeddable":true,"href":"https:\/\/aromasentia.com\/es\/wp-json\/wp\/v2\/media\/316535"}],"wp:attachment":[{"href":"https:\/\/aromasentia.com\/es\/wp-json\/wp\/v2\/media?parent=235522"}],"wp:term":[{"taxonomy":"product_brand","embeddable":true,"href":"https:\/\/aromasentia.com\/es\/wp-json\/wp\/v2\/product_brand?post=235522"},{"taxonomy":"product_cat","embeddable":true,"href":"https:\/\/aromasentia.com\/es\/wp-json\/wp\/v2\/product_cat?post=235522"},{"taxonomy":"product_tag","embeddable":true,"href":"https:\/\/aromasentia.com\/es\/wp-json\/wp\/v2\/product_tag?post=235522"}],"curies":[{"name":"wp","href":"https:\/\/api.w.org\/{rel}","templated":true}]}}