{"id":235490,"date":"2025-03-21T14:37:53","date_gmt":"2025-03-21T14:37:53","guid":{"rendered":"https:\/\/aromasentia.com\/product\/s-m-hop-hare-bamboo-socks-low-36-40-tree-of-life\/"},"modified":"2025-12-30T21:50:07","modified_gmt":"2025-12-30T21:50:07","slug":"s-m-calcetines-cortos-de-bambu-hope-hare-36-40-arbol-de-la-vida","status":"publish","type":"product","link":"https:\/\/aromasentia.com\/es\/s-m-calcetines-cortos-de-bambu-hope-hare-36-40-arbol-de-la-vida\/","title":{"rendered":"S\/M Calcetines Cortos de Bamb\u00fa Hope Hare (36-40) &#8211; \u00c1rbol de la Vida"},"content":{"rendered":"<p><strong>Calcetines de Bamb\u00fa  Hop Hare Low &#8211; Tree of Life<\/strong>, donde el dise\u00f1o cautivador se une a una comodidad excepcional. Estos calcetines son una profunda representaci\u00f3n del misticismo, las creencias, las tradiciones y las experiencias apreciadas, ofreciendo una armoniosa fusi\u00f3n de estilo y significado espiritual.<\/p>\n<p>Fabricados con hilo de bamb\u00fa de alta calidad. Las ventajas de la fibra de bamb\u00fa, como su excelente absorci\u00f3n de la humedad y ventilaci\u00f3n, ayudan a mantener los pies frescos, secos y sin olores. El material de bamb\u00fa tambi\u00e9n ofrece un tacto suave y sedoso, haciendo que estos calcetines sean un placer de llevar.&nbsp;<\/p>\n<p>Dise\u00f1o inspirado en el <strong>\u00c1rbol de la Vida<\/strong>, un s\u00edmbolo universal que trasciende culturas y tiempos. Los dibujos representan las ramas y las ra\u00edces del \u00c1rbol de la Vida, que simboliza la interconexi\u00f3n, el crecimiento y la unidad de todos los seres vivos. El dise\u00f1o sirve como un poderoso recordatorio de nuestra arraigada conexi\u00f3n con la naturaleza, la espiritualidad y los ciclos de la vida. <\/p>\n<p>El dise\u00f1o de corte bajo asegura un look vers\u00e1til y a la moda que combina bien con varios estilos de calzado, desde zapatillas hasta mocasines.<\/p>\n<p>Los calcetines Hop Hare est\u00e1n disponibles en dos tallas: 3.5-6.5 UK (36-40 EU) y 7.5-11.5 UK (41-46 EU).&nbsp;<\/p>\n<p><em>Fabricados en Turqu\u00eda. Composici\u00f3n: 70% Bamb\u00fa, 28,5% Poliamida, 1,5% Elastano.<\/em><\/p>\n<p><strong>\u00bfPor qu\u00e9 calcetines de bamb\u00fa?<\/strong><\/p>\n<p>&#8211; transpirables<\/p>\n<p>&#8211; antibacterianos<\/p>\n<p>&#8211; termorreguladores<\/p>\n<p>&#8211; evacuan la humedad<\/p>\n<p>&#8211; costura lisa en la puntera<\/p>\n<p>&#8211; fibras de bamb\u00fa respetuosas con el medio ambiente<\/p>\n<p><strong>Pide ahora y ofrece a tus clientes comodidad y estilo respetuosos con el planeta.<\/strong><\/p>\n","protected":false},"excerpt":{"rendered":"<p>Calcetines de Bamb\u00fa Hop Hare Low &#8211; Tree of Life, donde el dise\u00f1o cautivador se une a una comodidad excepcional. Estos calcetines son una profunda representaci\u00f3n del misticismo, las creencias, las tradiciones y las experiencias apreciadas, ofreciendo una armoniosa fusi\u00f3n de estilo y significado espiritual. Fabricados con hilo de bamb\u00fa de alta calidad. Las ventajas [&hellip;]<\/p>\n","protected":false},"featured_media":317478,"comment_status":"closed","ping_status":"open","template":"","meta":{"_angie_page":false},"product_brand":[27117],"product_cat":[26630,25837],"product_tag":[],"class_list":{"0":"post-235490","1":"product","2":"type-product","3":"status-publish","4":"has-post-thumbnail","6":"product_brand-hop-hare","7":"product_cat-calcetines","8":"product_cat-ropa","9":"pa_collection-hop-hore-bamboo-low-trainer-socks-es","10":"pa_made-in-turquia","12":"first","13":"instock","14":"purchasable","15":"product-type-simple"},"supplier_id":null,"supplier_sku":"BamSL-11F","barcode":null,"atum_controlled":true,"out_stock_date":null,"out_stock_threshold":null,"inheritable":false,"inbound_stock":null,"stock_on_hold":0,"sold_today":0,"sales_last_days":0,"reserved_stock":null,"customer_returns":null,"warehouse_damage":null,"lost_in_post":null,"other_logs":null,"out_stock_days":0,"lost_sales":0,"has_location":null,"update_date":"2026-05-08T05:04:56","atum_locations":[],"atum_stock_status":"instock","restock_status":false,"low_stock_amount":"","sales_update_date":"2026-03-23T19:21:50","calc_backorders":null,"_links":{"self":[{"href":"https:\/\/aromasentia.com\/es\/wp-json\/wp\/v2\/product\/235490","targetHints":{"allow":["GET"]}}],"collection":[{"href":"https:\/\/aromasentia.com\/es\/wp-json\/wp\/v2\/product"}],"about":[{"href":"https:\/\/aromasentia.com\/es\/wp-json\/wp\/v2\/types\/product"}],"replies":[{"embeddable":true,"href":"https:\/\/aromasentia.com\/es\/wp-json\/wp\/v2\/comments?post=235490"}],"version-history":[{"count":0,"href":"https:\/\/aromasentia.com\/es\/wp-json\/wp\/v2\/product\/235490\/revisions"}],"wp:featuredmedia":[{"embeddable":true,"href":"https:\/\/aromasentia.com\/es\/wp-json\/wp\/v2\/media\/317478"}],"wp:attachment":[{"href":"https:\/\/aromasentia.com\/es\/wp-json\/wp\/v2\/media?parent=235490"}],"wp:term":[{"taxonomy":"product_brand","embeddable":true,"href":"https:\/\/aromasentia.com\/es\/wp-json\/wp\/v2\/product_brand?post=235490"},{"taxonomy":"product_cat","embeddable":true,"href":"https:\/\/aromasentia.com\/es\/wp-json\/wp\/v2\/product_cat?post=235490"},{"taxonomy":"product_tag","embeddable":true,"href":"https:\/\/aromasentia.com\/es\/wp-json\/wp\/v2\/product_tag?post=235490"}],"curies":[{"name":"wp","href":"https:\/\/api.w.org\/{rel}","templated":true}]}}