{"id":235438,"date":"2025-03-21T14:37:53","date_gmt":"2025-03-21T14:37:53","guid":{"rendered":"https:\/\/aromasentia.com\/product\/s-m-hop-hare-bamboo-socks-low-36-40-evil-eye-hamsa\/"},"modified":"2025-12-30T21:49:59","modified_gmt":"2025-12-30T21:49:59","slug":"s-m-calcetines-cortos-de-bamb-hope-hare-36-40-mal-de-ojo-y-hamsa","status":"publish","type":"product","link":"https:\/\/aromasentia.com\/es\/s-m-calcetines-cortos-de-bamb-hope-hare-36-40-mal-de-ojo-y-hamsa\/","title":{"rendered":"S\/M Calcetines Cortos de Bamb Hope Hare (36-40) &#8211; Mal de Ojo y Hamsa"},"content":{"rendered":"<p><strong>Calcetines de Bamb\u00fa  Hop Hare Low &#8211; Evil Eye &amp; Hamsa<\/strong> &#8211; <strong>Un dise\u00f1o cautivador se une a una comodidad excepcional. Estos calcetines son una impresionante representaci\u00f3n del misticismo, creencias, tradiciones y poderosos s\u00edmbolos de protecci\u00f3n y buena fortuna, ofreciendo una fusi\u00f3n de estilo y significado espiritual.&nbsp;<\/p>\n<p>Fabricados con hilo de bamb\u00fa de alta calidad. Los beneficios de la<strong>&#038;nbspfibra de bamb\u00fa<\/strong>, como su excelente absorci\u00f3n de la humedad y ventilaci\u00f3n, ayudan a mantener los pies frescos, secos y sin olores. El material de bamb\u00fa tambi\u00e9n ofrece un tacto suave y sedoso, haciendo que estos calcetines sean un placer de llevar.<\/p>\n<p>Dise\u00f1o inspirado en los s\u00edmbolos <strong>Ojo Maligno y Hamsa<\/strong>. Los patrones y colores del dise\u00f1o del Mal de Ojo &amp; Hamsa evocan una sensaci\u00f3n de positividad, alejando la energ\u00eda negativa y trayendo buena suerte y protecci\u00f3n al usuario. La combinaci\u00f3n de estos s\u00edmbolos crea una armoniosa mezcla de antiguas creencias y tradiciones que trascienden las fronteras culturales.<\/p>\n<p>El dise\u00f1o de corte bajo asegura un look vers\u00e1til y a la moda que combina bien con varios estilos de calzado, desde zapatillas deportivas a mocasines.<\/p>\n<p>Los calcetines Hop Hare est\u00e1n disponibles en dos tallas: 3,5-6,5 UK (36-40 EU) y 7,5-11,5 UK (41-46 EU). Hechos de hilo de bamb\u00fa de alta calidad que deja respirar los pies.<\/p>\n<p><em>Fabricados en Turqu\u00eda. Composici\u00f3n: 70% Bamb\u00fa, 28,5% Poliamida, 1,5% Elastano.<\/em><\/p>\n<p><strong>\u00bfPor qu\u00e9 calcetines de bamb\u00fa?<\/strong><\/p>\n<p>&#8211; transpirables<\/p>\n<p>&#8211; antibacterianos<\/p>\n<p>&#8211; termorreguladores<\/p>\n<p>&#8211; evacuan la humedad<\/p>\n<p>&#8211; costura lisa en la puntera<\/p>\n<p>&#8211; fibras de bamb\u00fa respetuosas con el medio ambiente<\/p>\n<p><strong>Haz tu pedido ahora y ofrece a tus clientes comodidad y estilo respetuosos con el planeta.<\/strong><\/p>\n","protected":false},"excerpt":{"rendered":"<p>Calcetines de Bamb\u00fa Hop Hare Low &#8211; Evil Eye &amp; Hamsa &#8211; Un dise\u00f1o cautivador se une a una comodidad excepcional. Estos calcetines son una impresionante representaci\u00f3n del misticismo, creencias, tradiciones y poderosos s\u00edmbolos de protecci\u00f3n y buena fortuna, ofreciendo una fusi\u00f3n de estilo y significado espiritual.&nbsp; Fabricados con hilo de bamb\u00fa de alta calidad. [&hellip;]<\/p>\n","protected":false},"featured_media":317773,"comment_status":"closed","ping_status":"open","template":"","meta":{"_angie_page":false},"product_brand":[27117],"product_cat":[26630,25837],"product_tag":[],"class_list":{"0":"post-235438","1":"product","2":"type-product","3":"status-publish","4":"has-post-thumbnail","6":"product_brand-hop-hare","7":"product_cat-calcetines","8":"product_cat-ropa","9":"pa_collection-hop-hore-bamboo-low-trainer-socks-es","10":"pa_made-in-turquia","12":"first","13":"instock","14":"purchasable","15":"product-type-simple"},"supplier_id":null,"supplier_sku":"BamSL-18F","barcode":null,"atum_controlled":true,"out_stock_date":null,"out_stock_threshold":null,"inheritable":false,"inbound_stock":null,"stock_on_hold":0,"sold_today":0,"sales_last_days":0,"reserved_stock":null,"customer_returns":null,"warehouse_damage":null,"lost_in_post":null,"other_logs":null,"out_stock_days":0,"lost_sales":0,"has_location":null,"update_date":"2026-05-08T05:04:56","atum_locations":[],"atum_stock_status":"instock","restock_status":false,"low_stock_amount":"","sales_update_date":"2026-01-30T01:24:46","calc_backorders":null,"_links":{"self":[{"href":"https:\/\/aromasentia.com\/es\/wp-json\/wp\/v2\/product\/235438","targetHints":{"allow":["GET"]}}],"collection":[{"href":"https:\/\/aromasentia.com\/es\/wp-json\/wp\/v2\/product"}],"about":[{"href":"https:\/\/aromasentia.com\/es\/wp-json\/wp\/v2\/types\/product"}],"replies":[{"embeddable":true,"href":"https:\/\/aromasentia.com\/es\/wp-json\/wp\/v2\/comments?post=235438"}],"version-history":[{"count":0,"href":"https:\/\/aromasentia.com\/es\/wp-json\/wp\/v2\/product\/235438\/revisions"}],"wp:featuredmedia":[{"embeddable":true,"href":"https:\/\/aromasentia.com\/es\/wp-json\/wp\/v2\/media\/317773"}],"wp:attachment":[{"href":"https:\/\/aromasentia.com\/es\/wp-json\/wp\/v2\/media?parent=235438"}],"wp:term":[{"taxonomy":"product_brand","embeddable":true,"href":"https:\/\/aromasentia.com\/es\/wp-json\/wp\/v2\/product_brand?post=235438"},{"taxonomy":"product_cat","embeddable":true,"href":"https:\/\/aromasentia.com\/es\/wp-json\/wp\/v2\/product_cat?post=235438"},{"taxonomy":"product_tag","embeddable":true,"href":"https:\/\/aromasentia.com\/es\/wp-json\/wp\/v2\/product_tag?post=235438"}],"curies":[{"name":"wp","href":"https:\/\/api.w.org\/{rel}","templated":true}]}}