{"id":235326,"date":"2025-03-21T14:38:01","date_gmt":"2025-03-21T14:38:01","guid":{"rendered":"https:\/\/aromasentia.com\/product\/two-tone-cotton-bag-38x42x12cm-grey-black-10oz\/"},"modified":"2025-12-30T21:49:35","modified_gmt":"2025-12-30T21:49:35","slug":"bolsa-de-algodon-38x42x12cm-gris-y-negro","status":"publish","type":"product","link":"https:\/\/aromasentia.com\/es\/bolsa-de-algodon-38x42x12cm-gris-y-negro\/","title":{"rendered":"Bolsa de Algod\u00f3n &#8211; 38x42x12cm &#8211; Gris y Negro"},"content":{"rendered":"<p>Ancient Wisdom Two Tone Cotton Bag &#8211; Grey &amp; Black<\/p>\n<p><em>tama\u00f1o: 38&#215;42 cm<\/em><\/p>\n<p>Las bolsas de algod\u00f3n se est\u00e1n convirtiendo r\u00e1pidamente en uno de nuestros best sellers, son ideales para usar en campa\u00f1as, eventos, granjas y tiendas de comestibles. Adem\u00e1s, estas bolsas tienen un \u00e1rea de impresi\u00f3n perfecta para fines promocionales, se pueden utilizar para imprimir logotipos de la empresa, por ejemplo, son fuertes y pr\u00e1cticos y se presentan en diferentes tama\u00f1os para adaptarse a las necesidades de sus clientes, nuestras bolsas est\u00e1n construidas para durar y se pueden utilizar una y otra vez.<\/p>\n<p>Ancient Wisdom tiene una amplia gama de bolsas de algod\u00f3n ecol\u00f3gico para compras al por mayor, que vienen en el estilo cl\u00e1sico de lona de algod\u00f3n o impresas.<\/p>\n<p>Estas bolsas son ideales para campa\u00f1as, eventos, granjas y tiendas de comestibles.<\/p>\n","protected":false},"excerpt":{"rendered":"<p>Ancient Wisdom Two Tone Cotton Bag &#8211; Grey &amp; Black tama\u00f1o: 38&#215;42 cm Las bolsas de algod\u00f3n se est\u00e1n convirtiendo r\u00e1pidamente en uno de nuestros best sellers, son ideales para usar en campa\u00f1as, eventos, granjas y tiendas de comestibles. Adem\u00e1s, estas bolsas tienen un \u00e1rea de impresi\u00f3n perfecta para fines promocionales, se pueden utilizar para [&hellip;]<\/p>\n","protected":false},"featured_media":319102,"comment_status":"closed","ping_status":"open","template":"","meta":[],"product_brand":[],"product_cat":[19726,19657,19658],"product_tag":[],"class_list":{"0":"post-235326","1":"product","2":"type-product","3":"status-publish","4":"has-post-thumbnail","6":"product_cat-bolsas-de-algodon-nepal-y-bandoleras","7":"product_cat-bolsas-ecologicas","8":"product_cat-bolsos-y-mochilas","9":"pa_collection-very-simple-eco-cotton-bags-es","10":"pa_made-in-india","12":"first","13":"instock","14":"purchasable","15":"product-type-simple"},"supplier_id":null,"supplier_sku":"COTT-15","barcode":null,"atum_controlled":true,"out_stock_date":null,"out_stock_threshold":null,"inheritable":false,"inbound_stock":null,"stock_on_hold":0,"sold_today":0,"sales_last_days":0,"reserved_stock":null,"customer_returns":null,"warehouse_damage":null,"lost_in_post":null,"other_logs":null,"out_stock_days":0,"lost_sales":0,"has_location":null,"update_date":"2026-01-30T01:25:43","atum_locations":[],"atum_stock_status":"instock","restock_status":false,"low_stock_amount":"","sales_update_date":"2026-01-30T01:25:43","calc_backorders":null,"_links":{"self":[{"href":"https:\/\/aromasentia.com\/es\/wp-json\/wp\/v2\/product\/235326","targetHints":{"allow":["GET"]}}],"collection":[{"href":"https:\/\/aromasentia.com\/es\/wp-json\/wp\/v2\/product"}],"about":[{"href":"https:\/\/aromasentia.com\/es\/wp-json\/wp\/v2\/types\/product"}],"replies":[{"embeddable":true,"href":"https:\/\/aromasentia.com\/es\/wp-json\/wp\/v2\/comments?post=235326"}],"version-history":[{"count":0,"href":"https:\/\/aromasentia.com\/es\/wp-json\/wp\/v2\/product\/235326\/revisions"}],"wp:featuredmedia":[{"embeddable":true,"href":"https:\/\/aromasentia.com\/es\/wp-json\/wp\/v2\/media\/319102"}],"wp:attachment":[{"href":"https:\/\/aromasentia.com\/es\/wp-json\/wp\/v2\/media?parent=235326"}],"wp:term":[{"taxonomy":"product_brand","embeddable":true,"href":"https:\/\/aromasentia.com\/es\/wp-json\/wp\/v2\/product_brand?post=235326"},{"taxonomy":"product_cat","embeddable":true,"href":"https:\/\/aromasentia.com\/es\/wp-json\/wp\/v2\/product_cat?post=235326"},{"taxonomy":"product_tag","embeddable":true,"href":"https:\/\/aromasentia.com\/es\/wp-json\/wp\/v2\/product_tag?post=235326"}],"curies":[{"name":"wp","href":"https:\/\/api.w.org\/{rel}","templated":true}]}}