{"id":235318,"date":"2025-03-21T14:38:01","date_gmt":"2025-03-21T14:38:01","guid":{"rendered":"https:\/\/aromasentia.com\/product\/two-tone-cotton-bag-38x42x12cm-green-black-10oz\/"},"modified":"2025-12-30T21:49:35","modified_gmt":"2025-12-30T21:49:35","slug":"bolsa-de-algodon-38x42x12cm-verde-y-negro","status":"publish","type":"product","link":"https:\/\/aromasentia.com\/es\/bolsa-de-algodon-38x42x12cm-verde-y-negro\/","title":{"rendered":"Bolsa de Algod\u00f3n- 38x42x12cm &#8211; Verde y negro"},"content":{"rendered":"<p>Llama la atenci\u00f3n con esta Bolsa de Algod\u00f3n de Dos Tonos &#8211; Verde y Negro. Con unas amplias dimensiones de 38x42x12 cm y una resistente estructura de algod\u00f3n de 10 onzas, esta bolsa presenta un llamativo dise\u00f1o en bloques de color verde y negro. Los tonos contrastados ofrecen un aspecto moderno y elegante, mientras que el generoso tama\u00f1o y el fuelle la hacen perfecta para llevar la compra, los libros o las necesidades diarias. Una opci\u00f3n ecol\u00f3gica y a la moda que combina practicidad con una est\u00e9tica atrevida para el uso diario.<\/p>\n","protected":false},"excerpt":{"rendered":"<p>Llama la atenci\u00f3n con esta Bolsa de Algod\u00f3n de Dos Tonos &#8211; Verde y Negro. Con unas amplias dimensiones de 38x42x12 cm y una resistente estructura de algod\u00f3n de 10 onzas, esta bolsa presenta un llamativo dise\u00f1o en bloques de color verde y negro. Los tonos contrastados ofrecen un aspecto moderno y elegante, mientras que [&hellip;]<\/p>\n","protected":false},"featured_media":319052,"comment_status":"closed","ping_status":"open","template":"","meta":{"_angie_page":false},"product_brand":[],"product_cat":[19726,19657,19658],"product_tag":[],"class_list":{"0":"post-235318","1":"product","2":"type-product","3":"status-publish","4":"has-post-thumbnail","6":"product_cat-bolsas-de-algodon-nepal-y-bandoleras","7":"product_cat-bolsas-ecologicas","8":"product_cat-bolsos-y-mochilas","9":"pa_collection-very-simple-eco-cotton-bags-es","10":"pa_made-in-india","12":"first","13":"instock","14":"purchasable","15":"product-type-simple"},"supplier_id":null,"supplier_sku":"COTT-13","barcode":null,"atum_controlled":true,"out_stock_date":null,"out_stock_threshold":null,"inheritable":false,"inbound_stock":null,"stock_on_hold":0,"sold_today":0,"sales_last_days":0,"reserved_stock":null,"customer_returns":null,"warehouse_damage":null,"lost_in_post":null,"other_logs":null,"out_stock_days":0,"lost_sales":0,"has_location":null,"update_date":"2026-04-27T06:58:16","atum_locations":[],"atum_stock_status":"instock","restock_status":false,"low_stock_amount":"","sales_update_date":"2025-10-09T03:28:28","calc_backorders":null,"_links":{"self":[{"href":"https:\/\/aromasentia.com\/es\/wp-json\/wp\/v2\/product\/235318","targetHints":{"allow":["GET"]}}],"collection":[{"href":"https:\/\/aromasentia.com\/es\/wp-json\/wp\/v2\/product"}],"about":[{"href":"https:\/\/aromasentia.com\/es\/wp-json\/wp\/v2\/types\/product"}],"replies":[{"embeddable":true,"href":"https:\/\/aromasentia.com\/es\/wp-json\/wp\/v2\/comments?post=235318"}],"version-history":[{"count":0,"href":"https:\/\/aromasentia.com\/es\/wp-json\/wp\/v2\/product\/235318\/revisions"}],"wp:featuredmedia":[{"embeddable":true,"href":"https:\/\/aromasentia.com\/es\/wp-json\/wp\/v2\/media\/319052"}],"wp:attachment":[{"href":"https:\/\/aromasentia.com\/es\/wp-json\/wp\/v2\/media?parent=235318"}],"wp:term":[{"taxonomy":"product_brand","embeddable":true,"href":"https:\/\/aromasentia.com\/es\/wp-json\/wp\/v2\/product_brand?post=235318"},{"taxonomy":"product_cat","embeddable":true,"href":"https:\/\/aromasentia.com\/es\/wp-json\/wp\/v2\/product_cat?post=235318"},{"taxonomy":"product_tag","embeddable":true,"href":"https:\/\/aromasentia.com\/es\/wp-json\/wp\/v2\/product_tag?post=235318"}],"curies":[{"name":"wp","href":"https:\/\/api.w.org\/{rel}","templated":true}]}}