{"id":235090,"date":"2025-03-21T14:43:57","date_gmt":"2025-03-21T14:43:57","guid":{"rendered":"https:\/\/aromasentia.com\/product\/reusable-fashion-face-covering-awgifts-adult\/"},"modified":"2025-12-30T21:48:47","modified_gmt":"2025-12-30T21:48:47","slug":"reusable-fashion-face-covering-awgifts-adult","status":"publish","type":"product","link":"https:\/\/aromasentia.com\/es\/reusable-fashion-face-covering-awgifts-adult\/","title":{"rendered":"Reusable Fashion Face Covering &#8211; AWGifts (Adult)"},"content":{"rendered":"<p>Mantente seguro y con estilo con este Cubre Cara Reutilizable de AWGifts para adultos. Dise\u00f1ado para un uso diario c\u00f3modo, este protector facial ofrece una alternativa reutilizable y lavable a las mascarillas desechables. Mientras que el dise\u00f1o espec\u00edfico no es detallado, tiene como objetivo proporcionar un elemento de moda a su ropa de protecci\u00f3n. Fabricada teniendo en cuenta el tama\u00f1o de los adultos, le ayuda a cumplir las normas sanitarias al tiempo que expresa un toque de estilo personal en los espacios p\u00fablicos.<\/p>\n","protected":false},"excerpt":{"rendered":"<p>Mantente seguro y con estilo con este Cubre Cara Reutilizable de AWGifts para adultos. Dise\u00f1ado para un uso diario c\u00f3modo, este protector facial ofrece una alternativa reutilizable y lavable a las mascarillas desechables. Mientras que el dise\u00f1o espec\u00edfico no es detallado, tiene como objetivo proporcionar un elemento de moda a su ropa de protecci\u00f3n. Fabricada [&hellip;]<\/p>\n","protected":false},"featured_media":320907,"comment_status":"closed","ping_status":"open","template":"","meta":{"_angie_page":false},"product_brand":[],"product_cat":[25837],"product_tag":[],"class_list":{"0":"post-235090","1":"product","2":"type-product","3":"status-publish","4":"has-post-thumbnail","6":"product_cat-ropa","7":"pa_made-in-china","9":"first","10":"instock","11":"purchasable","12":"product-type-simple"},"supplier_id":null,"supplier_sku":"FFM-39","barcode":null,"atum_controlled":true,"out_stock_date":null,"out_stock_threshold":null,"inheritable":false,"inbound_stock":null,"stock_on_hold":0,"sold_today":0,"sales_last_days":0,"reserved_stock":null,"customer_returns":null,"warehouse_damage":null,"lost_in_post":null,"other_logs":null,"out_stock_days":0,"lost_sales":0,"has_location":null,"update_date":"2026-02-11T18:08:25","atum_locations":[],"atum_stock_status":"instock","restock_status":false,"low_stock_amount":"","sales_update_date":"2025-09-05T00:22:52","calc_backorders":null,"_links":{"self":[{"href":"https:\/\/aromasentia.com\/es\/wp-json\/wp\/v2\/product\/235090","targetHints":{"allow":["GET"]}}],"collection":[{"href":"https:\/\/aromasentia.com\/es\/wp-json\/wp\/v2\/product"}],"about":[{"href":"https:\/\/aromasentia.com\/es\/wp-json\/wp\/v2\/types\/product"}],"replies":[{"embeddable":true,"href":"https:\/\/aromasentia.com\/es\/wp-json\/wp\/v2\/comments?post=235090"}],"version-history":[{"count":0,"href":"https:\/\/aromasentia.com\/es\/wp-json\/wp\/v2\/product\/235090\/revisions"}],"wp:featuredmedia":[{"embeddable":true,"href":"https:\/\/aromasentia.com\/es\/wp-json\/wp\/v2\/media\/320907"}],"wp:attachment":[{"href":"https:\/\/aromasentia.com\/es\/wp-json\/wp\/v2\/media?parent=235090"}],"wp:term":[{"taxonomy":"product_brand","embeddable":true,"href":"https:\/\/aromasentia.com\/es\/wp-json\/wp\/v2\/product_brand?post=235090"},{"taxonomy":"product_cat","embeddable":true,"href":"https:\/\/aromasentia.com\/es\/wp-json\/wp\/v2\/product_cat?post=235090"},{"taxonomy":"product_tag","embeddable":true,"href":"https:\/\/aromasentia.com\/es\/wp-json\/wp\/v2\/product_tag?post=235090"}],"curies":[{"name":"wp","href":"https:\/\/api.w.org\/{rel}","templated":true}]}}