{"id":234946,"date":"2025-03-21T14:44:08","date_gmt":"2025-03-21T14:44:08","guid":{"rendered":"https:\/\/aromasentia.com\/product\/hemp-phone-tobacoo-anything-wrap-pouch-assorted\/"},"modified":"2025-12-30T21:48:23","modified_gmt":"2025-12-30T21:48:23","slug":"estuche-envolvente-de-canamo-para-telefono-tabaco-articulos-varios-variado","status":"publish","type":"product","link":"https:\/\/aromasentia.com\/es\/estuche-envolvente-de-canamo-para-telefono-tabaco-articulos-varios-variado\/","title":{"rendered":"Estuche Envolvente de C\u00e1\u00f1amo para Tel\u00e9fono\/Tabaco\/Art\u00edculos Varios (variado)"},"content":{"rendered":"<p>Asegura tus objetos peque\u00f1os de forma natural con esta Bolsa Envolvente de C\u00e1\u00f1amo para Tel\u00e9fono\/Tabaco\/Cualquier Cosa (surtida). Esta bolsa de dise\u00f1o inteligente, fabricada con c\u00e1\u00f1amo sostenible, tiene un cierre envolvente para que guardes tu tel\u00e9fono, tabaco u otros objetos de valor de forma \u00fanica y segura. Disponible en varios estilos, cada bolsa combina la practicidad con un encanto r\u00fastico y respetuoso con el medio ambiente. Un peque\u00f1o compa\u00f1ero perfecto para guardar tus objetos esenciales de forma segura y con estilo.<\/p>\n","protected":false},"excerpt":{"rendered":"<p>Asegura tus objetos peque\u00f1os de forma natural con esta Bolsa Envolvente de C\u00e1\u00f1amo para Tel\u00e9fono\/Tabaco\/Cualquier Cosa (surtida). Esta bolsa de dise\u00f1o inteligente, fabricada con c\u00e1\u00f1amo sostenible, tiene un cierre envolvente para que guardes tu tel\u00e9fono, tabaco u otros objetos de valor de forma \u00fanica y segura. Disponible en varios estilos, cada bolsa combina la practicidad [&hellip;]<\/p>\n","protected":false},"featured_media":322879,"comment_status":"closed","ping_status":"open","template":"","meta":{"_angie_page":false},"product_brand":[],"product_cat":[19726,19658],"product_tag":[],"class_list":{"0":"post-234946","1":"product","2":"type-product","3":"status-publish","4":"has-post-thumbnail","6":"product_cat-bolsas-de-algodon-nepal-y-bandoleras","7":"product_cat-bolsos-y-mochilas","8":"pa_collection-pure-hemp-and-cotton-bags-es","9":"pa_made-in-nepal","11":"first","12":"instock","13":"purchasable","14":"product-type-simple"},"supplier_id":null,"supplier_sku":"HempB-45","barcode":null,"atum_controlled":true,"out_stock_date":null,"out_stock_threshold":null,"inheritable":false,"inbound_stock":null,"stock_on_hold":0,"sold_today":0,"sales_last_days":0,"reserved_stock":null,"customer_returns":null,"warehouse_damage":null,"lost_in_post":null,"other_logs":null,"out_stock_days":0,"lost_sales":0,"has_location":null,"update_date":"2026-04-27T07:07:04","atum_locations":[],"atum_stock_status":"instock","restock_status":false,"low_stock_amount":"","sales_update_date":"2026-01-30T01:25:56","calc_backorders":null,"_links":{"self":[{"href":"https:\/\/aromasentia.com\/es\/wp-json\/wp\/v2\/product\/234946","targetHints":{"allow":["GET"]}}],"collection":[{"href":"https:\/\/aromasentia.com\/es\/wp-json\/wp\/v2\/product"}],"about":[{"href":"https:\/\/aromasentia.com\/es\/wp-json\/wp\/v2\/types\/product"}],"replies":[{"embeddable":true,"href":"https:\/\/aromasentia.com\/es\/wp-json\/wp\/v2\/comments?post=234946"}],"version-history":[{"count":0,"href":"https:\/\/aromasentia.com\/es\/wp-json\/wp\/v2\/product\/234946\/revisions"}],"wp:featuredmedia":[{"embeddable":true,"href":"https:\/\/aromasentia.com\/es\/wp-json\/wp\/v2\/media\/322879"}],"wp:attachment":[{"href":"https:\/\/aromasentia.com\/es\/wp-json\/wp\/v2\/media?parent=234946"}],"wp:term":[{"taxonomy":"product_brand","embeddable":true,"href":"https:\/\/aromasentia.com\/es\/wp-json\/wp\/v2\/product_brand?post=234946"},{"taxonomy":"product_cat","embeddable":true,"href":"https:\/\/aromasentia.com\/es\/wp-json\/wp\/v2\/product_cat?post=234946"},{"taxonomy":"product_tag","embeddable":true,"href":"https:\/\/aromasentia.com\/es\/wp-json\/wp\/v2\/product_tag?post=234946"}],"curies":[{"name":"wp","href":"https:\/\/api.w.org\/{rel}","templated":true}]}}