{"id":234926,"date":"2025-03-21T14:44:08","date_gmt":"2025-03-21T14:44:08","guid":{"rendered":"https:\/\/aromasentia.com\/product\/hemp-laptop-messenger-bag-curves\/"},"modified":"2025-12-30T21:48:15","modified_gmt":"2025-12-30T21:48:15","slug":"bolsa-para-portatil-de-canamo-curvas","status":"publish","type":"product","link":"https:\/\/aromasentia.com\/es\/bolsa-para-portatil-de-canamo-curvas\/","title":{"rendered":"Bolsa para Port\u00e1til de C\u00e1\u00f1amo &#8211; Curvas"},"content":{"rendered":"<p>Lleva tu tecnolog\u00eda con estilo con la bolsa Messenger para port\u00e1til de c\u00e1\u00f1amo &#8211; Curves. Esta elegante bandolera, fabricada en c\u00e1\u00f1amo duradero y ecol\u00f3gico, est\u00e1 dise\u00f1ada para transportar con seguridad tu port\u00e1til y tus objetos personales. El dise\u00f1o \u00abCurves\u00bb se refiere probablemente a su silueta suavizada y contempor\u00e1nea o a un estampado decorativo. Ofrece una forma c\u00f3moda, pr\u00e1ctica y sostenible de llevar tu equipo de trabajo o estudio, combinando una est\u00e9tica moderna con materiales naturales para el profesional o el estudiante concienciado.<\/p>\n","protected":false},"excerpt":{"rendered":"<p>Lleva tu tecnolog\u00eda con estilo con la bolsa Messenger para port\u00e1til de c\u00e1\u00f1amo &#8211; Curves. Esta elegante bandolera, fabricada en c\u00e1\u00f1amo duradero y ecol\u00f3gico, est\u00e1 dise\u00f1ada para transportar con seguridad tu port\u00e1til y tus objetos personales. El dise\u00f1o \u00abCurves\u00bb se refiere probablemente a su silueta suavizada y contempor\u00e1nea o a un estampado decorativo. Ofrece una [&hellip;]<\/p>\n","protected":false},"featured_media":322722,"comment_status":"closed","ping_status":"open","template":"","meta":{"_angie_page":false},"product_brand":[],"product_cat":[19726,19658],"product_tag":[],"class_list":{"0":"post-234926","1":"product","2":"type-product","3":"status-publish","4":"has-post-thumbnail","6":"product_cat-bolsas-de-algodon-nepal-y-bandoleras","7":"product_cat-bolsos-y-mochilas","8":"pa_collection-pure-hemp-and-cotton-bags-es","9":"pa_made-in-nepal","11":"first","12":"instock","13":"purchasable","14":"product-type-simple"},"supplier_id":null,"supplier_sku":"HempB-40","barcode":null,"atum_controlled":true,"out_stock_date":null,"out_stock_threshold":null,"inheritable":false,"inbound_stock":null,"stock_on_hold":0,"sold_today":0,"sales_last_days":0,"reserved_stock":null,"customer_returns":null,"warehouse_damage":null,"lost_in_post":null,"other_logs":null,"out_stock_days":0,"lost_sales":0,"has_location":null,"update_date":"2026-04-27T07:07:04","atum_locations":[],"atum_stock_status":"instock","restock_status":false,"low_stock_amount":"","sales_update_date":"2026-01-30T01:24:58","calc_backorders":null,"_links":{"self":[{"href":"https:\/\/aromasentia.com\/es\/wp-json\/wp\/v2\/product\/234926","targetHints":{"allow":["GET"]}}],"collection":[{"href":"https:\/\/aromasentia.com\/es\/wp-json\/wp\/v2\/product"}],"about":[{"href":"https:\/\/aromasentia.com\/es\/wp-json\/wp\/v2\/types\/product"}],"replies":[{"embeddable":true,"href":"https:\/\/aromasentia.com\/es\/wp-json\/wp\/v2\/comments?post=234926"}],"version-history":[{"count":0,"href":"https:\/\/aromasentia.com\/es\/wp-json\/wp\/v2\/product\/234926\/revisions"}],"wp:featuredmedia":[{"embeddable":true,"href":"https:\/\/aromasentia.com\/es\/wp-json\/wp\/v2\/media\/322722"}],"wp:attachment":[{"href":"https:\/\/aromasentia.com\/es\/wp-json\/wp\/v2\/media?parent=234926"}],"wp:term":[{"taxonomy":"product_brand","embeddable":true,"href":"https:\/\/aromasentia.com\/es\/wp-json\/wp\/v2\/product_brand?post=234926"},{"taxonomy":"product_cat","embeddable":true,"href":"https:\/\/aromasentia.com\/es\/wp-json\/wp\/v2\/product_cat?post=234926"},{"taxonomy":"product_tag","embeddable":true,"href":"https:\/\/aromasentia.com\/es\/wp-json\/wp\/v2\/product_tag?post=234926"}],"curies":[{"name":"wp","href":"https:\/\/api.w.org\/{rel}","templated":true}]}}