{"id":234918,"date":"2025-03-21T14:44:08","date_gmt":"2025-03-21T14:44:08","guid":{"rendered":"https:\/\/aromasentia.com\/product\/hemp-trekking-rolling-backpack-sage\/"},"modified":"2025-12-30T21:48:15","modified_gmt":"2025-12-30T21:48:15","slug":"mochila-de-trekking-de-canamo-salvia","status":"publish","type":"product","link":"https:\/\/aromasentia.com\/es\/mochila-de-trekking-de-canamo-salvia\/","title":{"rendered":"Mochila de Trekking de C\u00e1\u00f1amo &#8211; Salvia"},"content":{"rendered":"<p>Viaja con facilidad con la mochila Hemp Trekking Rolling Backpack &#8211; Sage. Esta vers\u00e1til mochila ofrece la comodidad de las ruedas para rodar suavemente por aeropuertos o calles de la ciudad, combinada con la opci\u00f3n de correas de mochila tradicionales para trekking. Fabricada con c\u00e1\u00f1amo resistente en un relajante color verde salvia, est\u00e1 dise\u00f1ada para el viajero aventurero. Su espacioso interior y su robusta construcci\u00f3n la convierten en una opci\u00f3n ecol\u00f3gica y muy pr\u00e1ctica para viajes largos y terrenos variados.<\/p>\n","protected":false},"excerpt":{"rendered":"<p>Viaja con facilidad con la mochila Hemp Trekking Rolling Backpack &#8211; Sage. Esta vers\u00e1til mochila ofrece la comodidad de las ruedas para rodar suavemente por aeropuertos o calles de la ciudad, combinada con la opci\u00f3n de correas de mochila tradicionales para trekking. Fabricada con c\u00e1\u00f1amo resistente en un relajante color verde salvia, est\u00e1 dise\u00f1ada para [&hellip;]<\/p>\n","protected":false},"featured_media":322648,"comment_status":"closed","ping_status":"open","template":"","meta":{"_angie_page":false},"product_brand":[],"product_cat":[19726,19658,25828],"product_tag":[],"class_list":{"0":"post-234918","1":"product","2":"type-product","3":"status-publish","4":"has-post-thumbnail","6":"product_cat-bolsas-de-algodon-nepal-y-bandoleras","7":"product_cat-bolsos-y-mochilas","8":"product_cat-mochilas","9":"pa_collection-pure-hemp-and-cotton-bags-es","10":"pa_made-in-nepal","12":"first","13":"instock","14":"purchasable","15":"product-type-simple"},"supplier_id":null,"supplier_sku":"HempB-38","barcode":null,"atum_controlled":true,"out_stock_date":null,"out_stock_threshold":null,"inheritable":false,"inbound_stock":null,"stock_on_hold":0,"sold_today":0,"sales_last_days":0,"reserved_stock":null,"customer_returns":null,"warehouse_damage":null,"lost_in_post":null,"other_logs":null,"out_stock_days":0,"lost_sales":0,"has_location":null,"update_date":"2026-04-27T07:07:04","atum_locations":[],"atum_stock_status":"instock","restock_status":false,"low_stock_amount":"","sales_update_date":"2026-01-30T01:24:59","calc_backorders":null,"_links":{"self":[{"href":"https:\/\/aromasentia.com\/es\/wp-json\/wp\/v2\/product\/234918","targetHints":{"allow":["GET"]}}],"collection":[{"href":"https:\/\/aromasentia.com\/es\/wp-json\/wp\/v2\/product"}],"about":[{"href":"https:\/\/aromasentia.com\/es\/wp-json\/wp\/v2\/types\/product"}],"replies":[{"embeddable":true,"href":"https:\/\/aromasentia.com\/es\/wp-json\/wp\/v2\/comments?post=234918"}],"version-history":[{"count":0,"href":"https:\/\/aromasentia.com\/es\/wp-json\/wp\/v2\/product\/234918\/revisions"}],"wp:featuredmedia":[{"embeddable":true,"href":"https:\/\/aromasentia.com\/es\/wp-json\/wp\/v2\/media\/322648"}],"wp:attachment":[{"href":"https:\/\/aromasentia.com\/es\/wp-json\/wp\/v2\/media?parent=234918"}],"wp:term":[{"taxonomy":"product_brand","embeddable":true,"href":"https:\/\/aromasentia.com\/es\/wp-json\/wp\/v2\/product_brand?post=234918"},{"taxonomy":"product_cat","embeddable":true,"href":"https:\/\/aromasentia.com\/es\/wp-json\/wp\/v2\/product_cat?post=234918"},{"taxonomy":"product_tag","embeddable":true,"href":"https:\/\/aromasentia.com\/es\/wp-json\/wp\/v2\/product_tag?post=234918"}],"curies":[{"name":"wp","href":"https:\/\/api.w.org\/{rel}","templated":true}]}}