{"id":234914,"date":"2025-03-21T14:44:08","date_gmt":"2025-03-21T14:44:08","guid":{"rendered":"https:\/\/aromasentia.com\/product\/hemp-adventure-backpack-kathmandu\/"},"modified":"2025-12-30T21:48:15","modified_gmt":"2025-12-30T21:48:15","slug":"mochila-de-aventuras-de-canamo-katmandu","status":"publish","type":"product","link":"https:\/\/aromasentia.com\/es\/mochila-de-aventuras-de-canamo-katmandu\/","title":{"rendered":"Mochila de Aventuras de C\u00e1\u00f1amo &#8211; Katmand\u00fa"},"content":{"rendered":"<p>Explora el mundo con la mochila Hemp Adventure Backpack &#8211; Katmand\u00fa. Inspirada en el vibrante esp\u00edritu de la capital de Nepal, esta mochila est\u00e1 fabricada con c\u00e1\u00f1amo resistente y sostenible, lista para tus exploraciones urbanas o al aire libre. Espera un dise\u00f1o centrado en la practicidad, con amplio espacio de almacenamiento y c\u00f3modas caracter\u00edsticas de transporte. Su aspecto de inspiraci\u00f3n \u00e9tnica o natural la convierte en una elecci\u00f3n \u00fanica y ecol\u00f3gica para viajeros y aventureros que valoran la durabilidad y un toque de estilo global.<\/p>\n","protected":false},"excerpt":{"rendered":"<p>Explora el mundo con la mochila Hemp Adventure Backpack &#8211; Katmand\u00fa. Inspirada en el vibrante esp\u00edritu de la capital de Nepal, esta mochila est\u00e1 fabricada con c\u00e1\u00f1amo resistente y sostenible, lista para tus exploraciones urbanas o al aire libre. Espera un dise\u00f1o centrado en la practicidad, con amplio espacio de almacenamiento y c\u00f3modas caracter\u00edsticas de [&hellip;]<\/p>\n","protected":false},"featured_media":322631,"comment_status":"closed","ping_status":"open","template":"","meta":{"_angie_page":false},"product_brand":[],"product_cat":[19726,19658,25828],"product_tag":[],"class_list":{"0":"post-234914","1":"product","2":"type-product","3":"status-publish","4":"has-post-thumbnail","6":"product_cat-bolsas-de-algodon-nepal-y-bandoleras","7":"product_cat-bolsos-y-mochilas","8":"product_cat-mochilas","9":"pa_collection-pure-hemp-and-cotton-bags-es","10":"pa_made-in-nepal","12":"first","13":"instock","14":"purchasable","15":"product-type-simple"},"supplier_id":null,"supplier_sku":"HempB-37","barcode":null,"atum_controlled":true,"out_stock_date":null,"out_stock_threshold":null,"inheritable":false,"inbound_stock":null,"stock_on_hold":0,"sold_today":0,"sales_last_days":0,"reserved_stock":null,"customer_returns":null,"warehouse_damage":null,"lost_in_post":null,"other_logs":null,"out_stock_days":0,"lost_sales":0,"has_location":null,"update_date":"2026-04-30T13:08:10","atum_locations":[],"atum_stock_status":"instock","restock_status":false,"low_stock_amount":"","sales_update_date":"2026-01-30T01:24:52","calc_backorders":null,"_links":{"self":[{"href":"https:\/\/aromasentia.com\/es\/wp-json\/wp\/v2\/product\/234914","targetHints":{"allow":["GET"]}}],"collection":[{"href":"https:\/\/aromasentia.com\/es\/wp-json\/wp\/v2\/product"}],"about":[{"href":"https:\/\/aromasentia.com\/es\/wp-json\/wp\/v2\/types\/product"}],"replies":[{"embeddable":true,"href":"https:\/\/aromasentia.com\/es\/wp-json\/wp\/v2\/comments?post=234914"}],"version-history":[{"count":0,"href":"https:\/\/aromasentia.com\/es\/wp-json\/wp\/v2\/product\/234914\/revisions"}],"wp:featuredmedia":[{"embeddable":true,"href":"https:\/\/aromasentia.com\/es\/wp-json\/wp\/v2\/media\/322631"}],"wp:attachment":[{"href":"https:\/\/aromasentia.com\/es\/wp-json\/wp\/v2\/media?parent=234914"}],"wp:term":[{"taxonomy":"product_brand","embeddable":true,"href":"https:\/\/aromasentia.com\/es\/wp-json\/wp\/v2\/product_brand?post=234914"},{"taxonomy":"product_cat","embeddable":true,"href":"https:\/\/aromasentia.com\/es\/wp-json\/wp\/v2\/product_cat?post=234914"},{"taxonomy":"product_tag","embeddable":true,"href":"https:\/\/aromasentia.com\/es\/wp-json\/wp\/v2\/product_tag?post=234914"}],"curies":[{"name":"wp","href":"https:\/\/api.w.org\/{rel}","templated":true}]}}